{"id":11,"date":"2015-01-30T17:03:55","date_gmt":"2015-01-30T17:03:55","guid":{"rendered":"http:\/\/jaguar.uma.pt\/turismo\/?page_id=11"},"modified":"2020-07-31T16:36:05","modified_gmt":"2020-07-31T16:36:05","slug":"formacao-executivos-gestao-do-turismo","status":"publish","type":"page","link":"https:\/\/turismo.uma.pt\/?page_id=11","title":{"rendered":"Forma\u00e7\u00e3o para Executivos em Gest\u00e3o do Turismo"},"content":{"rendered":"<p>\t\t\t\t<img loading=\"lazy\" decoding=\"async\" src=\"https:\/\/turismo.uma.pt\/wp-content\/uploads\/2020\/03\/Forma\u00e7\u00e3o-para-Executivos_Imagem2.png\" alt=\"Forma\u00e7\u00e3o para Executivos_Imagem2\" itemprop=\"image\" height=\"436\" width=\"1192\" title=\"Forma\u00e7\u00e3o para Executivos_Imagem2\"  \/><\/p>\n<p>&nbsp;<\/p>\n<p><em><strong>WORKSHOPS<\/strong><\/em><\/p>\n<p>Setembro 2020<\/p>\n<p>Coordenados pelo Professor Doutor Josep Francesc Valls Gimenez\u00a0<\/p>\n<figure id=\"attachment_3917\" aria-describedby=\"caption-attachment-3917\" style=\"width: 210px\" class=\"wp-caption alignleft\"><a href=\"http:\/\/turismo.uma.pt\/wp-content\/uploads\/2020\/07\/unnamed-1.jpg\"><img loading=\"lazy\" decoding=\"async\" src=\"http:\/\/turismo.uma.pt\/wp-content\/uploads\/2020\/07\/unnamed-1.jpg\" alt=\"\" width=\"210\" height=\"277\" \/><\/a><figcaption id=\"caption-attachment-3917\" class=\"wp-caption-text\">Professor Doutor Josep Francesc Valls Gimenez<\/figcaption><\/figure>\n<p>Doutorado em Ci\u00eancias da Informa\u00e7\u00e3o pela Universidade Aut\u00f3noma de Barcelona, Mestre em Estudos Europeus, pelo<br \/>\nCentre de Perfectionnement des Journalistes e licenciado em Ci\u00eancias da Informa\u00e7\u00e3o, pela Universidade Aut\u00f3noma de<br \/>\nBarcelona e em Geografia e Hist\u00f3ria, pela Universidade de Barcelona.<br \/>\nFundador e diretor do Centro de Dire\u00e7\u00e3o Tur\u00edstica da ESADE.<br \/>\nComo consultor colaborou com o Instituto Com\u00e9rcio Exterior de Espa\u00f1a (ICEX), com o Consejo Superior de Camaras de<br \/>\nEspa\u00f1a, com a Secretaria de Estado de Turismo de Espanha, com os Governos Aut\u00f3nomos da Catalunha, de Andaluzia e da<br \/>\nEstremadura, com a Agencia Espa\u00f1ola de Cooperaci\u00f3n Internacional (AECI), com a Comiss\u00e3o de Promo\u00e7\u00e3o do Peru para a<br \/>\nExporta\u00e7\u00e3o e Turismo (PromPer\u00fa), com o Instituto Nacional de Turismo da Venezuela (INATUR) e com os Estados do<br \/>\nNordeste do Brasil. \u00c9 tamb\u00e9m Vice-Presidente da Association Internationale d&#8217;experts Scientifiques du Tourisme (AECIT) e<br \/>\nmembro da AEIST.<\/p>\n<p>Executivos convidados<\/p>\n<p>&nbsp;<\/p>\n<p>&nbsp;<\/p>\n<p>Inscri\u00e7\u00e3o:\u00a0<a href=\"https:\/\/docs.google.com\/forms\/d\/1LRyjItkNkA1prnV00I0HYrvP2PLEzjfLW18QtuVDsAI\/edit\">https:\/\/docs.google.com\/forms\/d\/1LRyjItkNkA1prnV00I0HYrvP2PLEzjfLW18QtuVDsAI\/edit<\/a><\/p>\n<p>&nbsp;<\/p>\n<p>\t\t\t<a href=\"https:\/\/turismo.uma.pt\/wp-content\/uploads\/2020\/07\/workshop-finalissimo.pdf\" target=\"_self\" role=\"button\"><br \/>\n\t\t\t\t\t\tDownload da Brochura<br \/>\n\t\t\t\t\t<\/a><\/p>\n<p>Atendendo \u00e0s medidas de conten\u00e7\u00e3o para a preven\u00e7\u00e3o e controlo de infe\u00e7\u00e3o por novo Coronav\u00edrus (COVID-19), a realiza\u00e7\u00e3o do 3\u00ba curso da Forma\u00e7\u00e3o para Executivos em Gest\u00e3o do Turismo, agendado para 25 de mar\u00e7o de 2020, no Edif\u00edcio da Reitoria da UMa, foi\u00a0<strong>CANCELADO<\/strong>.<\/p>\n<p><strong>Edi\u00e7\u00e3o 2019\/2020<\/strong><\/p>\n<p><strong>OBJETIVOS<\/strong><br \/>\n  Apresentar\u00a0as t\u00e9cnicas de gest\u00e3o aplicadas em empresas\/neg\u00f3cios do sector do turismo e dotar os participantes de\u00a0conhecimentos b\u00e1sicos para a melhoria da competitividade de empresas.<\/p>\n<p>&nbsp;<\/p>\n<p><strong>DESTINAT\u00c1RIOS<\/strong><br \/>\n  Quadros\u00a0m\u00e9dios ou superiores de empresas ou de organiza\u00e7\u00f5es do sector do turismo, com ou sem forma\u00e7\u00e3o acad\u00e9mica\u00a0superior, que pretendam adquirir conhecimentos em t\u00e9cnicas de gest\u00e3o aplicadas. Os que tenham alguma ideia de\u00a0neg\u00f3cio pendente, que queiram acelerar e melhorar o desenvolvimento de seu plano de neg\u00f3cios e test\u00e1-lo com\u00a0especialistas do setor.<\/p>\n<p>&nbsp;<\/p>\n<p><strong>FORMATO<\/strong><br \/>\n 1 dia | 9h \u00e0s 18h, com interrup\u00e7\u00e3o para almo\u00e7o e coffee breaks;<br \/>\n Professor internacional;<br \/>\n Executivo convidado;<br \/>\n Estudos de caso;<br \/>\n Certificado de participa\u00e7\u00e3o.<\/p>\n<p>\t\t\t<a href=\"https:\/\/turismo.uma.pt\/wp-content\/uploads\/2020\/07\/FEX2019-4.pdf\" target=\"_self\" role=\"button\"><br \/>\n\t\t\t\t\t\tDownload da Brochura<br \/>\n\t\t\t\t\t<\/a><br \/>\n\t\t\t<a href=\"https:\/\/docs.google.com\/forms\/d\/e\/1FAIpQLSfTdwWOXkp7kMsxEQYR42BumDtTxtJpw-Tl0HoedFHJCYcp1Q\/viewform\" target=\"_blank\" role=\"button\" rel=\"noopener\" ><br \/>\n\t\t\t\t\t\tFormul\u00e1rio de Candidatura<br \/>\n\t\t\t\t\t<\/a><\/p>\n<h2>\n\t\tExecutivos Convidados<br \/>\n\t<\/h2>\n<h2>\n\t\tDatas<br \/>\n\t<\/h2>\n<h2>\n\t\t26 de Setembro de 2019<br \/>\n\t<\/h2>\n<p>&nbsp;<\/p>\n<p><em>Paradigm Change: Big Data, Artificial Intelligence and Internet of Things<\/em>\n<\/p>\n<h2>\n\t\t17 de Outubro de 2019<br \/>\n\t<\/h2>\n<p>&nbsp;<\/p>\n<p><em>Future Trends in Tourism<\/em><\/p>\n<p><h2>\n\t\t25 de Mar\u00e7o de 2020<br \/>\n\t<\/h2>\n<p>&nbsp;<\/p>\n<p><em>Business Model Innovation: From the first business plan to your new business plan in tourism<\/em><\/p>\n<p>Devido \u00e0s medidas de preven\u00e7\u00e3o de infec\u00e7\u00e3o por novo coronav\u00edrus, o curso foi cancelado.<\/p>\n<p>\t\t\t<a href=\"https:\/\/docs.google.com\/forms\/d\/e\/1FAIpQLSfTdwWOXkp7kMsxEQYR42BumDtTxtJpw-Tl0HoedFHJCYcp1Q\/viewform\" target=\"_blank\" role=\"button\" rel=\"noopener\" ><br \/>\n\t\t\t\t\t\tFormul\u00e1rio de Candidatura<br \/>\n\t\t\t\t\t<\/a><br \/>\n\t\t\t<a href=\"https:\/\/turismo.uma.pt\/wp-content\/uploads\/2020\/07\/FEX2019-2.pdf\" target=\"_self\" role=\"button\"><br \/>\n\t\t\t\t\t\tDownload da Brochura<br \/>\n\t\t\t\t\t<\/a><br \/>\n\t<iframe src=\"https:\/\/www.google.com\/maps\/embed\/v1\/place?key=AIzaSyD09zQ9PNDNNy9TadMuzRV_UsPUoWKntt8&#038;q=Col%C3%A9gio+dos+Jesu%C3%ADtas+%E2%80%93+Rua+dos+Ferreiros%0A%0A9000-082%0A%0AFunchal+-+Madeira+-+Portugal\"><\/iframe><\/p>\n<h5>\n\t\tEmail: turismo@mail.uma.pt<br \/>\n\t<\/h5>\n<h5>\n\t\tContacto: 291 209 400<br \/>\n\t<\/h5>\n<p>Com o apoio de:<\/p>\n<p>&nbsp;<\/p>\n<p>\t\t\t\t<img loading=\"lazy\" decoding=\"async\" src=\"https:\/\/turismo.uma.pt\/wp-content\/uploads\/2019\/03\/Santander.png\" alt=\"Santander\" itemprop=\"image\" height=\"94\" width=\"537\" title=\"Santander\"  \/><\/p>\n<p>Em pareceria com:<\/p>\n<p>\t\t\t\t<img loading=\"lazy\" decoding=\"async\" src=\"https:\/\/turismo.uma.pt\/wp-content\/uploads\/2015\/02\/ACIF_Logo-163x300.jpg\" alt=\"ACIF_Logo\" itemprop=\"image\" height=\"300\" width=\"163\" title=\"ACIF_Logo\"  \/><br \/>\n\t\t\t\t<img loading=\"lazy\" decoding=\"async\" src=\"https:\/\/turismo.uma.pt\/wp-content\/uploads\/2019\/03\/DRM-OE.jpg\" alt=\"DRM-OE\" itemprop=\"image\" height=\"322\" width=\"255\" title=\"DRM-OE\"  \/><\/p>\n","protected":false},"excerpt":{"rendered":"<p>&nbsp; WORKSHOPS Setembro 2020 Coordenados pelo Professor Doutor Josep Francesc Valls Gimenez\u00a0 Doutorado em Ci\u00eancias da Informa\u00e7\u00e3o pela Universidade Aut\u00f3noma de Barcelona, Mestre em Estudos Europeus, pelo Centre de Perfectionnement des Journalistes e licenciado em Ci\u00eancias da Informa\u00e7\u00e3o, pela Universidade Aut\u00f3noma de Barcelona e em Geografia e Hist\u00f3ria, pela Universidade de Barcelona. Fundador e diretor&hellip;<\/p>\n","protected":false},"author":1,"featured_media":0,"parent":0,"menu_order":0,"comment_status":"closed","ping_status":"closed","template":"fullwidth.php","meta":{"_monsterinsights_skip_tracking":false,"_monsterinsights_sitenote_active":false,"_monsterinsights_sitenote_note":"","_monsterinsights_sitenote_category":0,"_mc_calendar":[],"footnotes":""},"class_list":["post-11","page","type-page","status-publish","hentry"],"yoast_head":"<!-- This site is optimized with the Yoast SEO plugin v27.4 - https:\/\/yoast.com\/product\/yoast-seo-wordpress\/ -->\n<title>Forma\u00e7\u00e3o para Executivos | Universidade da Madeira<\/title>\n<meta name=\"description\" content=\"Forma\u00e7\u00e3o para Executivos em Gest\u00e3o do Turismo &#039;19 - Universidade da Madeira - 1\u00ba Curso, a 26 de setembro - Paradigm Change: Big Data, Artificial Intelligence e Internet of Things. 2\u00ba Curso, a 17 de outubro - Future Trends in Tourism. 3\u00ba Curso, em novembro - Business Model Innovation: From the first business plan to you\" \/>\n<meta name=\"robots\" content=\"index, follow, max-snippet:-1, max-image-preview:large, max-video-preview:-1\" \/>\n<link rel=\"canonical\" href=\"https:\/\/turismo.uma.pt\/?page_id=11\" \/>\n<meta property=\"og:locale\" content=\"pt_PT\" \/>\n<meta property=\"og:type\" content=\"article\" \/>\n<meta property=\"og:title\" content=\"Forma\u00e7\u00e3o para Executivos | Universidade da Madeira\" \/>\n<meta property=\"og:description\" content=\"Forma\u00e7\u00e3o para Executivos em Gest\u00e3o do Turismo &#039;19 - Universidade da Madeira - 1\u00ba Curso, a 26 de setembro - Paradigm Change: Big Data, Artificial Intelligence e Internet of Things. 2\u00ba Curso, a 17 de outubro - Future Trends in Tourism. 3\u00ba Curso, em novembro - Business Model Innovation: From the first business plan to you\" \/>\n<meta property=\"og:url\" content=\"https:\/\/turismo.uma.pt\/?page_id=11\" \/>\n<meta property=\"og:site_name\" content=\"Projeto Turismo\" \/>\n<meta property=\"article:modified_time\" content=\"2020-07-31T16:36:05+00:00\" \/>\n<meta property=\"og:image\" content=\"https:\/\/turismo.uma.pt\/wp-content\/uploads\/2020\/03\/Forma\u00e7\u00e3o-para-Executivos_Imagem2.png\" \/>\n<meta name=\"twitter:card\" content=\"summary_large_image\" \/>\n<meta name=\"twitter:label1\" content=\"Tempo estimado de leitura\" \/>\n\t<meta name=\"twitter:data1\" content=\"2 minutos\" \/>\n<script type=\"application\/ld+json\" class=\"yoast-schema-graph\">{\"@context\":\"https:\\\/\\\/schema.org\",\"@graph\":[{\"@type\":\"WebPage\",\"@id\":\"https:\\\/\\\/turismo.uma.pt\\\/?page_id=11\",\"url\":\"https:\\\/\\\/turismo.uma.pt\\\/?page_id=11\",\"name\":\"Forma\u00e7\u00e3o para Executivos | Universidade da Madeira\",\"isPartOf\":{\"@id\":\"https:\\\/\\\/turismo.uma.pt\\\/#website\"},\"primaryImageOfPage\":{\"@id\":\"https:\\\/\\\/turismo.uma.pt\\\/?page_id=11#primaryimage\"},\"image\":{\"@id\":\"https:\\\/\\\/turismo.uma.pt\\\/?page_id=11#primaryimage\"},\"thumbnailUrl\":\"http:\\\/\\\/turismo.uma.pt\\\/wp-content\\\/uploads\\\/2020\\\/07\\\/unnamed-1.jpg\",\"datePublished\":\"2015-01-30T17:03:55+00:00\",\"dateModified\":\"2020-07-31T16:36:05+00:00\",\"description\":\"Forma\u00e7\u00e3o para Executivos em Gest\u00e3o do Turismo '19 - Universidade da Madeira - 1\u00ba Curso, a 26 de setembro - Paradigm Change: Big Data, Artificial Intelligence e Internet of Things. 2\u00ba Curso, a 17 de outubro - Future Trends in Tourism. 3\u00ba Curso, em novembro - Business Model Innovation: From the first business plan to you\",\"inLanguage\":\"pt-PT\",\"potentialAction\":[{\"@type\":\"ReadAction\",\"target\":[\"https:\\\/\\\/turismo.uma.pt\\\/?page_id=11\"]}]},{\"@type\":\"ImageObject\",\"inLanguage\":\"pt-PT\",\"@id\":\"https:\\\/\\\/turismo.uma.pt\\\/?page_id=11#primaryimage\",\"url\":\"http:\\\/\\\/turismo.uma.pt\\\/wp-content\\\/uploads\\\/2020\\\/07\\\/unnamed-1.jpg\",\"contentUrl\":\"http:\\\/\\\/turismo.uma.pt\\\/wp-content\\\/uploads\\\/2020\\\/07\\\/unnamed-1.jpg\"},{\"@type\":\"WebSite\",\"@id\":\"https:\\\/\\\/turismo.uma.pt\\\/#website\",\"url\":\"https:\\\/\\\/turismo.uma.pt\\\/\",\"name\":\"Projeto Turismo\",\"description\":\"Universidade da Madeira\",\"potentialAction\":[{\"@type\":\"SearchAction\",\"target\":{\"@type\":\"EntryPoint\",\"urlTemplate\":\"https:\\\/\\\/turismo.uma.pt\\\/?s={search_term_string}\"},\"query-input\":{\"@type\":\"PropertyValueSpecification\",\"valueRequired\":true,\"valueName\":\"search_term_string\"}}],\"inLanguage\":\"pt-PT\"}]}<\/script>\n<!-- \/ Yoast SEO plugin. -->","yoast_head_json":{"title":"Forma\u00e7\u00e3o para Executivos | Universidade da Madeira","description":"Forma\u00e7\u00e3o para Executivos em Gest\u00e3o do Turismo '19 - Universidade da Madeira - 1\u00ba Curso, a 26 de setembro - Paradigm Change: Big Data, Artificial Intelligence e Internet of Things. 2\u00ba Curso, a 17 de outubro - Future Trends in Tourism. 3\u00ba Curso, em novembro - Business Model Innovation: From the first business plan to you","robots":{"index":"index","follow":"follow","max-snippet":"max-snippet:-1","max-image-preview":"max-image-preview:large","max-video-preview":"max-video-preview:-1"},"canonical":"https:\/\/turismo.uma.pt\/?page_id=11","og_locale":"pt_PT","og_type":"article","og_title":"Forma\u00e7\u00e3o para Executivos | Universidade da Madeira","og_description":"Forma\u00e7\u00e3o para Executivos em Gest\u00e3o do Turismo '19 - Universidade da Madeira - 1\u00ba Curso, a 26 de setembro - Paradigm Change: Big Data, Artificial Intelligence e Internet of Things. 2\u00ba Curso, a 17 de outubro - Future Trends in Tourism. 3\u00ba Curso, em novembro - Business Model Innovation: From the first business plan to you","og_url":"https:\/\/turismo.uma.pt\/?page_id=11","og_site_name":"Projeto Turismo","article_modified_time":"2020-07-31T16:36:05+00:00","og_image":[{"url":"https:\/\/turismo.uma.pt\/wp-content\/uploads\/2020\/03\/Forma\u00e7\u00e3o-para-Executivos_Imagem2.png","type":"","width":"","height":""}],"twitter_card":"summary_large_image","twitter_misc":{"Tempo estimado de leitura":"2 minutos"},"schema":{"@context":"https:\/\/schema.org","@graph":[{"@type":"WebPage","@id":"https:\/\/turismo.uma.pt\/?page_id=11","url":"https:\/\/turismo.uma.pt\/?page_id=11","name":"Forma\u00e7\u00e3o para Executivos | Universidade da Madeira","isPartOf":{"@id":"https:\/\/turismo.uma.pt\/#website"},"primaryImageOfPage":{"@id":"https:\/\/turismo.uma.pt\/?page_id=11#primaryimage"},"image":{"@id":"https:\/\/turismo.uma.pt\/?page_id=11#primaryimage"},"thumbnailUrl":"http:\/\/turismo.uma.pt\/wp-content\/uploads\/2020\/07\/unnamed-1.jpg","datePublished":"2015-01-30T17:03:55+00:00","dateModified":"2020-07-31T16:36:05+00:00","description":"Forma\u00e7\u00e3o para Executivos em Gest\u00e3o do Turismo '19 - Universidade da Madeira - 1\u00ba Curso, a 26 de setembro - Paradigm Change: Big Data, Artificial Intelligence e Internet of Things. 2\u00ba Curso, a 17 de outubro - Future Trends in Tourism. 3\u00ba Curso, em novembro - Business Model Innovation: From the first business plan to you","inLanguage":"pt-PT","potentialAction":[{"@type":"ReadAction","target":["https:\/\/turismo.uma.pt\/?page_id=11"]}]},{"@type":"ImageObject","inLanguage":"pt-PT","@id":"https:\/\/turismo.uma.pt\/?page_id=11#primaryimage","url":"http:\/\/turismo.uma.pt\/wp-content\/uploads\/2020\/07\/unnamed-1.jpg","contentUrl":"http:\/\/turismo.uma.pt\/wp-content\/uploads\/2020\/07\/unnamed-1.jpg"},{"@type":"WebSite","@id":"https:\/\/turismo.uma.pt\/#website","url":"https:\/\/turismo.uma.pt\/","name":"Projeto Turismo","description":"Universidade da Madeira","potentialAction":[{"@type":"SearchAction","target":{"@type":"EntryPoint","urlTemplate":"https:\/\/turismo.uma.pt\/?s={search_term_string}"},"query-input":{"@type":"PropertyValueSpecification","valueRequired":true,"valueName":"search_term_string"}}],"inLanguage":"pt-PT"}]}},"_links":{"self":[{"href":"https:\/\/turismo.uma.pt\/index.php?rest_route=\/wp\/v2\/pages\/11","targetHints":{"allow":["GET"]}}],"collection":[{"href":"https:\/\/turismo.uma.pt\/index.php?rest_route=\/wp\/v2\/pages"}],"about":[{"href":"https:\/\/turismo.uma.pt\/index.php?rest_route=\/wp\/v2\/types\/page"}],"author":[{"embeddable":true,"href":"https:\/\/turismo.uma.pt\/index.php?rest_route=\/wp\/v2\/users\/1"}],"replies":[{"embeddable":true,"href":"https:\/\/turismo.uma.pt\/index.php?rest_route=%2Fwp%2Fv2%2Fcomments&post=11"}],"version-history":[{"count":120,"href":"https:\/\/turismo.uma.pt\/index.php?rest_route=\/wp\/v2\/pages\/11\/revisions"}],"predecessor-version":[{"id":3935,"href":"https:\/\/turismo.uma.pt\/index.php?rest_route=\/wp\/v2\/pages\/11\/revisions\/3935"}],"wp:attachment":[{"href":"https:\/\/turismo.uma.pt\/index.php?rest_route=%2Fwp%2Fv2%2Fmedia&parent=11"}],"curies":[{"name":"wp","href":"https:\/\/api.w.org\/{rel}","templated":true}]}}