{"id":1135,"date":"2017-05-18T14:25:02","date_gmt":"2017-05-18T14:25:02","guid":{"rendered":"http:\/\/turismo.uma.pt\/?page_id=1135"},"modified":"2017-12-14T17:26:16","modified_gmt":"2017-12-14T17:26:16","slug":"material-3a-edicao","status":"publish","type":"page","link":"https:\/\/turismo.uma.pt\/?page_id=1135","title":{"rendered":"Material 3\u00aa Edi\u00e7\u00e3o"},"content":{"rendered":"<ul>\n<li><span style=\"font-size: 12pt;\"><a title=\"Programa Geral\" href=\"http:\/\/turismo.uma.pt\/?page_id=1139\">Programa Geral<\/a><\/span><\/li>\n<li><span style=\"font-size: 12pt;\"><a title=\"Programa Avan\u00e7ado\" href=\"http:\/\/turismo.uma.pt\/?page_id=1142\">Programa Avan\u00e7ado<\/a><\/span><\/li>\n<\/ul>\n","protected":false},"excerpt":{"rendered":"<p>Programa Geral Programa Avan\u00e7ado<\/p>\n","protected":false},"author":1,"featured_media":0,"parent":883,"menu_order":0,"comment_status":"closed","ping_status":"open","template":"","meta":{"_monsterinsights_skip_tracking":false,"_monsterinsights_sitenote_active":false,"_monsterinsights_sitenote_note":"","_monsterinsights_sitenote_category":0,"_mc_calendar":[]},"yoast_head":"<!-- This site is optimized with the Yoast SEO plugin v21.1 - https:\/\/yoast.com\/wordpress\/plugins\/seo\/ -->\n<title>Material 3\u00aa Edi\u00e7\u00e3o - Projeto Turismo<\/title>\n<meta name=\"robots\" content=\"index, follow, max-snippet:-1, max-image-preview:large, max-video-preview:-1\" \/>\n<link rel=\"canonical\" href=\"https:\/\/turismo.uma.pt\/?page_id=1135\" \/>\n<meta property=\"og:locale\" content=\"pt_PT\" \/>\n<meta property=\"og:type\" content=\"article\" \/>\n<meta property=\"og:title\" content=\"Material 3\u00aa Edi\u00e7\u00e3o - Projeto Turismo\" \/>\n<meta property=\"og:description\" content=\"Programa Geral Programa Avan\u00e7ado\" \/>\n<meta property=\"og:url\" content=\"https:\/\/turismo.uma.pt\/?page_id=1135\" \/>\n<meta property=\"og:site_name\" content=\"Projeto Turismo\" \/>\n<meta property=\"article:modified_time\" content=\"2017-12-14T17:26:16+00:00\" \/>\n<meta name=\"twitter:card\" content=\"summary_large_image\" \/>\n<script type=\"application\/ld+json\" class=\"yoast-schema-graph\">{\"@context\":\"https:\/\/schema.org\",\"@graph\":[{\"@type\":\"WebPage\",\"@id\":\"https:\/\/turismo.uma.pt\/?page_id=1135\",\"url\":\"https:\/\/turismo.uma.pt\/?page_id=1135\",\"name\":\"Material 3\u00aa Edi\u00e7\u00e3o - Projeto Turismo\",\"isPartOf\":{\"@id\":\"https:\/\/turismo.uma.pt\/#website\"},\"datePublished\":\"2017-05-18T14:25:02+00:00\",\"dateModified\":\"2017-12-14T17:26:16+00:00\",\"breadcrumb\":{\"@id\":\"https:\/\/turismo.uma.pt\/?page_id=1135#breadcrumb\"},\"inLanguage\":\"pt-PT\",\"potentialAction\":[{\"@type\":\"ReadAction\",\"target\":[\"https:\/\/turismo.uma.pt\/?page_id=1135\"]}]},{\"@type\":\"BreadcrumbList\",\"@id\":\"https:\/\/turismo.uma.pt\/?page_id=1135#breadcrumb\",\"itemListElement\":[{\"@type\":\"ListItem\",\"position\":1,\"name\":\"Acesso restrito\",\"item\":\"https:\/\/turismo.uma.pt\/?page_id=883\"},{\"@type\":\"ListItem\",\"position\":2,\"name\":\"Material 3\u00aa Edi\u00e7\u00e3o\"}]},{\"@type\":\"WebSite\",\"@id\":\"https:\/\/turismo.uma.pt\/#website\",\"url\":\"https:\/\/turismo.uma.pt\/\",\"name\":\"Projeto Turismo\",\"description\":\"Universidade da Madeira\",\"potentialAction\":[{\"@type\":\"SearchAction\",\"target\":{\"@type\":\"EntryPoint\",\"urlTemplate\":\"https:\/\/turismo.uma.pt\/?s={search_term_string}\"},\"query-input\":\"required name=search_term_string\"}],\"inLanguage\":\"pt-PT\"}]}<\/script>\n<!-- \/ Yoast SEO plugin. -->","yoast_head_json":{"title":"Material 3\u00aa Edi\u00e7\u00e3o - Projeto Turismo","robots":{"index":"index","follow":"follow","max-snippet":"max-snippet:-1","max-image-preview":"max-image-preview:large","max-video-preview":"max-video-preview:-1"},"canonical":"https:\/\/turismo.uma.pt\/?page_id=1135","og_locale":"pt_PT","og_type":"article","og_title":"Material 3\u00aa Edi\u00e7\u00e3o - Projeto Turismo","og_description":"Programa Geral Programa Avan\u00e7ado","og_url":"https:\/\/turismo.uma.pt\/?page_id=1135","og_site_name":"Projeto Turismo","article_modified_time":"2017-12-14T17:26:16+00:00","twitter_card":"summary_large_image","schema":{"@context":"https:\/\/schema.org","@graph":[{"@type":"WebPage","@id":"https:\/\/turismo.uma.pt\/?page_id=1135","url":"https:\/\/turismo.uma.pt\/?page_id=1135","name":"Material 3\u00aa Edi\u00e7\u00e3o - Projeto Turismo","isPartOf":{"@id":"https:\/\/turismo.uma.pt\/#website"},"datePublished":"2017-05-18T14:25:02+00:00","dateModified":"2017-12-14T17:26:16+00:00","breadcrumb":{"@id":"https:\/\/turismo.uma.pt\/?page_id=1135#breadcrumb"},"inLanguage":"pt-PT","potentialAction":[{"@type":"ReadAction","target":["https:\/\/turismo.uma.pt\/?page_id=1135"]}]},{"@type":"BreadcrumbList","@id":"https:\/\/turismo.uma.pt\/?page_id=1135#breadcrumb","itemListElement":[{"@type":"ListItem","position":1,"name":"Acesso restrito","item":"https:\/\/turismo.uma.pt\/?page_id=883"},{"@type":"ListItem","position":2,"name":"Material 3\u00aa Edi\u00e7\u00e3o"}]},{"@type":"WebSite","@id":"https:\/\/turismo.uma.pt\/#website","url":"https:\/\/turismo.uma.pt\/","name":"Projeto Turismo","description":"Universidade da Madeira","potentialAction":[{"@type":"SearchAction","target":{"@type":"EntryPoint","urlTemplate":"https:\/\/turismo.uma.pt\/?s={search_term_string}"},"query-input":"required name=search_term_string"}],"inLanguage":"pt-PT"}]}},"_links":{"self":[{"href":"https:\/\/turismo.uma.pt\/index.php?rest_route=\/wp\/v2\/pages\/1135"}],"collection":[{"href":"https:\/\/turismo.uma.pt\/index.php?rest_route=\/wp\/v2\/pages"}],"about":[{"href":"https:\/\/turismo.uma.pt\/index.php?rest_route=\/wp\/v2\/types\/page"}],"author":[{"embeddable":true,"href":"https:\/\/turismo.uma.pt\/index.php?rest_route=\/wp\/v2\/users\/1"}],"replies":[{"embeddable":true,"href":"https:\/\/turismo.uma.pt\/index.php?rest_route=%2Fwp%2Fv2%2Fcomments&post=1135"}],"version-history":[{"count":5,"href":"https:\/\/turismo.uma.pt\/index.php?rest_route=\/wp\/v2\/pages\/1135\/revisions"}],"predecessor-version":[{"id":1350,"href":"https:\/\/turismo.uma.pt\/index.php?rest_route=\/wp\/v2\/pages\/1135\/revisions\/1350"}],"up":[{"embeddable":true,"href":"https:\/\/turismo.uma.pt\/index.php?rest_route=\/wp\/v2\/pages\/883"}],"wp:attachment":[{"href":"https:\/\/turismo.uma.pt\/index.php?rest_route=%2Fwp%2Fv2%2Fmedia&parent=1135"}],"curies":[{"name":"wp","href":"https:\/\/api.w.org\/{rel}","templated":true}]}}