{"id":1265,"date":"2017-12-12T14:58:54","date_gmt":"2017-12-12T14:58:54","guid":{"rendered":"http:\/\/turismo.uma.pt\/?page_id=1265"},"modified":"2018-06-19T15:11:20","modified_gmt":"2018-06-19T15:11:20","slug":"resultados","status":"publish","type":"page","link":"https:\/\/turismo.uma.pt\/?page_id=1265","title":{"rendered":"Resultados"},"content":{"rendered":"<p>&nbsp;<\/p>\n<p style=\"text-align: center;\"><a href=\"http:\/\/turismo.uma.pt\/?page_id=1452\">\u00a0Artigos cient\u00edficos publicados<\/a><\/p>\n<p style=\"text-align: center;\"><a href=\"http:\/\/turismo.uma.pt\/?page_id=2265\">Livros e cap\u00edtulos de livros<\/a><\/p>\n<p style=\"text-align: center;\"><a href=\"http:\/\/turismo.uma.pt\/?page_id=1443\">Artigos cient\u00edficos apresentados em confer\u00eancias nacionais e internacionais<\/a><\/p>\n","protected":false},"excerpt":{"rendered":"<p>&nbsp; \u00a0Artigos cient\u00edficos publicados Livros e cap\u00edtulos de livros Artigos cient\u00edficos apresentados em confer\u00eancias nacionais e internacionais<\/p>\n","protected":false},"author":1,"featured_media":0,"parent":1805,"menu_order":0,"comment_status":"closed","ping_status":"open","template":"fullwidth.php","meta":{"_monsterinsights_skip_tracking":false,"_monsterinsights_sitenote_active":false,"_monsterinsights_sitenote_note":"","_monsterinsights_sitenote_category":0,"_mc_calendar":[],"footnotes":""},"class_list":["post-1265","page","type-page","status-publish","hentry"],"yoast_head":"<!-- This site is optimized with the Yoast SEO plugin v27.4 - https:\/\/yoast.com\/product\/yoast-seo-wordpress\/ -->\n<title>Resultados - Projeto Turismo<\/title>\n<meta name=\"robots\" content=\"index, follow, max-snippet:-1, max-image-preview:large, max-video-preview:-1\" \/>\n<link rel=\"canonical\" href=\"https:\/\/turismo.uma.pt\/?page_id=1265\" \/>\n<meta property=\"og:locale\" content=\"pt_PT\" \/>\n<meta property=\"og:type\" content=\"article\" \/>\n<meta property=\"og:title\" content=\"Resultados - Projeto Turismo\" \/>\n<meta property=\"og:description\" content=\"&nbsp; \u00a0Artigos cient\u00edficos publicados Livros e cap\u00edtulos de livros Artigos cient\u00edficos apresentados em confer\u00eancias nacionais e internacionais\" \/>\n<meta property=\"og:url\" content=\"https:\/\/turismo.uma.pt\/?page_id=1265\" \/>\n<meta property=\"og:site_name\" content=\"Projeto Turismo\" \/>\n<meta property=\"article:modified_time\" content=\"2018-06-19T15:11:20+00:00\" \/>\n<meta name=\"twitter:card\" content=\"summary_large_image\" \/>\n<script type=\"application\/ld+json\" class=\"yoast-schema-graph\">{\"@context\":\"https:\\\/\\\/schema.org\",\"@graph\":[{\"@type\":\"WebPage\",\"@id\":\"https:\\\/\\\/turismo.uma.pt\\\/?page_id=1265\",\"url\":\"https:\\\/\\\/turismo.uma.pt\\\/?page_id=1265\",\"name\":\"Resultados - Projeto Turismo\",\"isPartOf\":{\"@id\":\"https:\\\/\\\/turismo.uma.pt\\\/#website\"},\"datePublished\":\"2017-12-12T14:58:54+00:00\",\"dateModified\":\"2018-06-19T15:11:20+00:00\",\"breadcrumb\":{\"@id\":\"https:\\\/\\\/turismo.uma.pt\\\/?page_id=1265#breadcrumb\"},\"inLanguage\":\"pt-PT\",\"potentialAction\":[{\"@type\":\"ReadAction\",\"target\":[\"https:\\\/\\\/turismo.uma.pt\\\/?page_id=1265\"]}]},{\"@type\":\"BreadcrumbList\",\"@id\":\"https:\\\/\\\/turismo.uma.pt\\\/?page_id=1265#breadcrumb\",\"itemListElement\":[{\"@type\":\"ListItem\",\"position\":1,\"name\":\"Centro de Investiga\u00e7\u00e3o, Desenvolvimento e Inova\u00e7\u00e3o em Turismo (Polo Madeira)\",\"item\":\"https:\\\/\\\/turismo.uma.pt\\\/?page_id=959\"},{\"@type\":\"ListItem\",\"position\":2,\"name\":\"Projetos Financiados\",\"item\":\"https:\\\/\\\/turismo.uma.pt\\\/?page_id=1240\"},{\"@type\":\"ListItem\",\"position\":3,\"name\":\"Projeto Turismo: Carateriza\u00e7\u00e3o, Impacto e Sustentabilidade do Turismo da Madeira\",\"item\":\"https:\\\/\\\/turismo.uma.pt\\\/?page_id=1805\"},{\"@type\":\"ListItem\",\"position\":4,\"name\":\"Resultados\"}]},{\"@type\":\"WebSite\",\"@id\":\"https:\\\/\\\/turismo.uma.pt\\\/#website\",\"url\":\"https:\\\/\\\/turismo.uma.pt\\\/\",\"name\":\"Projeto Turismo\",\"description\":\"Universidade da Madeira\",\"potentialAction\":[{\"@type\":\"SearchAction\",\"target\":{\"@type\":\"EntryPoint\",\"urlTemplate\":\"https:\\\/\\\/turismo.uma.pt\\\/?s={search_term_string}\"},\"query-input\":{\"@type\":\"PropertyValueSpecification\",\"valueRequired\":true,\"valueName\":\"search_term_string\"}}],\"inLanguage\":\"pt-PT\"}]}<\/script>\n<!-- \/ Yoast SEO plugin. -->","yoast_head_json":{"title":"Resultados - Projeto Turismo","robots":{"index":"index","follow":"follow","max-snippet":"max-snippet:-1","max-image-preview":"max-image-preview:large","max-video-preview":"max-video-preview:-1"},"canonical":"https:\/\/turismo.uma.pt\/?page_id=1265","og_locale":"pt_PT","og_type":"article","og_title":"Resultados - Projeto Turismo","og_description":"&nbsp; \u00a0Artigos cient\u00edficos publicados Livros e cap\u00edtulos de livros Artigos cient\u00edficos apresentados em confer\u00eancias nacionais e internacionais","og_url":"https:\/\/turismo.uma.pt\/?page_id=1265","og_site_name":"Projeto Turismo","article_modified_time":"2018-06-19T15:11:20+00:00","twitter_card":"summary_large_image","schema":{"@context":"https:\/\/schema.org","@graph":[{"@type":"WebPage","@id":"https:\/\/turismo.uma.pt\/?page_id=1265","url":"https:\/\/turismo.uma.pt\/?page_id=1265","name":"Resultados - Projeto Turismo","isPartOf":{"@id":"https:\/\/turismo.uma.pt\/#website"},"datePublished":"2017-12-12T14:58:54+00:00","dateModified":"2018-06-19T15:11:20+00:00","breadcrumb":{"@id":"https:\/\/turismo.uma.pt\/?page_id=1265#breadcrumb"},"inLanguage":"pt-PT","potentialAction":[{"@type":"ReadAction","target":["https:\/\/turismo.uma.pt\/?page_id=1265"]}]},{"@type":"BreadcrumbList","@id":"https:\/\/turismo.uma.pt\/?page_id=1265#breadcrumb","itemListElement":[{"@type":"ListItem","position":1,"name":"Centro de Investiga\u00e7\u00e3o, Desenvolvimento e Inova\u00e7\u00e3o em Turismo (Polo Madeira)","item":"https:\/\/turismo.uma.pt\/?page_id=959"},{"@type":"ListItem","position":2,"name":"Projetos Financiados","item":"https:\/\/turismo.uma.pt\/?page_id=1240"},{"@type":"ListItem","position":3,"name":"Projeto Turismo: Carateriza\u00e7\u00e3o, Impacto e Sustentabilidade do Turismo da Madeira","item":"https:\/\/turismo.uma.pt\/?page_id=1805"},{"@type":"ListItem","position":4,"name":"Resultados"}]},{"@type":"WebSite","@id":"https:\/\/turismo.uma.pt\/#website","url":"https:\/\/turismo.uma.pt\/","name":"Projeto Turismo","description":"Universidade da Madeira","potentialAction":[{"@type":"SearchAction","target":{"@type":"EntryPoint","urlTemplate":"https:\/\/turismo.uma.pt\/?s={search_term_string}"},"query-input":{"@type":"PropertyValueSpecification","valueRequired":true,"valueName":"search_term_string"}}],"inLanguage":"pt-PT"}]}},"_links":{"self":[{"href":"https:\/\/turismo.uma.pt\/index.php?rest_route=\/wp\/v2\/pages\/1265","targetHints":{"allow":["GET"]}}],"collection":[{"href":"https:\/\/turismo.uma.pt\/index.php?rest_route=\/wp\/v2\/pages"}],"about":[{"href":"https:\/\/turismo.uma.pt\/index.php?rest_route=\/wp\/v2\/types\/page"}],"author":[{"embeddable":true,"href":"https:\/\/turismo.uma.pt\/index.php?rest_route=\/wp\/v2\/users\/1"}],"replies":[{"embeddable":true,"href":"https:\/\/turismo.uma.pt\/index.php?rest_route=%2Fwp%2Fv2%2Fcomments&post=1265"}],"version-history":[{"count":23,"href":"https:\/\/turismo.uma.pt\/index.php?rest_route=\/wp\/v2\/pages\/1265\/revisions"}],"predecessor-version":[{"id":1360,"href":"https:\/\/turismo.uma.pt\/index.php?rest_route=\/wp\/v2\/pages\/1265\/revisions\/1360"}],"up":[{"embeddable":true,"href":"https:\/\/turismo.uma.pt\/index.php?rest_route=\/wp\/v2\/pages\/1805"}],"wp:attachment":[{"href":"https:\/\/turismo.uma.pt\/index.php?rest_route=%2Fwp%2Fv2%2Fmedia&parent=1265"}],"curies":[{"name":"wp","href":"https:\/\/api.w.org\/{rel}","templated":true}]}}