{"id":1288,"date":"2017-12-12T17:24:51","date_gmt":"2017-12-12T17:24:51","guid":{"rendered":"http:\/\/turismo.uma.pt\/?page_id=1288"},"modified":"2019-08-30T16:14:08","modified_gmt":"2019-08-30T16:14:08","slug":"erasmus","status":"publish","type":"page","link":"https:\/\/turismo.uma.pt\/?page_id=1288","title":{"rendered":"STET &#8211; Slow Tourism &#038; E-Tourism"},"content":{"rendered":"<p>\t\t\t<a href=\"http:\/\/www.slowtourismacademy.com\/\" target=\"_blank\" role=\"button\" rel=\"noopener\" ><br \/>\n\t\t\t\t\t\t\tSite Oficial<br \/>\n\t\t\t\t\t<\/a><\/p>\n<p>\u00a0<img decoding=\"async\" loading=\"lazy\" src=\"wp-content\/uploads\/2019\/07\/final-logo-STET.png\" alt=\"\" width=\"248\" height=\"186\" \/>\u00a0 \u00a0 \u00a0 \u00a0 \u00a0 \u00a0 \u00a0<a href=\"wp-content\/uploads\/2017\/12\/erasmus-logo-300x159.jpg\"><img decoding=\"async\" loading=\"lazy\" src=\"wp-content\/uploads\/2017\/12\/erasmus-logo-300x159.jpg\" alt=\"erasmus-logo-300x159\" width=\"291\" height=\"96\" \/><\/a><\/p>\n<hr \/>\n<p><strong>Designa\u00e7\u00e3o do projeto |<\/strong> Slow-Tourism and E-Tourism: prepare to change for the close future<br \/>\n <strong>C\u00f3digo do projeto |<\/strong>\u00a02017-1-FR01-KA203-037390<br \/>\n<strong>Objetivo principal |<\/strong>\u00a0Fomentar a educa\u00e7\u00e3o e os neg\u00f3cios no sector do turismo, adaptando e adotando as novas tend\u00eancias tur\u00edsticas (Slow-Tourim e E-Tourism)<br \/>\n<strong>Regi\u00e3o de interven\u00e7\u00e3o |<\/strong>\u00a0Transnacional<\/p>\n<p><strong>Data de aprova\u00e7\u00e3o |\u00a0<\/strong>28-08-2017<br \/>\n <strong>Data de in\u00edcio |\u00a0<\/strong>01-09-2017<br \/>\n <strong>Data de conclus\u00e3o |<\/strong>\u00a031-08-2019<br \/>\n <strong>Custo total eleg\u00edvel |<\/strong>\u00a0240.798\u20ac<strong><br \/>\n<\/strong><strong>Apoio financeiro para a Universidade da Madeira|\u00a0<\/strong>42.453\u20ac<\/p>\n<hr \/>\n<p><a title=\"Descri\u00e7\u00e3o do Projeto\" href=\"?page_id=1575\">DESCRI\u00c7\u00c3O DO PROJETO<\/a><\/p>\n<p>O Projeto de Turismo pretende criar uma oportunidade \u00fanica a fim de aumentar a consciencializa\u00e7\u00e3o sobre o contributo do turismo sustent\u00e1vel para o desenvolvimento entre os decisores do sector p\u00fablico e privado, mobilizando todos os stakeholders para que trabalhem juntos para tornar o turismo um catalisador de mudan\u00e7as positivas. Juntamente com os parceiros\u00a0do projeto STET visamos disseminar informa\u00e7\u00e3o sobre Slow-Tourism e E-Tourism nos estudantes, professores e empresas, com o intuito de melhorar o empreendedorismo e facilitar o processo para a pr\u00f3xima gera\u00e7\u00e3o para implementar atividades de Slow e ferramentas digitais no sector do turismo num futuro pr\u00f3ximo.\u00a0Deste modo, o projeto pretende criar m\u00f3dulos de e-learning sob a forma de MOOC ou SPOC a serem adicionados aos j\u00e1 existentes curr\u00edculos de Ensino Superior, testados com profissionais do sector tur\u00edstico nos pa\u00edses dos parceiros e, depois, abri-los para\u00a0plataformas de aprendizagem ao longo da vida.<\/p>\n<hr \/>\n<p>QUEM S\u00c3O OS NOSSOS PARCEIROS?<\/p>\n<ul>\n<li><strong>AFORMAC<\/strong>\u00a0(<a href=\"https:\/\/www.aformac.fr\/\">https:\/\/www.aformac.fr\/<\/a>)<\/li>\n<li><strong>Euroform RFS<\/strong>\u00a0(<a href=\"http:\/\/www.euroformrfs.it\/\">http:\/\/www.euroformrfs.it\/<\/a>)<\/li>\n<li><strong>P.A.P Corp. Hotels<\/strong>\u00a0(<a href=\"https:\/\/paphotels.gr\/\">https:\/\/paphotels.gr\/<\/a>)<\/li>\n<li><strong>Universidade das Ilhas Baleares<\/strong>\u00a0(<a href=\"http:\/\/www.uib.es\/es\/\">http:\/\/www.uib.es\/es\/<\/a>)<\/li>\n<\/ul>\n<hr \/>\n<p><a title=\"Atividades\" href=\"?page_id=1592\">ATIVIDADES<\/a><\/p>\n<p>Os 5 parceiros deste projeto visam criar m\u00f3dulos de forma\u00e7\u00e3o de alta qualidade, usando tecnologias digitais atualizadas e respondendo \u00e0s necessidades de desenvolvimento de conhecimento e compet\u00eancias da m\u00e3o-de-obra jovem e futura na economia crescente do Turismo, especialmente em dois fatores principais de crescimento do setor tur\u00edstico para o futuro pr\u00f3ximo: Slow Tourism e E-Tourism.<br \/>\n Duas organiza\u00e7\u00f5es de forma\u00e7\u00e3o, duas universidades e um cluster de Fran\u00e7a, est\u00e3o trabalhando em conjunto para produzir dois m\u00f3dulos de forma\u00e7\u00e3o de e-learning sobre Slow Tourism e E-Tourism, al\u00e9m da cria\u00e7\u00e3o de uma nova rede internacional dedicada a Slow Tourism, e sua plataforma web interativa de suporte.<br \/>\n O projeto associa empresas e institui\u00e7\u00f5es como especialistas em consultoria tendo por objetivo desta associa\u00e7\u00e3o permitir que as forma\u00e7\u00f5es sejam projetadas por profissionais de pedagogia (universidades e centros de forma\u00e7\u00e3o) ligados \u00e0 experi\u00eancia na \u00e1rea atrav\u00e9s de empresas de consultoria e institui\u00e7\u00f5es regionais.<br \/>\n Igualmente, o nosso projeto est\u00e1 inscrito numa l\u00f3gica de pr\u00e1ticas inovadoras e abertas e tecnologias digitais. O desenvolvimento das nossas ferramentas seguir\u00e1 o AGILE framework, bem como o Scrum e o Kanban. As tecnologias de suporte ser\u00e3o de open source (c\u00f3digo aberto).<\/p>\n<hr \/>\n<p><a title=\"Resultados\" href=\"?page_id=1296\">RESULTADOS<\/a><\/p>\n<p><strong>Resultados Esperados |<\/strong>\u00a0Os principais resultados finais s\u00e3o dois MOOCs sobre Slow Tourism e E-Tourism, a cria\u00e7\u00e3o de uma rede e de uma carta patente de Slow Tourism, bem como a cria\u00e7\u00e3o de uma plataforma online que atende a tr\u00eas prop\u00f3sitos: a dissemina\u00e7\u00e3o dos resultados dos projetos, uma plataforma de e-learning e mercado para todos os stakeholders do Slow Tourism, permitindo n\u00e3o apenas a troca de informa\u00e7\u00f5es e as atualiza\u00e7\u00f5es a serem empregues nos MOOCs, mas tamb\u00e9m promovendo a cria\u00e7\u00e3o de novas sinergias e novas iniciativas exemplares de Slow em destinos tur\u00edsticos.\u00a0<\/p>\n<p>&nbsp;<\/p>\n","protected":false},"excerpt":{"rendered":"<p>Site Oficial \u00a0\u00a0 \u00a0 \u00a0 \u00a0 \u00a0 \u00a0 \u00a0 Designa\u00e7\u00e3o do projeto | Slow-Tourism and E-Tourism: prepare to change for the close future C\u00f3digo do projeto |\u00a02017-1-FR01-KA203-037390 Objetivo principal |\u00a0Fomentar a educa\u00e7\u00e3o e os neg\u00f3cios no sector do turismo, adaptando e adotando as novas tend\u00eancias tur\u00edsticas (Slow-Tourim e E-Tourism) Regi\u00e3o de interven\u00e7\u00e3o |\u00a0Transnacional Data de&hellip;<\/p>\n","protected":false},"author":1,"featured_media":0,"parent":0,"menu_order":0,"comment_status":"closed","ping_status":"open","template":"fullwidth.php","meta":{"_monsterinsights_skip_tracking":false,"_monsterinsights_sitenote_active":false,"_monsterinsights_sitenote_note":"","_monsterinsights_sitenote_category":0,"_mc_calendar":[]},"yoast_head":"<!-- This site is optimized with the Yoast SEO plugin v21.1 - https:\/\/yoast.com\/wordpress\/plugins\/seo\/ -->\n<title>STET - Slow Tourism &amp; E-Tourism - Projeto Turismo<\/title>\n<meta name=\"robots\" content=\"index, follow, max-snippet:-1, max-image-preview:large, max-video-preview:-1\" \/>\n<link rel=\"canonical\" href=\"https:\/\/turismo.uma.pt\/?page_id=1288\" \/>\n<meta property=\"og:locale\" content=\"pt_PT\" \/>\n<meta property=\"og:type\" content=\"article\" \/>\n<meta property=\"og:title\" content=\"STET - Slow Tourism &amp; E-Tourism - Projeto Turismo\" \/>\n<meta property=\"og:description\" content=\"Site Oficial \u00a0\u00a0 \u00a0 \u00a0 \u00a0 \u00a0 \u00a0 \u00a0 Designa\u00e7\u00e3o do projeto | Slow-Tourism and E-Tourism: prepare to change for the close future C\u00f3digo do projeto |\u00a02017-1-FR01-KA203-037390 Objetivo principal |\u00a0Fomentar a educa\u00e7\u00e3o e os neg\u00f3cios no sector do turismo, adaptando e adotando as novas tend\u00eancias tur\u00edsticas (Slow-Tourim e E-Tourism) Regi\u00e3o de interven\u00e7\u00e3o |\u00a0Transnacional Data de&hellip;\" \/>\n<meta property=\"og:url\" content=\"https:\/\/turismo.uma.pt\/?page_id=1288\" \/>\n<meta property=\"og:site_name\" content=\"Projeto Turismo\" \/>\n<meta property=\"article:modified_time\" content=\"2019-08-30T16:14:08+00:00\" \/>\n<meta property=\"og:image\" content=\"http:\/\/wp-content\/uploads\/2019\/07\/final-logo-STET.png\" \/>\n<meta name=\"twitter:card\" content=\"summary_large_image\" \/>\n<meta name=\"twitter:label1\" content=\"Tempo estimado de leitura\" \/>\n\t<meta name=\"twitter:data1\" content=\"3 minutos\" \/>\n<script type=\"application\/ld+json\" class=\"yoast-schema-graph\">{\"@context\":\"https:\/\/schema.org\",\"@graph\":[{\"@type\":\"WebPage\",\"@id\":\"https:\/\/turismo.uma.pt\/?page_id=1288\",\"url\":\"https:\/\/turismo.uma.pt\/?page_id=1288\",\"name\":\"STET - Slow Tourism & E-Tourism - Projeto Turismo\",\"isPartOf\":{\"@id\":\"https:\/\/turismo.uma.pt\/#website\"},\"datePublished\":\"2017-12-12T17:24:51+00:00\",\"dateModified\":\"2019-08-30T16:14:08+00:00\",\"inLanguage\":\"pt-PT\",\"potentialAction\":[{\"@type\":\"ReadAction\",\"target\":[\"https:\/\/turismo.uma.pt\/?page_id=1288\"]}]},{\"@type\":\"WebSite\",\"@id\":\"https:\/\/turismo.uma.pt\/#website\",\"url\":\"https:\/\/turismo.uma.pt\/\",\"name\":\"Projeto Turismo\",\"description\":\"Universidade da Madeira\",\"potentialAction\":[{\"@type\":\"SearchAction\",\"target\":{\"@type\":\"EntryPoint\",\"urlTemplate\":\"https:\/\/turismo.uma.pt\/?s={search_term_string}\"},\"query-input\":\"required name=search_term_string\"}],\"inLanguage\":\"pt-PT\"}]}<\/script>\n<!-- \/ Yoast SEO plugin. -->","yoast_head_json":{"title":"STET - Slow Tourism & E-Tourism - Projeto Turismo","robots":{"index":"index","follow":"follow","max-snippet":"max-snippet:-1","max-image-preview":"max-image-preview:large","max-video-preview":"max-video-preview:-1"},"canonical":"https:\/\/turismo.uma.pt\/?page_id=1288","og_locale":"pt_PT","og_type":"article","og_title":"STET - Slow Tourism & E-Tourism - Projeto Turismo","og_description":"Site Oficial \u00a0\u00a0 \u00a0 \u00a0 \u00a0 \u00a0 \u00a0 \u00a0 Designa\u00e7\u00e3o do projeto | Slow-Tourism and E-Tourism: prepare to change for the close future C\u00f3digo do projeto |\u00a02017-1-FR01-KA203-037390 Objetivo principal |\u00a0Fomentar a educa\u00e7\u00e3o e os neg\u00f3cios no sector do turismo, adaptando e adotando as novas tend\u00eancias tur\u00edsticas (Slow-Tourim e E-Tourism) Regi\u00e3o de interven\u00e7\u00e3o |\u00a0Transnacional Data de&hellip;","og_url":"https:\/\/turismo.uma.pt\/?page_id=1288","og_site_name":"Projeto Turismo","article_modified_time":"2019-08-30T16:14:08+00:00","og_image":[{"url":"wp-content\/uploads\/2019\/07\/final-logo-STET.png"}],"twitter_card":"summary_large_image","twitter_misc":{"Tempo estimado de leitura":"3 minutos"},"schema":{"@context":"https:\/\/schema.org","@graph":[{"@type":"WebPage","@id":"https:\/\/turismo.uma.pt\/?page_id=1288","url":"https:\/\/turismo.uma.pt\/?page_id=1288","name":"STET - Slow Tourism & E-Tourism - Projeto Turismo","isPartOf":{"@id":"https:\/\/turismo.uma.pt\/#website"},"datePublished":"2017-12-12T17:24:51+00:00","dateModified":"2019-08-30T16:14:08+00:00","inLanguage":"pt-PT","potentialAction":[{"@type":"ReadAction","target":["https:\/\/turismo.uma.pt\/?page_id=1288"]}]},{"@type":"WebSite","@id":"https:\/\/turismo.uma.pt\/#website","url":"https:\/\/turismo.uma.pt\/","name":"Projeto Turismo","description":"Universidade da Madeira","potentialAction":[{"@type":"SearchAction","target":{"@type":"EntryPoint","urlTemplate":"https:\/\/turismo.uma.pt\/?s={search_term_string}"},"query-input":"required name=search_term_string"}],"inLanguage":"pt-PT"}]}},"_links":{"self":[{"href":"https:\/\/turismo.uma.pt\/index.php?rest_route=\/wp\/v2\/pages\/1288"}],"collection":[{"href":"https:\/\/turismo.uma.pt\/index.php?rest_route=\/wp\/v2\/pages"}],"about":[{"href":"https:\/\/turismo.uma.pt\/index.php?rest_route=\/wp\/v2\/types\/page"}],"author":[{"embeddable":true,"href":"https:\/\/turismo.uma.pt\/index.php?rest_route=\/wp\/v2\/users\/1"}],"replies":[{"embeddable":true,"href":"https:\/\/turismo.uma.pt\/index.php?rest_route=%2Fwp%2Fv2%2Fcomments&post=1288"}],"version-history":[{"count":40,"href":"https:\/\/turismo.uma.pt\/index.php?rest_route=\/wp\/v2\/pages\/1288\/revisions"}],"predecessor-version":[{"id":3229,"href":"https:\/\/turismo.uma.pt\/index.php?rest_route=\/wp\/v2\/pages\/1288\/revisions\/3229"}],"wp:attachment":[{"href":"https:\/\/turismo.uma.pt\/index.php?rest_route=%2Fwp%2Fv2%2Fmedia&parent=1288"}],"curies":[{"name":"wp","href":"https:\/\/api.w.org\/{rel}","templated":true}]}}