{"id":1296,"date":"2017-12-12T17:26:57","date_gmt":"2017-12-12T17:26:57","guid":{"rendered":"http:\/\/turismo.uma.pt\/?page_id=1296"},"modified":"2018-06-19T11:41:30","modified_gmt":"2018-06-19T11:41:30","slug":"resultados","status":"publish","type":"page","link":"https:\/\/turismo.uma.pt\/?page_id=1296","title":{"rendered":"Resultados"},"content":{"rendered":"<p>&nbsp;<\/p>\n<p style=\"text-align: center;\">Resultados Esperados<\/p>\n<p>Os principais resultados finais s\u00e3o dois MOOCs sobre Slow Tourism e E-Tourism, a cria\u00e7\u00e3o de uma rede e de uma carta patente de Slow Tourism, bem como a cria\u00e7\u00e3o de uma plataforma online que atende a tr\u00eas prop\u00f3sitos: a dissemina\u00e7\u00e3o dos resultados dos projetos, uma plataforma de e-learning e mercado para todos os stakeholders do Slow Tourism, permitindo n\u00e3o apenas a troca de informa\u00e7\u00f5es e as atualiza\u00e7\u00f5es a serem empregues nos MOOCs, mas tamb\u00e9m promovendo a cria\u00e7\u00e3o de novas sinergias e novas iniciativas exemplares de Slow em destinos tur\u00edsticos.<\/p>\n","protected":false},"excerpt":{"rendered":"<p>&nbsp; Resultados Esperados Os principais resultados finais s\u00e3o dois MOOCs sobre Slow Tourism e E-Tourism, a cria\u00e7\u00e3o de uma rede e de uma carta patente de Slow Tourism, bem como a cria\u00e7\u00e3o de uma plataforma online que atende a tr\u00eas prop\u00f3sitos: a dissemina\u00e7\u00e3o dos resultados dos projetos, uma plataforma de e-learning e mercado para todos&hellip;<\/p>\n","protected":false},"author":1,"featured_media":0,"parent":0,"menu_order":0,"comment_status":"closed","ping_status":"open","template":"fullwidth.php","meta":{"_monsterinsights_skip_tracking":false,"_monsterinsights_sitenote_active":false,"_monsterinsights_sitenote_note":"","_monsterinsights_sitenote_category":0,"_mc_calendar":[]},"yoast_head":"<!-- This site is optimized with the Yoast SEO plugin v21.1 - https:\/\/yoast.com\/wordpress\/plugins\/seo\/ -->\n<title>Resultados - Projeto Turismo<\/title>\n<meta name=\"robots\" content=\"index, follow, max-snippet:-1, max-image-preview:large, max-video-preview:-1\" \/>\n<link rel=\"canonical\" href=\"https:\/\/turismo.uma.pt\/?page_id=1296\" \/>\n<meta property=\"og:locale\" content=\"pt_PT\" \/>\n<meta property=\"og:type\" content=\"article\" \/>\n<meta property=\"og:title\" content=\"Resultados - Projeto Turismo\" \/>\n<meta property=\"og:description\" content=\"&nbsp; Resultados Esperados Os principais resultados finais s\u00e3o dois MOOCs sobre Slow Tourism e E-Tourism, a cria\u00e7\u00e3o de uma rede e de uma carta patente de Slow Tourism, bem como a cria\u00e7\u00e3o de uma plataforma online que atende a tr\u00eas prop\u00f3sitos: a dissemina\u00e7\u00e3o dos resultados dos projetos, uma plataforma de e-learning e mercado para todos&hellip;\" \/>\n<meta property=\"og:url\" content=\"https:\/\/turismo.uma.pt\/?page_id=1296\" \/>\n<meta property=\"og:site_name\" content=\"Projeto Turismo\" \/>\n<meta property=\"article:modified_time\" content=\"2018-06-19T11:41:30+00:00\" \/>\n<meta name=\"twitter:card\" content=\"summary_large_image\" \/>\n<meta name=\"twitter:label1\" content=\"Tempo estimado de leitura\" \/>\n\t<meta name=\"twitter:data1\" content=\"1 minuto\" \/>\n<script type=\"application\/ld+json\" class=\"yoast-schema-graph\">{\"@context\":\"https:\/\/schema.org\",\"@graph\":[{\"@type\":\"WebPage\",\"@id\":\"https:\/\/turismo.uma.pt\/?page_id=1296\",\"url\":\"https:\/\/turismo.uma.pt\/?page_id=1296\",\"name\":\"Resultados - Projeto Turismo\",\"isPartOf\":{\"@id\":\"https:\/\/turismo.uma.pt\/#website\"},\"datePublished\":\"2017-12-12T17:26:57+00:00\",\"dateModified\":\"2018-06-19T11:41:30+00:00\",\"inLanguage\":\"pt-PT\",\"potentialAction\":[{\"@type\":\"ReadAction\",\"target\":[\"https:\/\/turismo.uma.pt\/?page_id=1296\"]}]},{\"@type\":\"WebSite\",\"@id\":\"https:\/\/turismo.uma.pt\/#website\",\"url\":\"https:\/\/turismo.uma.pt\/\",\"name\":\"Projeto Turismo\",\"description\":\"Universidade da Madeira\",\"potentialAction\":[{\"@type\":\"SearchAction\",\"target\":{\"@type\":\"EntryPoint\",\"urlTemplate\":\"https:\/\/turismo.uma.pt\/?s={search_term_string}\"},\"query-input\":\"required name=search_term_string\"}],\"inLanguage\":\"pt-PT\"}]}<\/script>\n<!-- \/ Yoast SEO plugin. -->","yoast_head_json":{"title":"Resultados - Projeto Turismo","robots":{"index":"index","follow":"follow","max-snippet":"max-snippet:-1","max-image-preview":"max-image-preview:large","max-video-preview":"max-video-preview:-1"},"canonical":"https:\/\/turismo.uma.pt\/?page_id=1296","og_locale":"pt_PT","og_type":"article","og_title":"Resultados - Projeto Turismo","og_description":"&nbsp; Resultados Esperados Os principais resultados finais s\u00e3o dois MOOCs sobre Slow Tourism e E-Tourism, a cria\u00e7\u00e3o de uma rede e de uma carta patente de Slow Tourism, bem como a cria\u00e7\u00e3o de uma plataforma online que atende a tr\u00eas prop\u00f3sitos: a dissemina\u00e7\u00e3o dos resultados dos projetos, uma plataforma de e-learning e mercado para todos&hellip;","og_url":"https:\/\/turismo.uma.pt\/?page_id=1296","og_site_name":"Projeto Turismo","article_modified_time":"2018-06-19T11:41:30+00:00","twitter_card":"summary_large_image","twitter_misc":{"Tempo estimado de leitura":"1 minuto"},"schema":{"@context":"https:\/\/schema.org","@graph":[{"@type":"WebPage","@id":"https:\/\/turismo.uma.pt\/?page_id=1296","url":"https:\/\/turismo.uma.pt\/?page_id=1296","name":"Resultados - Projeto Turismo","isPartOf":{"@id":"https:\/\/turismo.uma.pt\/#website"},"datePublished":"2017-12-12T17:26:57+00:00","dateModified":"2018-06-19T11:41:30+00:00","inLanguage":"pt-PT","potentialAction":[{"@type":"ReadAction","target":["https:\/\/turismo.uma.pt\/?page_id=1296"]}]},{"@type":"WebSite","@id":"https:\/\/turismo.uma.pt\/#website","url":"https:\/\/turismo.uma.pt\/","name":"Projeto Turismo","description":"Universidade da Madeira","potentialAction":[{"@type":"SearchAction","target":{"@type":"EntryPoint","urlTemplate":"https:\/\/turismo.uma.pt\/?s={search_term_string}"},"query-input":"required name=search_term_string"}],"inLanguage":"pt-PT"}]}},"_links":{"self":[{"href":"https:\/\/turismo.uma.pt\/index.php?rest_route=\/wp\/v2\/pages\/1296"}],"collection":[{"href":"https:\/\/turismo.uma.pt\/index.php?rest_route=\/wp\/v2\/pages"}],"about":[{"href":"https:\/\/turismo.uma.pt\/index.php?rest_route=\/wp\/v2\/types\/page"}],"author":[{"embeddable":true,"href":"https:\/\/turismo.uma.pt\/index.php?rest_route=\/wp\/v2\/users\/1"}],"replies":[{"embeddable":true,"href":"https:\/\/turismo.uma.pt\/index.php?rest_route=%2Fwp%2Fv2%2Fcomments&post=1296"}],"version-history":[{"count":5,"href":"https:\/\/turismo.uma.pt\/index.php?rest_route=\/wp\/v2\/pages\/1296\/revisions"}],"predecessor-version":[{"id":2523,"href":"https:\/\/turismo.uma.pt\/index.php?rest_route=\/wp\/v2\/pages\/1296\/revisions\/2523"}],"wp:attachment":[{"href":"https:\/\/turismo.uma.pt\/index.php?rest_route=%2Fwp%2Fv2%2Fmedia&parent=1296"}],"curies":[{"name":"wp","href":"https:\/\/api.w.org\/{rel}","templated":true}]}}