{"id":13,"date":"2015-01-30T17:04:10","date_gmt":"2015-01-30T17:04:10","guid":{"rendered":"http:\/\/jaguar.uma.pt\/turismo\/?page_id=13"},"modified":"2020-06-26T18:12:21","modified_gmt":"2020-06-26T18:12:21","slug":"investigacao","status":"publish","type":"page","link":"https:\/\/turismo.uma.pt\/?page_id=13","title":{"rendered":"Os Nossos Estudos Cient\u00edficos"},"content":{"rendered":"<p><a href=\"http:\/\/turismo.uma.pt\/?page_id=1452\" target=\"_self\" rel=\"noopener\" aria-label=\"link to http:\/\/turismo.uma.pt\/?page_id=1452\"><br \/>\n<\/a><\/p>\n<h6><\/h6>\n<h2>Artigos Cient\u00edficos Publicados<\/h2>\n<p><a href=\"http:\/\/turismo.uma.pt\/?page_id=1452\">Aceda aqui<\/a><\/p>\n<p><img decoding=\"async\" src=\"http:\/\/turismo.uma.pt\/wp-content\/plugins\/bb-plugin\/img\/pixel.png\" alt=\"\" \/><br \/>\n<a href=\"http:\/\/turismo.uma.pt\/?page_id=2265\" target=\"_self\" rel=\"noopener\" aria-label=\"link to http:\/\/turismo.uma.pt\/?page_id=2265\"><br \/>\n<\/a><\/p>\n<h6><\/h6>\n<h2>Livros e\u00a0 Cap\u00edtulos de Livros Publicados<\/h2>\n<p><a href=\"http:\/\/turismo.uma.pt\/?page_id=2265\">Aceda aqui<\/a><\/p>\n<p><a href=\"http:\/\/turismo.uma.pt\/?page_id=1443\" target=\"_self\" rel=\"noopener\" aria-label=\"link to http:\/\/turismo.uma.pt\/?page_id=1443\"><br \/>\n<\/a><\/p>\n<h6><\/h6>\n<h2>Comunica\u00e7\u00f5es<\/h2>\n<p><a href=\"http:\/\/turismo.uma.pt\/?page_id=1443\">Aceda aqui<\/a><\/p>\n<h3>J\u00e1 conhece o &#8220;Projeto Turismo: Carateriza\u00e7\u00e3o, Impacto e Sustentabilidade do Turismo da Madeira&#8221;?<\/h3>\n<p>Estar informado nunca \u00e9 demais! Fique a\u00a0<a href=\"http:\/\/turismo.uma.pt\/?page_id=1805\">saber mais.<\/a><\/p>\n<p><img decoding=\"async\" title=\"PO_Madeira_PT2020_FEDER\" src=\"http:\/\/turismo.uma.pt\/wp-content\/uploads\/2018\/02\/PO_Madeira_PT2020_FEDER.png\" alt=\"PO_Madeira_PT2020_FEDER\" \/><\/p>\n","protected":false},"excerpt":{"rendered":"<p>Artigos Cient\u00edficos Publicados Aceda aqui Livros e\u00a0 Cap\u00edtulos de Livros Publicados Aceda aqui Comunica\u00e7\u00f5es Aceda aqui J\u00e1 conhece o &#8220;Projeto Turismo: Carateriza\u00e7\u00e3o, Impacto e Sustentabilidade do Turismo da Madeira&#8221;? Estar informado nunca \u00e9 demais! Fique a\u00a0saber mais.<\/p>\n","protected":false},"author":1,"featured_media":0,"parent":959,"menu_order":0,"comment_status":"closed","ping_status":"closed","template":"fullwidth.php","meta":{"_monsterinsights_skip_tracking":false,"_monsterinsights_sitenote_active":false,"_monsterinsights_sitenote_note":"","_monsterinsights_sitenote_category":0,"_mc_calendar":[],"footnotes":""},"class_list":["post-13","page","type-page","status-publish","hentry"],"yoast_head":"<!-- This site is optimized with the Yoast SEO plugin v27.4 - https:\/\/yoast.com\/product\/yoast-seo-wordpress\/ -->\n<title>Os Nossos Estudos Cient\u00edficos - Projeto Turismo<\/title>\n<meta name=\"description\" content=\"Investiga\u00e7\u00e3o Cientifica em Turismo: livros e cap\u00edtulos de livros; artigos cient\u00edficos e comunica\u00e7\u00f5es.\" \/>\n<meta name=\"robots\" content=\"index, follow, max-snippet:-1, max-image-preview:large, max-video-preview:-1\" \/>\n<link rel=\"canonical\" href=\"https:\/\/turismo.uma.pt\/?page_id=13\" \/>\n<meta property=\"og:locale\" content=\"pt_PT\" \/>\n<meta property=\"og:type\" content=\"article\" \/>\n<meta property=\"og:title\" content=\"Os Nossos Estudos Cient\u00edficos - Projeto Turismo\" \/>\n<meta property=\"og:description\" content=\"Investiga\u00e7\u00e3o Cientifica em Turismo: livros e cap\u00edtulos de livros; artigos cient\u00edficos e comunica\u00e7\u00f5es.\" \/>\n<meta property=\"og:url\" content=\"https:\/\/turismo.uma.pt\/?page_id=13\" \/>\n<meta property=\"og:site_name\" content=\"Projeto Turismo\" \/>\n<meta property=\"article:modified_time\" content=\"2020-06-26T18:12:21+00:00\" \/>\n<meta property=\"og:image\" content=\"http:\/\/turismo.uma.pt\/wp-content\/plugins\/bb-plugin\/img\/pixel.png\" \/>\n<meta name=\"twitter:card\" content=\"summary_large_image\" \/>\n<script type=\"application\/ld+json\" class=\"yoast-schema-graph\">{\"@context\":\"https:\\\/\\\/schema.org\",\"@graph\":[{\"@type\":\"WebPage\",\"@id\":\"https:\\\/\\\/turismo.uma.pt\\\/?page_id=13\",\"url\":\"https:\\\/\\\/turismo.uma.pt\\\/?page_id=13\",\"name\":\"Os Nossos Estudos Cient\u00edficos - Projeto Turismo\",\"isPartOf\":{\"@id\":\"https:\\\/\\\/turismo.uma.pt\\\/#website\"},\"primaryImageOfPage\":{\"@id\":\"https:\\\/\\\/turismo.uma.pt\\\/?page_id=13#primaryimage\"},\"image\":{\"@id\":\"https:\\\/\\\/turismo.uma.pt\\\/?page_id=13#primaryimage\"},\"thumbnailUrl\":\"http:\\\/\\\/turismo.uma.pt\\\/wp-content\\\/plugins\\\/bb-plugin\\\/img\\\/pixel.png\",\"datePublished\":\"2015-01-30T17:04:10+00:00\",\"dateModified\":\"2020-06-26T18:12:21+00:00\",\"description\":\"Investiga\u00e7\u00e3o Cientifica em Turismo: livros e cap\u00edtulos de livros; artigos cient\u00edficos e comunica\u00e7\u00f5es.\",\"breadcrumb\":{\"@id\":\"https:\\\/\\\/turismo.uma.pt\\\/?page_id=13#breadcrumb\"},\"inLanguage\":\"pt-PT\",\"potentialAction\":[{\"@type\":\"ReadAction\",\"target\":[\"https:\\\/\\\/turismo.uma.pt\\\/?page_id=13\"]}]},{\"@type\":\"ImageObject\",\"inLanguage\":\"pt-PT\",\"@id\":\"https:\\\/\\\/turismo.uma.pt\\\/?page_id=13#primaryimage\",\"url\":\"http:\\\/\\\/turismo.uma.pt\\\/wp-content\\\/plugins\\\/bb-plugin\\\/img\\\/pixel.png\",\"contentUrl\":\"http:\\\/\\\/turismo.uma.pt\\\/wp-content\\\/plugins\\\/bb-plugin\\\/img\\\/pixel.png\"},{\"@type\":\"BreadcrumbList\",\"@id\":\"https:\\\/\\\/turismo.uma.pt\\\/?page_id=13#breadcrumb\",\"itemListElement\":[{\"@type\":\"ListItem\",\"position\":1,\"name\":\"Centro de Investiga\u00e7\u00e3o, Desenvolvimento e Inova\u00e7\u00e3o em Turismo (Polo Madeira)\",\"item\":\"https:\\\/\\\/turismo.uma.pt\\\/?page_id=959\"},{\"@type\":\"ListItem\",\"position\":2,\"name\":\"Os Nossos Estudos Cient\u00edficos\"}]},{\"@type\":\"WebSite\",\"@id\":\"https:\\\/\\\/turismo.uma.pt\\\/#website\",\"url\":\"https:\\\/\\\/turismo.uma.pt\\\/\",\"name\":\"Projeto Turismo\",\"description\":\"Universidade da Madeira\",\"potentialAction\":[{\"@type\":\"SearchAction\",\"target\":{\"@type\":\"EntryPoint\",\"urlTemplate\":\"https:\\\/\\\/turismo.uma.pt\\\/?s={search_term_string}\"},\"query-input\":{\"@type\":\"PropertyValueSpecification\",\"valueRequired\":true,\"valueName\":\"search_term_string\"}}],\"inLanguage\":\"pt-PT\"}]}<\/script>\n<!-- \/ Yoast SEO plugin. -->","yoast_head_json":{"title":"Os Nossos Estudos Cient\u00edficos - Projeto Turismo","description":"Investiga\u00e7\u00e3o Cientifica em Turismo: livros e cap\u00edtulos de livros; artigos cient\u00edficos e comunica\u00e7\u00f5es.","robots":{"index":"index","follow":"follow","max-snippet":"max-snippet:-1","max-image-preview":"max-image-preview:large","max-video-preview":"max-video-preview:-1"},"canonical":"https:\/\/turismo.uma.pt\/?page_id=13","og_locale":"pt_PT","og_type":"article","og_title":"Os Nossos Estudos Cient\u00edficos - Projeto Turismo","og_description":"Investiga\u00e7\u00e3o Cientifica em Turismo: livros e cap\u00edtulos de livros; artigos cient\u00edficos e comunica\u00e7\u00f5es.","og_url":"https:\/\/turismo.uma.pt\/?page_id=13","og_site_name":"Projeto Turismo","article_modified_time":"2020-06-26T18:12:21+00:00","og_image":[{"url":"http:\/\/turismo.uma.pt\/wp-content\/plugins\/bb-plugin\/img\/pixel.png","type":"","width":"","height":""}],"twitter_card":"summary_large_image","schema":{"@context":"https:\/\/schema.org","@graph":[{"@type":"WebPage","@id":"https:\/\/turismo.uma.pt\/?page_id=13","url":"https:\/\/turismo.uma.pt\/?page_id=13","name":"Os Nossos Estudos Cient\u00edficos - Projeto Turismo","isPartOf":{"@id":"https:\/\/turismo.uma.pt\/#website"},"primaryImageOfPage":{"@id":"https:\/\/turismo.uma.pt\/?page_id=13#primaryimage"},"image":{"@id":"https:\/\/turismo.uma.pt\/?page_id=13#primaryimage"},"thumbnailUrl":"http:\/\/turismo.uma.pt\/wp-content\/plugins\/bb-plugin\/img\/pixel.png","datePublished":"2015-01-30T17:04:10+00:00","dateModified":"2020-06-26T18:12:21+00:00","description":"Investiga\u00e7\u00e3o Cientifica em Turismo: livros e cap\u00edtulos de livros; artigos cient\u00edficos e comunica\u00e7\u00f5es.","breadcrumb":{"@id":"https:\/\/turismo.uma.pt\/?page_id=13#breadcrumb"},"inLanguage":"pt-PT","potentialAction":[{"@type":"ReadAction","target":["https:\/\/turismo.uma.pt\/?page_id=13"]}]},{"@type":"ImageObject","inLanguage":"pt-PT","@id":"https:\/\/turismo.uma.pt\/?page_id=13#primaryimage","url":"http:\/\/turismo.uma.pt\/wp-content\/plugins\/bb-plugin\/img\/pixel.png","contentUrl":"http:\/\/turismo.uma.pt\/wp-content\/plugins\/bb-plugin\/img\/pixel.png"},{"@type":"BreadcrumbList","@id":"https:\/\/turismo.uma.pt\/?page_id=13#breadcrumb","itemListElement":[{"@type":"ListItem","position":1,"name":"Centro de Investiga\u00e7\u00e3o, Desenvolvimento e Inova\u00e7\u00e3o em Turismo (Polo Madeira)","item":"https:\/\/turismo.uma.pt\/?page_id=959"},{"@type":"ListItem","position":2,"name":"Os Nossos Estudos Cient\u00edficos"}]},{"@type":"WebSite","@id":"https:\/\/turismo.uma.pt\/#website","url":"https:\/\/turismo.uma.pt\/","name":"Projeto Turismo","description":"Universidade da Madeira","potentialAction":[{"@type":"SearchAction","target":{"@type":"EntryPoint","urlTemplate":"https:\/\/turismo.uma.pt\/?s={search_term_string}"},"query-input":{"@type":"PropertyValueSpecification","valueRequired":true,"valueName":"search_term_string"}}],"inLanguage":"pt-PT"}]}},"_links":{"self":[{"href":"https:\/\/turismo.uma.pt\/index.php?rest_route=\/wp\/v2\/pages\/13","targetHints":{"allow":["GET"]}}],"collection":[{"href":"https:\/\/turismo.uma.pt\/index.php?rest_route=\/wp\/v2\/pages"}],"about":[{"href":"https:\/\/turismo.uma.pt\/index.php?rest_route=\/wp\/v2\/types\/page"}],"author":[{"embeddable":true,"href":"https:\/\/turismo.uma.pt\/index.php?rest_route=\/wp\/v2\/users\/1"}],"replies":[{"embeddable":true,"href":"https:\/\/turismo.uma.pt\/index.php?rest_route=%2Fwp%2Fv2%2Fcomments&post=13"}],"version-history":[{"count":82,"href":"https:\/\/turismo.uma.pt\/index.php?rest_route=\/wp\/v2\/pages\/13\/revisions"}],"predecessor-version":[{"id":3870,"href":"https:\/\/turismo.uma.pt\/index.php?rest_route=\/wp\/v2\/pages\/13\/revisions\/3870"}],"up":[{"embeddable":true,"href":"https:\/\/turismo.uma.pt\/index.php?rest_route=\/wp\/v2\/pages\/959"}],"wp:attachment":[{"href":"https:\/\/turismo.uma.pt\/index.php?rest_route=%2Fwp%2Fv2%2Fmedia&parent=13"}],"curies":[{"name":"wp","href":"https:\/\/api.w.org\/{rel}","templated":true}]}}