{"id":1592,"date":"2018-01-16T09:51:44","date_gmt":"2018-01-16T09:51:44","guid":{"rendered":"http:\/\/turismo.uma.pt\/?page_id=1592"},"modified":"2018-01-16T09:52:23","modified_gmt":"2018-01-16T09:52:23","slug":"atividades-2","status":"publish","type":"page","link":"https:\/\/turismo.uma.pt\/?page_id=1592","title":{"rendered":"Atividades"},"content":{"rendered":"<p><span style=\"font-size: 12pt;\">Os 5 parceiros deste projeto visam criar m\u00f3dulos de forma\u00e7\u00e3o de alta qualidade, usando tecnologias digitais atualizadas e respondendo \u00e0s necessidades de desenvolvimento de conhecimento e compet\u00eancias da m\u00e3o-de-obra jovem e futura na economia crescente do Turismo, especialmente em dois fatores principais de crescimento do setor tur\u00edstico para o futuro pr\u00f3ximo: Slow Tourism e E-Tourism.<\/span><br \/>\n<span style=\"font-size: 12pt;\">Duas organiza\u00e7\u00f5es de forma\u00e7\u00e3o, duas universidades e um cluster de Fran\u00e7a, est\u00e3o trabalhando em conjunto para produzir dois m\u00f3dulos de forma\u00e7\u00e3o de e-learning sobre Slow Tourism e E-Tourism, al\u00e9m da cria\u00e7\u00e3o de uma nova rede internacional dedicada a Slow Tourism, e sua plataforma web interativa de suporte.<\/span><br \/>\n<span style=\"font-size: 12pt;\">O projeto associa empresas e institui\u00e7\u00f5es como especialistas em consultoria tendo por objetivo desta associa\u00e7\u00e3o permitir que as forma\u00e7\u00f5es sejam projetadas por profissionais de pedagogia (universidades e centros de forma\u00e7\u00e3o) ligados \u00e0 experi\u00eancia na \u00e1rea atrav\u00e9s de empresas de consultoria e institui\u00e7\u00f5es regionais.<\/span><br \/>\n<span style=\"font-size: 12pt;\">Igualmente, o nosso projeto est\u00e1 inscrito numa l\u00f3gica de pr\u00e1ticas inovadoras e abertas e tecnologias digitais. O desenvolvimento das nossas ferramentas seguir\u00e1 o AGILE framework, bem como o Scrum e o Kanban. As tecnologias de suporte ser\u00e3o de open source (c\u00f3digo aberto).<\/span><\/p>\n","protected":false},"excerpt":{"rendered":"<p>Os 5 parceiros deste projeto visam criar m\u00f3dulos de forma\u00e7\u00e3o de alta qualidade, usando tecnologias digitais atualizadas e respondendo \u00e0s necessidades de desenvolvimento de conhecimento e compet\u00eancias da m\u00e3o-de-obra jovem e futura na economia crescente do Turismo, especialmente em dois fatores principais de crescimento do setor tur\u00edstico para o futuro pr\u00f3ximo: Slow Tourism e E-Tourism.&hellip;<\/p>\n","protected":false},"author":1,"featured_media":0,"parent":0,"menu_order":0,"comment_status":"closed","ping_status":"open","template":"page-templates\/full-width.php","meta":{"_monsterinsights_skip_tracking":false,"_monsterinsights_sitenote_active":false,"_monsterinsights_sitenote_note":"","_monsterinsights_sitenote_category":0,"_mc_calendar":[]},"yoast_head":"<!-- This site is optimized with the Yoast SEO plugin v21.1 - https:\/\/yoast.com\/wordpress\/plugins\/seo\/ -->\n<title>Atividades - Projeto Turismo<\/title>\n<meta name=\"robots\" content=\"index, follow, max-snippet:-1, max-image-preview:large, max-video-preview:-1\" \/>\n<link rel=\"canonical\" href=\"https:\/\/turismo.uma.pt\/?page_id=1592\" \/>\n<meta property=\"og:locale\" content=\"pt_PT\" \/>\n<meta property=\"og:type\" content=\"article\" \/>\n<meta property=\"og:title\" content=\"Atividades - Projeto Turismo\" \/>\n<meta property=\"og:description\" content=\"Os 5 parceiros deste projeto visam criar m\u00f3dulos de forma\u00e7\u00e3o de alta qualidade, usando tecnologias digitais atualizadas e respondendo \u00e0s necessidades de desenvolvimento de conhecimento e compet\u00eancias da m\u00e3o-de-obra jovem e futura na economia crescente do Turismo, especialmente em dois fatores principais de crescimento do setor tur\u00edstico para o futuro pr\u00f3ximo: Slow Tourism e E-Tourism.&hellip;\" \/>\n<meta property=\"og:url\" content=\"https:\/\/turismo.uma.pt\/?page_id=1592\" \/>\n<meta property=\"og:site_name\" content=\"Projeto Turismo\" \/>\n<meta property=\"article:modified_time\" content=\"2018-01-16T09:52:23+00:00\" \/>\n<meta name=\"twitter:card\" content=\"summary_large_image\" \/>\n<meta name=\"twitter:label1\" content=\"Tempo estimado de leitura\" \/>\n\t<meta name=\"twitter:data1\" content=\"1 minuto\" \/>\n<script type=\"application\/ld+json\" class=\"yoast-schema-graph\">{\"@context\":\"https:\/\/schema.org\",\"@graph\":[{\"@type\":\"WebPage\",\"@id\":\"https:\/\/turismo.uma.pt\/?page_id=1592\",\"url\":\"https:\/\/turismo.uma.pt\/?page_id=1592\",\"name\":\"Atividades - Projeto Turismo\",\"isPartOf\":{\"@id\":\"https:\/\/turismo.uma.pt\/#website\"},\"datePublished\":\"2018-01-16T09:51:44+00:00\",\"dateModified\":\"2018-01-16T09:52:23+00:00\",\"inLanguage\":\"pt-PT\",\"potentialAction\":[{\"@type\":\"ReadAction\",\"target\":[\"https:\/\/turismo.uma.pt\/?page_id=1592\"]}]},{\"@type\":\"WebSite\",\"@id\":\"https:\/\/turismo.uma.pt\/#website\",\"url\":\"https:\/\/turismo.uma.pt\/\",\"name\":\"Projeto Turismo\",\"description\":\"Universidade da Madeira\",\"potentialAction\":[{\"@type\":\"SearchAction\",\"target\":{\"@type\":\"EntryPoint\",\"urlTemplate\":\"https:\/\/turismo.uma.pt\/?s={search_term_string}\"},\"query-input\":\"required name=search_term_string\"}],\"inLanguage\":\"pt-PT\"}]}<\/script>\n<!-- \/ Yoast SEO plugin. -->","yoast_head_json":{"title":"Atividades - Projeto Turismo","robots":{"index":"index","follow":"follow","max-snippet":"max-snippet:-1","max-image-preview":"max-image-preview:large","max-video-preview":"max-video-preview:-1"},"canonical":"https:\/\/turismo.uma.pt\/?page_id=1592","og_locale":"pt_PT","og_type":"article","og_title":"Atividades - Projeto Turismo","og_description":"Os 5 parceiros deste projeto visam criar m\u00f3dulos de forma\u00e7\u00e3o de alta qualidade, usando tecnologias digitais atualizadas e respondendo \u00e0s necessidades de desenvolvimento de conhecimento e compet\u00eancias da m\u00e3o-de-obra jovem e futura na economia crescente do Turismo, especialmente em dois fatores principais de crescimento do setor tur\u00edstico para o futuro pr\u00f3ximo: Slow Tourism e E-Tourism.&hellip;","og_url":"https:\/\/turismo.uma.pt\/?page_id=1592","og_site_name":"Projeto Turismo","article_modified_time":"2018-01-16T09:52:23+00:00","twitter_card":"summary_large_image","twitter_misc":{"Tempo estimado de leitura":"1 minuto"},"schema":{"@context":"https:\/\/schema.org","@graph":[{"@type":"WebPage","@id":"https:\/\/turismo.uma.pt\/?page_id=1592","url":"https:\/\/turismo.uma.pt\/?page_id=1592","name":"Atividades - Projeto Turismo","isPartOf":{"@id":"https:\/\/turismo.uma.pt\/#website"},"datePublished":"2018-01-16T09:51:44+00:00","dateModified":"2018-01-16T09:52:23+00:00","inLanguage":"pt-PT","potentialAction":[{"@type":"ReadAction","target":["https:\/\/turismo.uma.pt\/?page_id=1592"]}]},{"@type":"WebSite","@id":"https:\/\/turismo.uma.pt\/#website","url":"https:\/\/turismo.uma.pt\/","name":"Projeto Turismo","description":"Universidade da Madeira","potentialAction":[{"@type":"SearchAction","target":{"@type":"EntryPoint","urlTemplate":"https:\/\/turismo.uma.pt\/?s={search_term_string}"},"query-input":"required name=search_term_string"}],"inLanguage":"pt-PT"}]}},"_links":{"self":[{"href":"https:\/\/turismo.uma.pt\/index.php?rest_route=\/wp\/v2\/pages\/1592"}],"collection":[{"href":"https:\/\/turismo.uma.pt\/index.php?rest_route=\/wp\/v2\/pages"}],"about":[{"href":"https:\/\/turismo.uma.pt\/index.php?rest_route=\/wp\/v2\/types\/page"}],"author":[{"embeddable":true,"href":"https:\/\/turismo.uma.pt\/index.php?rest_route=\/wp\/v2\/users\/1"}],"replies":[{"embeddable":true,"href":"https:\/\/turismo.uma.pt\/index.php?rest_route=%2Fwp%2Fv2%2Fcomments&post=1592"}],"version-history":[{"count":1,"href":"https:\/\/turismo.uma.pt\/index.php?rest_route=\/wp\/v2\/pages\/1592\/revisions"}],"predecessor-version":[{"id":1593,"href":"https:\/\/turismo.uma.pt\/index.php?rest_route=\/wp\/v2\/pages\/1592\/revisions\/1593"}],"wp:attachment":[{"href":"https:\/\/turismo.uma.pt\/index.php?rest_route=%2Fwp%2Fv2%2Fmedia&parent=1592"}],"curies":[{"name":"wp","href":"https:\/\/api.w.org\/{rel}","templated":true}]}}