{"id":1609,"date":"2018-01-16T16:43:56","date_gmt":"2018-01-16T16:43:56","guid":{"rendered":"http:\/\/turismo.uma.pt\/?page_id=1609"},"modified":"2021-02-26T12:36:46","modified_gmt":"2021-02-26T12:36:46","slug":"membros","status":"publish","type":"page","link":"https:\/\/turismo.uma.pt\/?page_id=1609","title":{"rendered":"Membros do Projeto Turismo"},"content":{"rendered":"\n<p class=\"has-text-align-center\"><strong>Coordenador<\/strong><\/p>\n\n\n\n<div class=\"wp-block-image is-style-rounded\"><figure class=\"aligncenter is-resized\"><img loading=\"lazy\" decoding=\"async\" src=\"https:\/\/turismo.uma.pt\/wp-content\/uploads\/2021\/02\/ST.png\" alt=\"\" class=\"wp-image-4029\" width=\"217\" height=\"217\"\/><figcaption><strong>Susana Teles<\/strong><\/figcaption><\/figure><\/div>\n\n\n\n\n\n<p class=\"has-text-align-center\"><strong>Professores Investigadores<\/strong><\/p>\n\n\n\n<div class=\"wp-block-group\"><div class=\"wp-block-group__inner-container is-layout-flow wp-block-group-is-layout-flow\">\n<div class=\"wp-block-group\"><div class=\"wp-block-group__inner-container is-layout-flow wp-block-group-is-layout-flow\">\n<div class=\"wp-block-image is-style-rounded\"><figure class=\"aligncenter size-large is-resized\"><a href=\"https:\/\/turismo.uma.pt\/wp-content\/uploads\/2019\/03\/Ant\u00f3nio-Almeida-2.jpg\"><img loading=\"lazy\" decoding=\"async\" src=\"https:\/\/turismo.uma.pt\/wp-content\/uploads\/2019\/03\/Ant\u00f3nio-Almeida-2.jpg\" alt=\"\" class=\"wp-image-3022\" width=\"217\" height=\"217\" title=\"Ant\u00f3nio Almeida 2\"\/><\/a><figcaption><strong>Ant\u00f3nio Almeida<\/strong><\/figcaption><\/figure><\/div>\n<\/div><\/div>\n<\/div><\/div>\n\n\n\n<h3 class=\"wp-block-heading\">&nbsp;<\/h3>\n\n\n\n<div class=\"wp-block-image is-style-rounded\"><figure class=\"aligncenter size-large is-resized\"><a href=\"https:\/\/turismo.uma.pt\/wp-content\/uploads\/2019\/04\/Foto_Carmen-e1556287271270.jpeg\"><img loading=\"lazy\" decoding=\"async\" src=\"https:\/\/turismo.uma.pt\/wp-content\/uploads\/2019\/04\/Foto_Carmen-1024x768.jpeg\" alt=\"\" class=\"wp-image-3173\" width=\"217\" height=\"217\" title=\"Foto_Carmen\"\/><\/a><figcaption><strong>Carmen Freitas<\/strong><\/figcaption><\/figure><\/div>\n\n\n\n<h3 class=\"wp-block-heading\">&nbsp;<\/h3>\n\n\n\n<div class=\"wp-block-image is-style-rounded\"><figure class=\"aligncenter size-large is-resized\"><a href=\"https:\/\/turismo.uma.pt\/wp-content\/uploads\/2018\/06\/Foto_CatarinaFernando.jpg\"><img loading=\"lazy\" decoding=\"async\" src=\"https:\/\/turismo.uma.pt\/wp-content\/uploads\/2018\/06\/Foto_CatarinaFernando.jpg\" alt=\"\" class=\"wp-image-2585\" width=\"217\" height=\"217\" title=\"Foto_CatarinaFernando\"\/><\/a><figcaption><strong>Catarina Fernando<\/strong><\/figcaption><\/figure><\/div>\n\n\n\n<h3 class=\"wp-block-heading\">&nbsp;<\/h3>\n\n\n\n<div class=\"wp-block-image is-style-rounded\"><figure class=\"aligncenter size-large is-resized\"><a href=\"https:\/\/turismo.uma.pt\/wp-content\/uploads\/2019\/03\/Foto_-Eduardo-Leite.png\"><img loading=\"lazy\" decoding=\"async\" src=\"https:\/\/turismo.uma.pt\/wp-content\/uploads\/2019\/03\/Foto_-Eduardo-Leite.png\" alt=\"\" class=\"wp-image-2996\" width=\"217\" height=\"217\" title=\"Foto_ Eduardo Leite\"\/><\/a><figcaption><strong>Eduardo Leite<\/strong><\/figcaption><\/figure><\/div>\n\n\n\n<h3 class=\"wp-block-heading\">&nbsp;<\/h3>\n\n\n\n<div class=\"wp-block-image is-style-rounded\"><figure class=\"aligncenter size-large is-resized\"><a href=\"https:\/\/turismo.uma.pt\/wp-content\/uploads\/2020\/02\/Foto_-Eduardo-Marques.png\"><img loading=\"lazy\" decoding=\"async\" src=\"https:\/\/turismo.uma.pt\/wp-content\/uploads\/2020\/02\/Foto_-Eduardo-Marques-967x1024.png\" alt=\"\" class=\"wp-image-3667\" width=\"217\" height=\"217\" title=\"Foto_ Eduardo Marques\"\/><\/a><figcaption><strong>Eduardo Marques<\/strong><\/figcaption><\/figure><\/div>\n\n\n\n<h3 class=\"wp-block-heading\">&nbsp;<\/h3>\n\n\n\n<div class=\"wp-block-image is-style-rounded\"><figure class=\"aligncenter size-large is-resized\"><a href=\"https:\/\/turismo.uma.pt\/wp-content\/uploads\/2018\/02\/frederica-e1536244001984.jpg\"><img loading=\"lazy\" decoding=\"async\" src=\"https:\/\/turismo.uma.pt\/wp-content\/uploads\/2018\/02\/frederica-e1536244001984.jpg\" alt=\"\" class=\"wp-image-1824\" width=\"217\" height=\"217\" title=\"frederica\"\/><\/a><figcaption><strong>Frederica Gon\u00e7alves<\/strong><\/figcaption><\/figure><\/div>\n\n\n\n<h3 class=\"wp-block-heading\">&nbsp;<\/h3>\n\n\n\n<div class=\"wp-block-image is-style-rounded\"><figure class=\"aligncenter size-large is-resized\"><a href=\"https:\/\/turismo.uma.pt\/wp-content\/uploads\/2018\/01\/helder-lopes-e1536164673311.jpg\"><img loading=\"lazy\" decoding=\"async\" src=\"https:\/\/turismo.uma.pt\/wp-content\/uploads\/2018\/01\/helder-lopes-e1536164673311.jpg\" alt=\"\" class=\"wp-image-1651\" width=\"217\" height=\"217\" title=\"helder lopes\"\/><\/a><figcaption><strong>H\u00e9lder Lopes<\/strong><\/figcaption><\/figure><\/div>\n\n\n\n<h3 class=\"wp-block-heading\">&nbsp;<\/h3>\n\n\n\n<div class=\"wp-block-image is-style-rounded\"><figure class=\"aligncenter size-large is-resized\"><a href=\"https:\/\/turismo.uma.pt\/wp-content\/uploads\/2020\/02\/Foto_-Jo\u00e3o-Prudente-PNG.png\"><img loading=\"lazy\" decoding=\"async\" src=\"https:\/\/turismo.uma.pt\/wp-content\/uploads\/2020\/02\/Foto_-Jo\u00e3o-Prudente-PNG-967x1024.png\" alt=\"\" class=\"wp-image-3672\" width=\"217\" height=\"217\" title=\"Foto_ Jo\u00e3o Prudente PNG\"\/><\/a><figcaption><strong>Jo\u00e3o Prudente<\/strong><\/figcaption><\/figure><\/div>\n\n\n\n<h3 class=\"wp-block-heading\">&nbsp;<\/h3>\n\n\n\n<div class=\"wp-block-image is-style-rounded\"><figure class=\"aligncenter is-resized\"><a href=\"_wp_link_placeholder\"><img loading=\"lazy\" decoding=\"async\" src=\"https:\/\/turismo.uma.pt\/wp-content\/uploads\/2018\/01\/60991_155457491140000_4044509_n.jpg\" alt=\"\" width=\"217\" height=\"217\"\/><\/a><figcaption><strong>Mara Franco<\/strong><\/figcaption><\/figure><\/div>\n\n\n\n<p><\/p>\n\n\n\n<div class=\"wp-block-image is-style-rounded\"><figure class=\"aligncenter size-large is-resized\"><a href=\"https:\/\/turismo.uma.pt\/wp-content\/uploads\/2019\/03\/Foto_Naidea_Nunes.jpg.png\"><img loading=\"lazy\" decoding=\"async\" src=\"https:\/\/turismo.uma.pt\/wp-content\/uploads\/2019\/03\/Foto_Naidea_Nunes.jpg.png\" alt=\"\" class=\"wp-image-3021\" width=\"217\" height=\"217\" title=\"Foto_Naidea_Nunes.jpg\"\/><\/a><figcaption><strong>Naidea Nunes<\/strong><\/figcaption><\/figure><\/div>\n\n\n\n<h3 class=\"wp-block-heading\">&nbsp;<\/h3>\n\n\n\n<div class=\"wp-block-image is-style-rounded\"><figure class=\"aligncenter size-large is-resized\"><a href=\"https:\/\/turismo.uma.pt\/wp-content\/uploads\/2018\/02\/Ricardo-Correia.jpg\"><img loading=\"lazy\" decoding=\"async\" src=\"https:\/\/turismo.uma.pt\/wp-content\/uploads\/2018\/02\/Ricardo-Correia.jpg\" alt=\"\" class=\"wp-image-1690\" width=\"217\" height=\"217\" title=\"Ricardo Correia\"\/><\/a><figcaption><strong>Ricardo Correia<\/strong><\/figcaption><\/figure><\/div>\n\n\n\n<h3 class=\"wp-block-heading\">&nbsp;<\/h3>\n\n\n\n<div class=\"wp-block-image is-style-rounded\"><figure class=\"aligncenter size-large is-resized\"><a href=\"https:\/\/turismo.uma.pt\/wp-content\/uploads\/2018\/01\/13315491_717659498337452_2056883764596257307_n.jpg\"><img loading=\"lazy\" decoding=\"async\" src=\"https:\/\/turismo.uma.pt\/wp-content\/uploads\/2018\/01\/13315491_717659498337452_2056883764596257307_n.jpg\" alt=\"\" class=\"wp-image-1646\" width=\"217\" height=\"217\" title=\"13315491_717659498337452_2056883764596257307_n\" srcset=\"https:\/\/turismo.uma.pt\/wp-content\/uploads\/2018\/01\/13315491_717659498337452_2056883764596257307_n.jpg 250w, https:\/\/turismo.uma.pt\/wp-content\/uploads\/2018\/01\/13315491_717659498337452_2056883764596257307_n-150x150.jpg 150w\" sizes=\"auto, (max-width: 217px) 100vw, 217px\" \/><\/a><figcaption><strong>Rossana Santos<\/strong><\/figcaption><\/figure><\/div>\n\n\n\n<h3 class=\"wp-block-heading\">&nbsp;<\/h3>\n\n\n\n<div class=\"wp-block-image is-style-rounded\"><figure class=\"aligncenter size-large is-resized\"><a href=\"https:\/\/turismo.uma.pt\/wp-content\/uploads\/2019\/03\/Foto_Sergio-Lousada-1.jpg\"><img loading=\"lazy\" decoding=\"async\" src=\"https:\/\/turismo.uma.pt\/wp-content\/uploads\/2019\/03\/Foto_Sergio-Lousada-1.jpg\" alt=\"\" class=\"wp-image-3010\" width=\"217\" height=\"217\" title=\"Foto_Sergio Lousada\"\/><\/a><figcaption><strong>S\u00e9rgio Lousada<\/strong><\/figcaption><\/figure><\/div>\n\n\n\n<h3 class=\"wp-block-heading\">&nbsp;<\/h3>\n\n\n\n<p class=\"has-text-align-center\"><strong>Bolseiros de Investiga\u00e7\u00e3o Doutores<\/strong><\/p>\n\n\n\n<div class=\"wp-block-image is-style-rounded\"><figure class=\"aligncenter size-large is-resized\"><a href=\"https:\/\/turismo.uma.pt\/wp-content\/uploads\/2020\/02\/No-Image.png\"><img loading=\"lazy\" decoding=\"async\" src=\"https:\/\/turismo.uma.pt\/wp-content\/uploads\/2020\/02\/No-Image.png\" alt=\"\" class=\"wp-image-3670\" width=\"217\" height=\"217\" title=\"No Image\" srcset=\"https:\/\/turismo.uma.pt\/wp-content\/uploads\/2020\/02\/No-Image.png 225w, https:\/\/turismo.uma.pt\/wp-content\/uploads\/2020\/02\/No-Image-150x150.png 150w\" sizes=\"auto, (max-width: 217px) 100vw, 217px\" \/><\/a><figcaption><strong>Jo\u00e3o Noite<\/strong><\/figcaption><\/figure><\/div>\n\n\n\n<h3 class=\"wp-block-heading\">&nbsp;<\/h3>\n\n\n\n<div class=\"wp-block-image is-style-rounded\"><figure class=\"aligncenter size-large is-resized\"><a href=\"https:\/\/turismo.uma.pt\/wp-content\/uploads\/2018\/01\/15726386_10210963124536082_7417145403164767216_n.jpg\"><img loading=\"lazy\" decoding=\"async\" src=\"https:\/\/turismo.uma.pt\/wp-content\/uploads\/2018\/01\/15726386_10210963124536082_7417145403164767216_n.jpg\" alt=\"\" class=\"wp-image-1655\" width=\"217\" height=\"217\" title=\"15726386_10210963124536082_7417145403164767216_n\" srcset=\"https:\/\/turismo.uma.pt\/wp-content\/uploads\/2018\/01\/15726386_10210963124536082_7417145403164767216_n.jpg 282w, https:\/\/turismo.uma.pt\/wp-content\/uploads\/2018\/01\/15726386_10210963124536082_7417145403164767216_n-150x150.jpg 150w\" sizes=\"auto, (max-width: 217px) 100vw, 217px\" \/><\/a><figcaption><strong>Pedro Correia<\/strong><\/figcaption><\/figure><\/div>\n\n\n\n<h3 class=\"wp-block-heading\">&nbsp;<\/h3>\n\n\n\n<div class=\"wp-block-image is-style-rounded\"><figure class=\"aligncenter size-large is-resized\"><a href=\"https:\/\/turismo.uma.pt\/wp-content\/uploads\/2020\/02\/No-Image.png\"><img loading=\"lazy\" decoding=\"async\" src=\"https:\/\/turismo.uma.pt\/wp-content\/uploads\/2020\/02\/No-Image.png\" alt=\"\" class=\"wp-image-3670\" width=\"217\" height=\"217\" title=\"No Image\" srcset=\"https:\/\/turismo.uma.pt\/wp-content\/uploads\/2020\/02\/No-Image.png 225w, https:\/\/turismo.uma.pt\/wp-content\/uploads\/2020\/02\/No-Image-150x150.png 150w\" sizes=\"auto, (max-width: 217px) 100vw, 217px\" \/><\/a><figcaption><strong>Sumaira Ashraf<\/strong><\/figcaption><\/figure><\/div>\n\n\n\n<h3 class=\"wp-block-heading\">&nbsp;<\/h3>\n\n\n\n<p class=\"has-text-align-center\"><strong>Bolseiros de Investiga\u00e7\u00e3o Mestres<\/strong><\/p>\n\n\n\n<div class=\"wp-block-image is-style-rounded\"><figure class=\"aligncenter size-large is-resized\"><a href=\"https:\/\/turismo.uma.pt\/wp-content\/uploads\/2019\/03\/Foto_RenatoMarques-MAIOR.jpg\"><img loading=\"lazy\" decoding=\"async\" src=\"https:\/\/turismo.uma.pt\/wp-content\/uploads\/2019\/03\/Foto_RenatoMarques-MAIOR.jpg\" alt=\"\" class=\"wp-image-3024\" width=\"217\" height=\"217\" title=\"Foto_RenatoMarques MAIOR\"\/><\/a><figcaption><strong>Renato Marques<\/strong><\/figcaption><\/figure><\/div>\n\n\n\n<h3 class=\"wp-block-heading\">&nbsp;<\/h3>\n\n\n\n<div class=\"wp-block-image is-style-rounded\"><figure class=\"aligncenter size-large is-resized\"><a href=\"https:\/\/turismo.uma.pt\/wp-content\/uploads\/2020\/02\/No-Image.png\"><img loading=\"lazy\" decoding=\"async\" src=\"https:\/\/turismo.uma.pt\/wp-content\/uploads\/2020\/02\/No-Image.png\" alt=\"\" class=\"wp-image-3670\" width=\"217\" height=\"217\" title=\"No Image\" srcset=\"https:\/\/turismo.uma.pt\/wp-content\/uploads\/2020\/02\/No-Image.png 225w, https:\/\/turismo.uma.pt\/wp-content\/uploads\/2020\/02\/No-Image-150x150.png 150w\" sizes=\"auto, (max-width: 217px) 100vw, 217px\" \/><\/a><figcaption><strong>Arturo Sousa<\/strong><\/figcaption><\/figure><\/div>\n\n\n\n<h3 class=\"wp-block-heading\">&nbsp;<\/h3>\n\n\n\n<p class=\"has-text-align-center\"><strong>Bolseiros de Investiga\u00e7\u00e3o Licenciados<\/strong><\/p>\n\n\n\n<div class=\"wp-block-image is-style-rounded\"><figure class=\"aligncenter size-large is-resized\"><a href=\"https:\/\/turismo.uma.pt\/wp-content\/uploads\/2020\/02\/No-Image.png\"><img loading=\"lazy\" decoding=\"async\" src=\"https:\/\/turismo.uma.pt\/wp-content\/uploads\/2020\/02\/No-Image.png\" alt=\"\" class=\"wp-image-3670\" width=\"217\" height=\"217\" title=\"No Image\" srcset=\"https:\/\/turismo.uma.pt\/wp-content\/uploads\/2020\/02\/No-Image.png 225w, https:\/\/turismo.uma.pt\/wp-content\/uploads\/2020\/02\/No-Image-150x150.png 150w\" sizes=\"auto, (max-width: 217px) 100vw, 217px\" \/><\/a><figcaption><strong>Diana Torres<\/strong><\/figcaption><\/figure><\/div>\n\n\n\n<h3 class=\"wp-block-heading\">&nbsp;<\/h3>\n\n\n","protected":false},"excerpt":{"rendered":"<p>Coordenador Professores Investigadores &nbsp; &nbsp; &nbsp; &nbsp; &nbsp; &nbsp; &nbsp; &nbsp; &nbsp; &nbsp; &nbsp; &nbsp; Bolseiros de Investiga\u00e7\u00e3o Doutores &nbsp; &nbsp; &nbsp; Bolseiros de Investiga\u00e7\u00e3o Mestres &nbsp; &nbsp; Bolseiros de Investiga\u00e7\u00e3o Licenciados &nbsp;<\/p>\n","protected":false},"author":1,"featured_media":0,"parent":7,"menu_order":0,"comment_status":"closed","ping_status":"open","template":"fullwidth.php","meta":{"_monsterinsights_skip_tracking":false,"_monsterinsights_sitenote_active":false,"_monsterinsights_sitenote_note":"","_monsterinsights_sitenote_category":0,"_mc_calendar":[],"footnotes":""},"class_list":["post-1609","page","type-page","status-publish","hentry"],"yoast_head":"<!-- This site is optimized with the Yoast SEO plugin v27.4 - https:\/\/yoast.com\/product\/yoast-seo-wordpress\/ -->\n<title>Membros do Projeto Turismo - Projeto Turismo<\/title>\n<meta name=\"robots\" content=\"index, follow, max-snippet:-1, max-image-preview:large, max-video-preview:-1\" \/>\n<link rel=\"canonical\" href=\"https:\/\/turismo.uma.pt\/?page_id=1609\" \/>\n<meta property=\"og:locale\" content=\"pt_PT\" \/>\n<meta property=\"og:type\" content=\"article\" \/>\n<meta property=\"og:title\" content=\"Membros do Projeto Turismo - Projeto Turismo\" \/>\n<meta property=\"og:description\" content=\"Coordenador Professores Investigadores &nbsp; &nbsp; &nbsp; &nbsp; &nbsp; &nbsp; &nbsp; &nbsp; &nbsp; &nbsp; &nbsp; &nbsp; Bolseiros de Investiga\u00e7\u00e3o Doutores &nbsp; &nbsp; &nbsp; Bolseiros de Investiga\u00e7\u00e3o Mestres &nbsp; &nbsp; Bolseiros de Investiga\u00e7\u00e3o Licenciados &nbsp;\" \/>\n<meta property=\"og:url\" content=\"https:\/\/turismo.uma.pt\/?page_id=1609\" \/>\n<meta property=\"og:site_name\" content=\"Projeto Turismo\" \/>\n<meta property=\"article:modified_time\" content=\"2021-02-26T12:36:46+00:00\" \/>\n<meta property=\"og:image\" content=\"https:\/\/turismo.uma.pt\/wp-content\/uploads\/2021\/02\/ST.png\" \/>\n<meta name=\"twitter:card\" content=\"summary_large_image\" \/>\n<meta name=\"twitter:label1\" content=\"Tempo estimado de leitura\" \/>\n\t<meta name=\"twitter:data1\" content=\"5 minutos\" \/>\n<script type=\"application\/ld+json\" class=\"yoast-schema-graph\">{\"@context\":\"https:\\\/\\\/schema.org\",\"@graph\":[{\"@type\":\"WebPage\",\"@id\":\"https:\\\/\\\/turismo.uma.pt\\\/?page_id=1609\",\"url\":\"https:\\\/\\\/turismo.uma.pt\\\/?page_id=1609\",\"name\":\"Membros do Projeto Turismo - Projeto Turismo\",\"isPartOf\":{\"@id\":\"https:\\\/\\\/turismo.uma.pt\\\/#website\"},\"primaryImageOfPage\":{\"@id\":\"https:\\\/\\\/turismo.uma.pt\\\/?page_id=1609#primaryimage\"},\"image\":{\"@id\":\"https:\\\/\\\/turismo.uma.pt\\\/?page_id=1609#primaryimage\"},\"thumbnailUrl\":\"https:\\\/\\\/turismo.uma.pt\\\/wp-content\\\/uploads\\\/2021\\\/02\\\/ST.png\",\"datePublished\":\"2018-01-16T16:43:56+00:00\",\"dateModified\":\"2021-02-26T12:36:46+00:00\",\"breadcrumb\":{\"@id\":\"https:\\\/\\\/turismo.uma.pt\\\/?page_id=1609#breadcrumb\"},\"inLanguage\":\"pt-PT\",\"potentialAction\":[{\"@type\":\"ReadAction\",\"target\":[\"https:\\\/\\\/turismo.uma.pt\\\/?page_id=1609\"]}]},{\"@type\":\"ImageObject\",\"inLanguage\":\"pt-PT\",\"@id\":\"https:\\\/\\\/turismo.uma.pt\\\/?page_id=1609#primaryimage\",\"url\":\"https:\\\/\\\/turismo.uma.pt\\\/wp-content\\\/uploads\\\/2021\\\/02\\\/ST.png\",\"contentUrl\":\"https:\\\/\\\/turismo.uma.pt\\\/wp-content\\\/uploads\\\/2021\\\/02\\\/ST.png\",\"width\":487,\"height\":448},{\"@type\":\"BreadcrumbList\",\"@id\":\"https:\\\/\\\/turismo.uma.pt\\\/?page_id=1609#breadcrumb\",\"itemListElement\":[{\"@type\":\"ListItem\",\"position\":1,\"name\":\"In\u00edcio\",\"item\":\"https:\\\/\\\/turismo.uma.pt\\\/?page_id=7\"},{\"@type\":\"ListItem\",\"position\":2,\"name\":\"Membros do Projeto Turismo\"}]},{\"@type\":\"WebSite\",\"@id\":\"https:\\\/\\\/turismo.uma.pt\\\/#website\",\"url\":\"https:\\\/\\\/turismo.uma.pt\\\/\",\"name\":\"Projeto Turismo\",\"description\":\"Universidade da Madeira\",\"potentialAction\":[{\"@type\":\"SearchAction\",\"target\":{\"@type\":\"EntryPoint\",\"urlTemplate\":\"https:\\\/\\\/turismo.uma.pt\\\/?s={search_term_string}\"},\"query-input\":{\"@type\":\"PropertyValueSpecification\",\"valueRequired\":true,\"valueName\":\"search_term_string\"}}],\"inLanguage\":\"pt-PT\"}]}<\/script>\n<!-- \/ Yoast SEO plugin. -->","yoast_head_json":{"title":"Membros do Projeto Turismo - Projeto Turismo","robots":{"index":"index","follow":"follow","max-snippet":"max-snippet:-1","max-image-preview":"max-image-preview:large","max-video-preview":"max-video-preview:-1"},"canonical":"https:\/\/turismo.uma.pt\/?page_id=1609","og_locale":"pt_PT","og_type":"article","og_title":"Membros do Projeto Turismo - Projeto Turismo","og_description":"Coordenador Professores Investigadores &nbsp; &nbsp; &nbsp; &nbsp; &nbsp; &nbsp; &nbsp; &nbsp; &nbsp; &nbsp; &nbsp; &nbsp; Bolseiros de Investiga\u00e7\u00e3o Doutores &nbsp; &nbsp; &nbsp; Bolseiros de Investiga\u00e7\u00e3o Mestres &nbsp; &nbsp; Bolseiros de Investiga\u00e7\u00e3o Licenciados &nbsp;","og_url":"https:\/\/turismo.uma.pt\/?page_id=1609","og_site_name":"Projeto Turismo","article_modified_time":"2021-02-26T12:36:46+00:00","og_image":[{"url":"https:\/\/turismo.uma.pt\/wp-content\/uploads\/2021\/02\/ST.png","type":"","width":"","height":""}],"twitter_card":"summary_large_image","twitter_misc":{"Tempo estimado de leitura":"5 minutos"},"schema":{"@context":"https:\/\/schema.org","@graph":[{"@type":"WebPage","@id":"https:\/\/turismo.uma.pt\/?page_id=1609","url":"https:\/\/turismo.uma.pt\/?page_id=1609","name":"Membros do Projeto Turismo - Projeto Turismo","isPartOf":{"@id":"https:\/\/turismo.uma.pt\/#website"},"primaryImageOfPage":{"@id":"https:\/\/turismo.uma.pt\/?page_id=1609#primaryimage"},"image":{"@id":"https:\/\/turismo.uma.pt\/?page_id=1609#primaryimage"},"thumbnailUrl":"https:\/\/turismo.uma.pt\/wp-content\/uploads\/2021\/02\/ST.png","datePublished":"2018-01-16T16:43:56+00:00","dateModified":"2021-02-26T12:36:46+00:00","breadcrumb":{"@id":"https:\/\/turismo.uma.pt\/?page_id=1609#breadcrumb"},"inLanguage":"pt-PT","potentialAction":[{"@type":"ReadAction","target":["https:\/\/turismo.uma.pt\/?page_id=1609"]}]},{"@type":"ImageObject","inLanguage":"pt-PT","@id":"https:\/\/turismo.uma.pt\/?page_id=1609#primaryimage","url":"https:\/\/turismo.uma.pt\/wp-content\/uploads\/2021\/02\/ST.png","contentUrl":"https:\/\/turismo.uma.pt\/wp-content\/uploads\/2021\/02\/ST.png","width":487,"height":448},{"@type":"BreadcrumbList","@id":"https:\/\/turismo.uma.pt\/?page_id=1609#breadcrumb","itemListElement":[{"@type":"ListItem","position":1,"name":"In\u00edcio","item":"https:\/\/turismo.uma.pt\/?page_id=7"},{"@type":"ListItem","position":2,"name":"Membros do Projeto Turismo"}]},{"@type":"WebSite","@id":"https:\/\/turismo.uma.pt\/#website","url":"https:\/\/turismo.uma.pt\/","name":"Projeto Turismo","description":"Universidade da Madeira","potentialAction":[{"@type":"SearchAction","target":{"@type":"EntryPoint","urlTemplate":"https:\/\/turismo.uma.pt\/?s={search_term_string}"},"query-input":{"@type":"PropertyValueSpecification","valueRequired":true,"valueName":"search_term_string"}}],"inLanguage":"pt-PT"}]}},"_links":{"self":[{"href":"https:\/\/turismo.uma.pt\/index.php?rest_route=\/wp\/v2\/pages\/1609","targetHints":{"allow":["GET"]}}],"collection":[{"href":"https:\/\/turismo.uma.pt\/index.php?rest_route=\/wp\/v2\/pages"}],"about":[{"href":"https:\/\/turismo.uma.pt\/index.php?rest_route=\/wp\/v2\/types\/page"}],"author":[{"embeddable":true,"href":"https:\/\/turismo.uma.pt\/index.php?rest_route=\/wp\/v2\/users\/1"}],"replies":[{"embeddable":true,"href":"https:\/\/turismo.uma.pt\/index.php?rest_route=%2Fwp%2Fv2%2Fcomments&post=1609"}],"version-history":[{"count":60,"href":"https:\/\/turismo.uma.pt\/index.php?rest_route=\/wp\/v2\/pages\/1609\/revisions"}],"predecessor-version":[{"id":4059,"href":"https:\/\/turismo.uma.pt\/index.php?rest_route=\/wp\/v2\/pages\/1609\/revisions\/4059"}],"up":[{"embeddable":true,"href":"https:\/\/turismo.uma.pt\/index.php?rest_route=\/wp\/v2\/pages\/7"}],"wp:attachment":[{"href":"https:\/\/turismo.uma.pt\/index.php?rest_route=%2Fwp%2Fv2%2Fmedia&parent=1609"}],"curies":[{"name":"wp","href":"https:\/\/api.w.org\/{rel}","templated":true}]}}