{"id":1805,"date":"2018-02-21T11:57:34","date_gmt":"2018-02-21T11:57:34","guid":{"rendered":"http:\/\/turismo.uma.pt\/?page_id=1805"},"modified":"2022-04-21T14:47:16","modified_gmt":"2022-04-21T14:47:16","slug":"pt-caraterizacao-impacto-e-sustentabilidade-do-turismo-na-madeira","status":"publish","type":"page","link":"https:\/\/turismo.uma.pt\/?page_id=1805","title":{"rendered":"Projeto Turismo: Carateriza\u00e7\u00e3o, Impacto e Sustentabilidade do Turismo da Madeira"},"content":{"rendered":"<p><img loading=\"lazy\" decoding=\"async\" title=\"Projeto Turismo final\" src=\"http:\/\/turismo.uma.pt\/wp-content\/uploads\/2019\/08\/Projeto-Turismo-final.png\" alt=\"Projeto Turismo final\" width=\"4273\" height=\"1201\" \/><\/p>\n<p><a href=\"wp-content\/uploads\/2017\/12\/PO_Madeira_PT2020_FEDER.jpg\"><img loading=\"lazy\" decoding=\"async\" src=\"wp-content\/uploads\/2017\/12\/PO_Madeira_PT2020_FEDER.jpg\" alt=\"PO_Madeira_PT2020_FEDER\" width=\"924\" height=\"105\" \/><\/a><\/p>\n<hr \/>\n<p><strong>Designa\u00e7\u00e3o do projeto | <\/strong>Projeto Turismo: carateriza\u00e7\u00e3o, impacto e sustentabilidade do turismo da Madeira<br \/>\n<strong>C\u00f3digo do projeto |<\/strong> M1420-01-0145-FEDER-000007<br \/>\n<strong>Objetivo principal | <\/strong>Refor\u00e7ar a investiga\u00e7\u00e3o, o desenvolvimento tecnol\u00f3gico e a inova\u00e7\u00e3o<br \/>\n<strong>Regi\u00e3o de interven\u00e7\u00e3o |<\/strong> Regi\u00e3o Aut\u00f3noma da Madeira<\/p>\n<p><strong>Data de aprova\u00e7\u00e3o | <\/strong>13-07-2017<br \/>\n<strong>Data de in\u00edcio | <\/strong>01-06-2015<br \/>\n<strong>Data de conclus\u00e3o |<\/strong> 31-05-2021<br \/>\n<strong>Custo total eleg\u00edvel |<\/strong>928.366,28\u20ac<br \/>\n<strong>Apoio financeiro da Uni\u00e3o Europeia (FEDER 85%) | <\/strong>789.111,34\u20ac<br \/>\n<strong>Comparticipa\u00e7\u00e3o da Universidade da Madeira (15%) | <\/strong>139.254,94\u20ac<\/p>\n<hr \/>\n<p><a title=\"Projeto Turismo \u2013 Descri\u00e7\u00e3o do Projeto\" href=\"?page_id=1563\">DESCRI\u00c7\u00c3O DO PROJETO<\/a><\/p>\n<p>O Projeto Turismo ir\u00e1 contribuir para o <strong>desenvolvimento e reconhecimento da investiga\u00e7\u00e3o em turismo a n\u00edvel internacional<\/strong> e por conseguinte ir\u00e1 tornar a Regi\u00e3o conhecida e\u00a0reconhecida pela investiga\u00e7\u00e3o realizada em turismo, atrav\u00e9s da publica\u00e7\u00e3o de artigos cient\u00edficos em revistas l\u00edderes internacionais, pela integra\u00e7\u00e3o em redes de investiga\u00e7\u00e3o\u00a0internacionais, pela colabora\u00e7\u00e3o em projetos de IDT+I.<\/p>\n<p>O Projeto Turismo <strong>tem como objetivo a produ\u00e7\u00e3o de conhecimento pr\u00f3prio na \u00e1rea do turismo,<\/strong> em articula\u00e7\u00e3o com o Plano Madeira 2020 \u2013 Estrat\u00e9gia Regional de\u00a0Especializa\u00e7\u00e3o Inteligente (RIS3) e com o Plano de Desenvolvimento Tecnol\u00f3gico e Inova\u00e7\u00e3o da RAM (PIDT&amp;I), para que, a m\u00e9dio prazo, possa ser considerado um centro de\u00a0investiga\u00e7\u00e3o de excel\u00eancia, l\u00edder e inovador no sector do turismo da Regi\u00e3o Aut\u00f3noma da Madeira.<\/p>\n<p><strong>\u2013 Criar, atrair e reter massa cr\u00edtica especializada em turismo;<\/strong><br \/>\n<strong> \u2013 Incrementar a produ\u00e7\u00e3o cient\u00edfica na \u00e1rea do turismo com aplica\u00e7\u00e3o pr\u00e1tica na regi\u00e3o;<\/strong><br \/>\n<strong> \u2013 Realizar estudos sobre sistemas de informa\u00e7\u00e3o e implementa\u00e7\u00e3o de instrumentos inovadores para a promo\u00e7\u00e3o do destino;<\/strong><br \/>\n<strong> \u2013 Transferir o conhecimento para o sector do turismo e colaborar com institui\u00e7\u00f5es de investiga\u00e7\u00e3o internacionais com reconhecido m\u00e9rito no dom\u00ednio do turismo<\/strong><\/p>\n<hr \/>\n<p><a title=\"Atividades\" href=\"?page_id=1586\">ATIVIDADES<\/a><\/p>\n<p>O projeto pretende promover a publica\u00e7\u00e3o de artigos em revistas cient\u00edficas internacionais com arbitragem e a realiza\u00e7\u00e3o de estudos de caso, que poder\u00e3o ser utilizados nos cursos de p\u00f3s-gradua\u00e7\u00e3o e MBA, mestrado e forma\u00e7\u00e3o executiva. Pretende, ainda, uma melhoria da qualidade metodol\u00f3gica, atrav\u00e9s da contrata\u00e7\u00e3o de investigadores, da melhoria de infraestruturas de investiga\u00e7\u00e3o, da cria\u00e7\u00e3o de emprego altamente qualificado e do estabelecimento de parcerias com institui\u00e7\u00f5es internacionais l\u00edderes em investiga\u00e7\u00e3o em turismo, como a Universidade de La Laguna (Institute of Social and Political Science and Tourism), Aberyswyth University (Centre for Local and Regional Enterprise) e a Oxford Brookes University, que ser\u00e3o elementos essenciais para transmiss\u00e3o de conhecimento nos Projetos de I&amp;D abaixo elencados.<br \/>\nDecorrente destas a\u00e7\u00f5es, poder\u00e1 apresentar candidaturas a projetos de investiga\u00e7\u00e3o e desenvolvimento a programas de financiamento no \u00e2mbito do Horizonte 2020 ou de programas espec\u00edficos como o PROCi\u00eancia 2020.<br \/>\nA opera\u00e7\u00e3o transversal desenvolve-se em torno de tr\u00eas grandes \u00e1reas, designadas por Projetos de I&amp;D:<\/p>\n<ol>\n<li><a href=\"?page_id=1864\"><strong>Projeto \u201cDestino\u201d<\/strong><\/a><br \/>\nO turismo envolve a movimenta\u00e7\u00e3o de pessoas, dos locais de origem para os locais de destino, por conseguinte n\u00e3o poder\u00e1 ser descurada a import\u00e2ncia que os diversos transportes det\u00eam no desenvolvimento da atividade. Isto torna-se ainda mais evidente para as regi\u00f5es insulares, dependentes essencialmente do transporte a\u00e9reo para garantir a sua acessibilidade. O Projeto \u201cDestino\u201d est\u00e1 focado na investiga\u00e7\u00e3o dos fatores de atra\u00e7\u00e3o, nas vantagens competitivas do destino, no potencial e na avalia\u00e7\u00e3o da rede de acessibilidades e mobilidade tur\u00edstica da Regi\u00e3o.<\/li>\n<li><a href=\"?page_id=2101\"><strong>Projeto \u201cMarket\u201d<\/strong><\/a><br \/>\nOs destinos maduros desenvolvem esfor\u00e7os maci\u00e7os de redefini\u00e7\u00e3o da imagem, de forma a potenciar a renova\u00e7\u00e3o dos clientes, com base em novos segmentos\/nichos e a fideliza\u00e7\u00e3o da base de clientes atuais. Malgrado a perce\u00e7\u00e3o de que existem m\u00faltiplos focos de interesse (ex. turismo n\u00e1utico, de natureza, cultural) falta informa\u00e7\u00e3o precisa sobre o potencial de mercado\u00a0destes nichos. O Projeto \u201cMarket\u201d est\u00e1 focado na caracteriza\u00e7\u00e3o do mercado tur\u00edstico na regi\u00e3o, com incid\u00eancia no estudo da concorr\u00eancia, no potencial das \u00e1reas diferenciadoras deste mercado e na an\u00e1lise dos comportamentos dos potenciais e atuais clientes.<\/li>\n<li><a href=\"?page_id=2126\"><strong>Projeto \u201cImpacto\u201d<\/strong><\/a><br \/>\nO desenvolvimento da investiga\u00e7\u00e3o cient\u00edfica integrar\u00e1, al\u00e9m das quest\u00f5es cient\u00edficas, quest\u00f5es sociais e econ\u00f3micas que ir\u00e3o servir a ind\u00fastria. O Projeto \u201cImpacto\u201d est\u00e1 focado no apuramento do impacto macroecon\u00f3mico do sector do turismo na economia e na cria\u00e7\u00e3o de indicadores determinantes para apoio \u00e0 tomada de decis\u00e3o dos intervenientes no sector do turismo. Com incid\u00eancia na otimiza\u00e7\u00e3o das atividades de promo\u00e7\u00e3o tur\u00edstica e na cria\u00e7\u00e3o de solu\u00e7\u00f5es inovadores para aplica\u00e7\u00e3o no sector do turismo.<\/li>\n<\/ol>\n<hr \/>\n<p><a title=\"Resultados\" href=\"?page_id=1265\">RESULTADOS <\/a><\/p>\n<p><strong>Resultados Esperados |\u00a0<\/strong>Os principais resultados finais esperados s\u00e3o: a publica\u00e7\u00e3o de artigos cient\u00edficos em revistas internacionais IF (2015-2021); apresenta\u00e7\u00e3o dos resultados em palestras; aplica\u00e7\u00e3o da investiga\u00e7\u00e3o aos estudos p\u00f3s-graduados em Turismo; elabora\u00e7\u00e3o de estudos de caso em colabora\u00e7\u00e3o com a ind\u00fastria do Turismo e potenciar interc\u00e2mbios na investiga\u00e7\u00e3o tur\u00edstica internacional.<\/p>\n<p><strong>Resultados Atingidos |<\/strong> <a title=\"Resultados\" href=\"?page_id=13\">Consulte aqui.<\/a><\/p>\n<p><strong><a href=\"wp-content\/uploads\/2018\/01\/IMG_20171212_123602916_HDR.jpg\"><img loading=\"lazy\" decoding=\"async\" src=\"wp-content\/uploads\/2018\/01\/IMG_20171212_123602916_HDR-225x300.jpg\" alt=\"IMG_20171212_123602916_HDR\" width=\"225\" height=\"300\" \/><\/a><a href=\"wp-content\/uploads\/2018\/01\/IMG_20171212_123222547-e1514994228721.jpg\"><img loading=\"lazy\" decoding=\"async\" src=\"wp-content\/uploads\/2018\/01\/IMG_20171212_123154716-225x300.jpg\" alt=\"IMG_20171212_123154716\" width=\"225\" height=\"300\" \/><\/a><\/strong><a href=\"wp-content\/uploads\/2018\/01\/IMG_20171212_123222547-e1514994228721.jpg\"><img loading=\"lazy\" decoding=\"async\" src=\"wp-content\/uploads\/2018\/01\/IMG_20171212_123222547-225x300.jpg\" alt=\"IMG_20171212_123222547\" width=\"225\" height=\"300\" \/><\/a><\/p>\n","protected":false},"excerpt":{"rendered":"<p>Designa\u00e7\u00e3o do projeto | Projeto Turismo: carateriza\u00e7\u00e3o, impacto e sustentabilidade do turismo da Madeira C\u00f3digo do projeto | M1420-01-0145-FEDER-000007 Objetivo principal | Refor\u00e7ar a investiga\u00e7\u00e3o, o desenvolvimento tecnol\u00f3gico e a inova\u00e7\u00e3o Regi\u00e3o de interven\u00e7\u00e3o | Regi\u00e3o Aut\u00f3noma da Madeira Data de aprova\u00e7\u00e3o | 13-07-2017 Data de in\u00edcio | 01-06-2015 Data de conclus\u00e3o | 31-05-2021 Custo&hellip;<\/p>\n","protected":false},"author":1,"featured_media":0,"parent":1240,"menu_order":0,"comment_status":"closed","ping_status":"closed","template":"fullwidth.php","meta":{"_monsterinsights_skip_tracking":false,"_monsterinsights_sitenote_active":false,"_monsterinsights_sitenote_note":"","_monsterinsights_sitenote_category":0,"_mc_calendar":[],"footnotes":""},"class_list":["post-1805","page","type-page","status-publish","hentry"],"yoast_head":"<!-- This site is optimized with the Yoast SEO plugin v27.4 - https:\/\/yoast.com\/product\/yoast-seo-wordpress\/ -->\n<title>Projeto Turismo: Carateriza\u00e7\u00e3o, Impacto e Sustentabilidade do Turismo da Madeira - Projeto Turismo<\/title>\n<meta name=\"robots\" content=\"index, follow, max-snippet:-1, max-image-preview:large, max-video-preview:-1\" \/>\n<link rel=\"canonical\" href=\"https:\/\/turismo.uma.pt\/?page_id=1805\" \/>\n<meta property=\"og:locale\" content=\"pt_PT\" \/>\n<meta property=\"og:type\" content=\"article\" \/>\n<meta property=\"og:title\" content=\"Projeto Turismo: Carateriza\u00e7\u00e3o, Impacto e Sustentabilidade do Turismo da Madeira - Projeto Turismo\" \/>\n<meta property=\"og:description\" content=\"Designa\u00e7\u00e3o do projeto | Projeto Turismo: carateriza\u00e7\u00e3o, impacto e sustentabilidade do turismo da Madeira C\u00f3digo do projeto | M1420-01-0145-FEDER-000007 Objetivo principal | Refor\u00e7ar a investiga\u00e7\u00e3o, o desenvolvimento tecnol\u00f3gico e a inova\u00e7\u00e3o Regi\u00e3o de interven\u00e7\u00e3o | Regi\u00e3o Aut\u00f3noma da Madeira Data de aprova\u00e7\u00e3o | 13-07-2017 Data de in\u00edcio | 01-06-2015 Data de conclus\u00e3o | 31-05-2021 Custo&hellip;\" \/>\n<meta property=\"og:url\" content=\"https:\/\/turismo.uma.pt\/?page_id=1805\" \/>\n<meta property=\"og:site_name\" content=\"Projeto Turismo\" \/>\n<meta property=\"article:modified_time\" content=\"2022-04-21T14:47:16+00:00\" \/>\n<meta property=\"og:image\" content=\"http:\/\/turismo.uma.pt\/wp-content\/uploads\/2019\/08\/Projeto-Turismo-final.png\" \/>\n<meta name=\"twitter:card\" content=\"summary_large_image\" \/>\n<meta name=\"twitter:label1\" content=\"Tempo estimado de leitura\" \/>\n\t<meta name=\"twitter:data1\" content=\"6 minutos\" \/>\n<script type=\"application\/ld+json\" class=\"yoast-schema-graph\">{\"@context\":\"https:\\\/\\\/schema.org\",\"@graph\":[{\"@type\":\"WebPage\",\"@id\":\"https:\\\/\\\/turismo.uma.pt\\\/?page_id=1805\",\"url\":\"https:\\\/\\\/turismo.uma.pt\\\/?page_id=1805\",\"name\":\"Projeto Turismo: Carateriza\u00e7\u00e3o, Impacto e Sustentabilidade do Turismo da Madeira - Projeto Turismo\",\"isPartOf\":{\"@id\":\"https:\\\/\\\/turismo.uma.pt\\\/#website\"},\"primaryImageOfPage\":{\"@id\":\"https:\\\/\\\/turismo.uma.pt\\\/?page_id=1805#primaryimage\"},\"image\":{\"@id\":\"https:\\\/\\\/turismo.uma.pt\\\/?page_id=1805#primaryimage\"},\"thumbnailUrl\":\"http:\\\/\\\/turismo.uma.pt\\\/wp-content\\\/uploads\\\/2019\\\/08\\\/Projeto-Turismo-final.png\",\"datePublished\":\"2018-02-21T11:57:34+00:00\",\"dateModified\":\"2022-04-21T14:47:16+00:00\",\"breadcrumb\":{\"@id\":\"https:\\\/\\\/turismo.uma.pt\\\/?page_id=1805#breadcrumb\"},\"inLanguage\":\"pt-PT\",\"potentialAction\":[{\"@type\":\"ReadAction\",\"target\":[\"https:\\\/\\\/turismo.uma.pt\\\/?page_id=1805\"]}]},{\"@type\":\"ImageObject\",\"inLanguage\":\"pt-PT\",\"@id\":\"https:\\\/\\\/turismo.uma.pt\\\/?page_id=1805#primaryimage\",\"url\":\"http:\\\/\\\/turismo.uma.pt\\\/wp-content\\\/uploads\\\/2019\\\/08\\\/Projeto-Turismo-final.png\",\"contentUrl\":\"http:\\\/\\\/turismo.uma.pt\\\/wp-content\\\/uploads\\\/2019\\\/08\\\/Projeto-Turismo-final.png\"},{\"@type\":\"BreadcrumbList\",\"@id\":\"https:\\\/\\\/turismo.uma.pt\\\/?page_id=1805#breadcrumb\",\"itemListElement\":[{\"@type\":\"ListItem\",\"position\":1,\"name\":\"Centro de Investiga\u00e7\u00e3o, Desenvolvimento e Inova\u00e7\u00e3o em Turismo (Polo Madeira)\",\"item\":\"https:\\\/\\\/turismo.uma.pt\\\/?page_id=959\"},{\"@type\":\"ListItem\",\"position\":2,\"name\":\"Projetos Financiados\",\"item\":\"https:\\\/\\\/turismo.uma.pt\\\/?page_id=1240\"},{\"@type\":\"ListItem\",\"position\":3,\"name\":\"Projeto Turismo: Carateriza\u00e7\u00e3o, Impacto e Sustentabilidade do Turismo da Madeira\"}]},{\"@type\":\"WebSite\",\"@id\":\"https:\\\/\\\/turismo.uma.pt\\\/#website\",\"url\":\"https:\\\/\\\/turismo.uma.pt\\\/\",\"name\":\"Projeto Turismo\",\"description\":\"Universidade da Madeira\",\"potentialAction\":[{\"@type\":\"SearchAction\",\"target\":{\"@type\":\"EntryPoint\",\"urlTemplate\":\"https:\\\/\\\/turismo.uma.pt\\\/?s={search_term_string}\"},\"query-input\":{\"@type\":\"PropertyValueSpecification\",\"valueRequired\":true,\"valueName\":\"search_term_string\"}}],\"inLanguage\":\"pt-PT\"}]}<\/script>\n<!-- \/ Yoast SEO plugin. -->","yoast_head_json":{"title":"Projeto Turismo: Carateriza\u00e7\u00e3o, Impacto e Sustentabilidade do Turismo da Madeira - Projeto Turismo","robots":{"index":"index","follow":"follow","max-snippet":"max-snippet:-1","max-image-preview":"max-image-preview:large","max-video-preview":"max-video-preview:-1"},"canonical":"https:\/\/turismo.uma.pt\/?page_id=1805","og_locale":"pt_PT","og_type":"article","og_title":"Projeto Turismo: Carateriza\u00e7\u00e3o, Impacto e Sustentabilidade do Turismo da Madeira - Projeto Turismo","og_description":"Designa\u00e7\u00e3o do projeto | Projeto Turismo: carateriza\u00e7\u00e3o, impacto e sustentabilidade do turismo da Madeira C\u00f3digo do projeto | M1420-01-0145-FEDER-000007 Objetivo principal | Refor\u00e7ar a investiga\u00e7\u00e3o, o desenvolvimento tecnol\u00f3gico e a inova\u00e7\u00e3o Regi\u00e3o de interven\u00e7\u00e3o | Regi\u00e3o Aut\u00f3noma da Madeira Data de aprova\u00e7\u00e3o | 13-07-2017 Data de in\u00edcio | 01-06-2015 Data de conclus\u00e3o | 31-05-2021 Custo&hellip;","og_url":"https:\/\/turismo.uma.pt\/?page_id=1805","og_site_name":"Projeto Turismo","article_modified_time":"2022-04-21T14:47:16+00:00","og_image":[{"url":"http:\/\/turismo.uma.pt\/wp-content\/uploads\/2019\/08\/Projeto-Turismo-final.png","type":"","width":"","height":""}],"twitter_card":"summary_large_image","twitter_misc":{"Tempo estimado de leitura":"6 minutos"},"schema":{"@context":"https:\/\/schema.org","@graph":[{"@type":"WebPage","@id":"https:\/\/turismo.uma.pt\/?page_id=1805","url":"https:\/\/turismo.uma.pt\/?page_id=1805","name":"Projeto Turismo: Carateriza\u00e7\u00e3o, Impacto e Sustentabilidade do Turismo da Madeira - Projeto Turismo","isPartOf":{"@id":"https:\/\/turismo.uma.pt\/#website"},"primaryImageOfPage":{"@id":"https:\/\/turismo.uma.pt\/?page_id=1805#primaryimage"},"image":{"@id":"https:\/\/turismo.uma.pt\/?page_id=1805#primaryimage"},"thumbnailUrl":"http:\/\/turismo.uma.pt\/wp-content\/uploads\/2019\/08\/Projeto-Turismo-final.png","datePublished":"2018-02-21T11:57:34+00:00","dateModified":"2022-04-21T14:47:16+00:00","breadcrumb":{"@id":"https:\/\/turismo.uma.pt\/?page_id=1805#breadcrumb"},"inLanguage":"pt-PT","potentialAction":[{"@type":"ReadAction","target":["https:\/\/turismo.uma.pt\/?page_id=1805"]}]},{"@type":"ImageObject","inLanguage":"pt-PT","@id":"https:\/\/turismo.uma.pt\/?page_id=1805#primaryimage","url":"http:\/\/turismo.uma.pt\/wp-content\/uploads\/2019\/08\/Projeto-Turismo-final.png","contentUrl":"http:\/\/turismo.uma.pt\/wp-content\/uploads\/2019\/08\/Projeto-Turismo-final.png"},{"@type":"BreadcrumbList","@id":"https:\/\/turismo.uma.pt\/?page_id=1805#breadcrumb","itemListElement":[{"@type":"ListItem","position":1,"name":"Centro de Investiga\u00e7\u00e3o, Desenvolvimento e Inova\u00e7\u00e3o em Turismo (Polo Madeira)","item":"https:\/\/turismo.uma.pt\/?page_id=959"},{"@type":"ListItem","position":2,"name":"Projetos Financiados","item":"https:\/\/turismo.uma.pt\/?page_id=1240"},{"@type":"ListItem","position":3,"name":"Projeto Turismo: Carateriza\u00e7\u00e3o, Impacto e Sustentabilidade do Turismo da Madeira"}]},{"@type":"WebSite","@id":"https:\/\/turismo.uma.pt\/#website","url":"https:\/\/turismo.uma.pt\/","name":"Projeto Turismo","description":"Universidade da Madeira","potentialAction":[{"@type":"SearchAction","target":{"@type":"EntryPoint","urlTemplate":"https:\/\/turismo.uma.pt\/?s={search_term_string}"},"query-input":{"@type":"PropertyValueSpecification","valueRequired":true,"valueName":"search_term_string"}}],"inLanguage":"pt-PT"}]}},"_links":{"self":[{"href":"https:\/\/turismo.uma.pt\/index.php?rest_route=\/wp\/v2\/pages\/1805","targetHints":{"allow":["GET"]}}],"collection":[{"href":"https:\/\/turismo.uma.pt\/index.php?rest_route=\/wp\/v2\/pages"}],"about":[{"href":"https:\/\/turismo.uma.pt\/index.php?rest_route=\/wp\/v2\/types\/page"}],"author":[{"embeddable":true,"href":"https:\/\/turismo.uma.pt\/index.php?rest_route=\/wp\/v2\/users\/1"}],"replies":[{"embeddable":true,"href":"https:\/\/turismo.uma.pt\/index.php?rest_route=%2Fwp%2Fv2%2Fcomments&post=1805"}],"version-history":[{"count":27,"href":"https:\/\/turismo.uma.pt\/index.php?rest_route=\/wp\/v2\/pages\/1805\/revisions"}],"predecessor-version":[{"id":4068,"href":"https:\/\/turismo.uma.pt\/index.php?rest_route=\/wp\/v2\/pages\/1805\/revisions\/4068"}],"up":[{"embeddable":true,"href":"https:\/\/turismo.uma.pt\/index.php?rest_route=\/wp\/v2\/pages\/1240"}],"wp:attachment":[{"href":"https:\/\/turismo.uma.pt\/index.php?rest_route=%2Fwp%2Fv2%2Fmedia&parent=1805"}],"curies":[{"name":"wp","href":"https:\/\/api.w.org\/{rel}","templated":true}]}}