{"id":1864,"date":"2018-02-21T17:38:43","date_gmt":"2018-02-21T17:38:43","guid":{"rendered":"http:\/\/turismo.uma.pt\/?page_id=1864"},"modified":"2019-07-17T13:49:32","modified_gmt":"2019-07-17T13:49:32","slug":"destino","status":"publish","type":"page","link":"https:\/\/turismo.uma.pt\/?page_id=1864","title":{"rendered":"Destino"},"content":{"rendered":"<p>Os 4 grandes focos de an\u00e1lise sobre o Destino Madeira.\u00a0<\/p>\n<p>&nbsp;<\/p>\n<p><strong>\u00a01\u00a0\u00a0 PROTE\u00c7\u00c3O E GEST\u00c3O AMBIENTAL DA R.A.M.<\/strong><\/p>\n<p>SINOPSE:<\/p>\n<p>A Regi\u00e3o Aut\u00f3noma da Madeira como destino tur\u00edstico, bastante bem consolidado, carece de um levantamento de opini\u00f5es v\u00e1lidas em rela\u00e7\u00e3o a pr\u00e1ticas ambientais e gest\u00e3o das mesmas, e tendo como refer\u00eancia as bases do desenvolvimento sustent\u00e1vel, a utiliza\u00e7\u00e3o dos recursos naturais existentes para uso tur\u00edstico e as atividades socioecon\u00f3micas compreendidas pelo Modelo Tur\u00edstico e o Modelo Territorial sugeridas para o desenvolvimento tur\u00edstico na RAM, a linha de investiga\u00e7\u00e3o n\u00famero um tem como objetivo:<br \/>\n &#8211; Identificar a opini\u00e3o dos turistas, agentes tur\u00edsticos e popula\u00e7\u00e3o residente no arquip\u00e9lago da Madeira em rela\u00e7\u00e3o \u00e0s pr\u00e1ticas atuais para a prote\u00e7\u00e3o e gest\u00e3o ambiental do destino tur\u00edstico Madeira;<br \/>\n &#8211; Medir o grau de satisfa\u00e7\u00e3o dos grupos acima mencionados relativamente \u00e0 prote\u00e7\u00e3o e gest\u00e3o ambiental do destino.<br \/>\n Assim, como forma de aferi\u00e7\u00e3o da investiga\u00e7\u00e3o aplicada ao destino Madeira, numa primeira fase, o Projeto Turismo: carateriza\u00e7\u00e3o impacto e sustentabilidade do turismo da Madeira, cofinanciado pelo programa Madeira 14-20, dedica-se, no \u00e2mbito da linha de investiga\u00e7\u00e3o \u201cDestino\u201d, na carateriza\u00e7\u00e3o dos pontos tur\u00edsticos na RAM, medi\u00e7\u00e3o do impacto ambiental e avalia\u00e7\u00e3o da sustentabilidade do turismo nesses mesmo pontos. Numa segunda fase o foco reside no benchmarking \u2013 an\u00e1lise comparada de determinadas atra\u00e7\u00f5es tur\u00edsticas do destino Madeira com outros destinos nacionais e internacionais.<\/p>\n<p><strong>Investigador Respons\u00e1vel<\/strong><\/p>\n<p>\t\t\t\t<img loading=\"lazy\" decoding=\"async\" src=\"http:\/\/turismo.uma.pt\/wp-content\/uploads\/bb-plugin\/cache\/LuisMota-circle.jpg\" alt=\"LuisMota\" itemprop=\"image\" height=\"827\" width=\"591\" title=\"LuisMota\"  \/><\/p>\n<h3><\/h3>\n<p>Lu\u00eds Mota<\/p>\n<p><strong>\u00a02\u00a0\u00a0 AN\u00c1LISE DA CAPACIDADE DE CARGA DOS PONTOS TUR\u00cdSTICOS<\/strong><\/p>\n<p>&nbsp;<\/p>\n<p>SINOPSE:<\/p>\n<p>A identifica\u00e7\u00e3o e caracteriza\u00e7\u00e3o dos pontos tur\u00edsticos mais representativos da RAM, proporciona conte\u00fados \u00fateis para a an\u00e1lise da capacidade de carga tur\u00edstica. Esta baseia-se na obten\u00e7\u00e3o de dados estat\u00edsticos obtidos a partir de fontes prim\u00e1rias que referenciam descobertas, ou compartilham informa\u00e7\u00f5es de valor para o nosso estudo. A capacidade de carga tur\u00edstica aborda temas f\u00edsicos relacionados com a atra\u00e7\u00e3o em estudo, onde os valores te\u00f3ricos de utiliza\u00e7\u00e3o s\u00e3o calculados para minimizar impactos no meio ambiente. Uma an\u00e1lise completa ao impacto e sustentabilidade dos pontos tur\u00edsticos, considera fatores ecol\u00f3gicos reais medidos na atra\u00e7\u00e3o, os que s\u00e3o determinantes para o seu uso tur\u00edstico. Efetivamente, ao analisar a capacidade carga tur\u00edstica, tamb\u00e9m relacionamos as componentes anteriormente mencionadas, com a capacidade de gest\u00e3o da atra\u00e7\u00e3o. De uma forma complementar, o estudo mede fatores socioculturais, os quais s\u00e3o um registo de opini\u00f5es a n\u00edvel de perce\u00e7\u00e3o individual quanto ao congestionamento de pessoas que num determinado lugar sem causar perturba\u00e7\u00e3o social.<br \/>\n Tal como na linha de investiga\u00e7\u00e3o para a Prote\u00e7\u00e3o e Gest\u00e3o Ambiental da RAM, a segunda fase est\u00e1 focada no benchmarking de determinadas atra\u00e7\u00f5es tur\u00edsticas encontradas destino Madeira e tamb\u00e9m com outros destinos nacionais e internacionais.<\/p>\n<p><strong>Investigador Respons\u00e1vel<\/strong><\/p>\n<p>\t\t\t\t<img loading=\"lazy\" decoding=\"async\" src=\"http:\/\/turismo.uma.pt\/wp-content\/uploads\/bb-plugin\/cache\/LuisMota-circle.jpg\" alt=\"LuisMota\" itemprop=\"image\" height=\"827\" width=\"591\" title=\"LuisMota\"  \/><\/p>\n<h3><\/h3>\n<p>\u00a0Lu\u00eds Mota<\/p>\n<p><strong>Investigadores Auxiliares<\/strong><\/p>\n<p>\t\t\t\t<img loading=\"lazy\" decoding=\"async\" src=\"http:\/\/turismo.uma.pt\/wp-content\/uploads\/bb-plugin\/cache\/13315491_717659498337452_2056883764596257307_n-circle.jpg\" alt=\"13315491_717659498337452_2056883764596257307_n\" itemprop=\"image\" height=\"250\" width=\"250\" title=\"13315491_717659498337452_2056883764596257307_n\"  \/><\/p>\n<h3><\/h3>\n<p>Rossana Santos<\/p>\n<p><strong>\u00a03\u00a0\u00a0 <em>OPPORTUNITIES FOR SLOW TOURISM IN MADEIRA<\/em><\/strong><\/p>\n<p><strong>Investigador Respons\u00e1vel<\/strong><\/p>\n<p>\t\t\t\t<img loading=\"lazy\" decoding=\"async\" src=\"http:\/\/turismo.uma.pt\/wp-content\/uploads\/bb-plugin\/cache\/Foto_Prof.Valls_-circle.jpg\" alt=\"Foto_Prof.Valls\" itemprop=\"image\" height=\"277\" width=\"210\" title=\"Foto_Prof.Valls\"  \/><\/p>\n<h3><\/h3>\n<p>Josep Francesc Valls Gim\u00e9nez<\/p>\n<p><strong>Investigadores Auxiliares<\/strong><\/p>\n<p>\t\t\t\t<img loading=\"lazy\" decoding=\"async\" src=\"http:\/\/turismo.uma.pt\/wp-content\/uploads\/bb-plugin\/cache\/LuisMota-circle.jpg\" alt=\"LuisMota\" itemprop=\"image\" height=\"827\" width=\"591\" title=\"LuisMota\"  \/><\/p>\n<h3><\/h3>\n<p>Lu\u00eds Mota<\/p>\n<p>\t\t\t\t<img loading=\"lazy\" decoding=\"async\" src=\"http:\/\/turismo.uma.pt\/wp-content\/uploads\/bb-plugin\/cache\/frederica-150x150-circle.jpg\" alt=\"frederica\" itemprop=\"image\" height=\"150\" width=\"150\" title=\"frederica\"  \/><\/p>\n<h3><\/h3>\n<p>Frederica Gon\u00e7alves<\/p>\n<p><strong>4\u00a0 E-TOURISM &amp; MADEIRA<\/strong><\/p>\n<p><strong>Investigador Respons\u00e1vel<\/strong><\/p>\n<p>\t\t\t\t<img loading=\"lazy\" decoding=\"async\" src=\"http:\/\/turismo.uma.pt\/wp-content\/uploads\/bb-plugin\/cache\/Foto_Prof.Valls_-circle.jpg\" alt=\"Foto_Prof.Valls\" itemprop=\"image\" height=\"277\" width=\"210\" title=\"Foto_Prof.Valls\"  \/><\/p>\n<h3><\/h3>\n<p>Josep Francesc Valls Gim\u00e9nez<\/p>\n<p><strong>Investigadores Auxiliares<\/strong><\/p>\n<p>\t\t\t\t<img loading=\"lazy\" decoding=\"async\" src=\"http:\/\/turismo.uma.pt\/wp-content\/uploads\/bb-plugin\/cache\/LuisMota-circle.jpg\" alt=\"LuisMota\" itemprop=\"image\" height=\"827\" width=\"591\" title=\"LuisMota\"  \/><\/p>\n<h3><\/h3>\n<p>Lu\u00eds Mota<\/p>\n<p>\t\t\t\t<img loading=\"lazy\" decoding=\"async\" src=\"http:\/\/turismo.uma.pt\/wp-content\/uploads\/bb-plugin\/cache\/frederica-150x150-circle.jpg\" alt=\"frederica\" itemprop=\"image\" height=\"150\" width=\"150\" title=\"frederica\"  \/><\/p>\n<h3><\/h3>\n<p>\u00a0Frederica Gon\u00e7alves<\/p>\n<p>\t\t\t\t<img decoding=\"async\" src=\"http:\/\/turismo.uma.pt\/wp-content\/uploads\/2018\/02\/PO_Madeira_PT2020_FEDER.png\" alt=\"PO_Madeira_PT2020_FEDER\" itemprop=\"image\" title=\"PO_Madeira_PT2020_FEDER\"  \/><\/p>\n","protected":false},"excerpt":{"rendered":"<p>Os 4 grandes focos de an\u00e1lise sobre o Destino Madeira.\u00a0 &nbsp; \u00a01\u00a0\u00a0 PROTE\u00c7\u00c3O E GEST\u00c3O AMBIENTAL DA R.A.M. SINOPSE: A Regi\u00e3o Aut\u00f3noma da Madeira como destino tur\u00edstico, bastante bem consolidado, carece de um levantamento de opini\u00f5es v\u00e1lidas em rela\u00e7\u00e3o a pr\u00e1ticas ambientais e gest\u00e3o das mesmas, e tendo como refer\u00eancia as bases do desenvolvimento sustent\u00e1vel,&hellip;<\/p>\n","protected":false},"author":1,"featured_media":0,"parent":2147,"menu_order":0,"comment_status":"closed","ping_status":"closed","template":"fullwidth.php","meta":{"_monsterinsights_skip_tracking":false,"_monsterinsights_sitenote_active":false,"_monsterinsights_sitenote_note":"","_monsterinsights_sitenote_category":0,"_mc_calendar":[],"footnotes":""},"class_list":["post-1864","page","type-page","status-publish","hentry"],"yoast_head":"<!-- This site is optimized with the Yoast SEO plugin v27.4 - https:\/\/yoast.com\/product\/yoast-seo-wordpress\/ -->\n<title>Destino - Projeto Turismo<\/title>\n<meta name=\"robots\" content=\"index, follow, max-snippet:-1, max-image-preview:large, max-video-preview:-1\" \/>\n<link rel=\"canonical\" href=\"https:\/\/turismo.uma.pt\/?page_id=1864\" \/>\n<meta property=\"og:locale\" content=\"pt_PT\" \/>\n<meta property=\"og:type\" content=\"article\" \/>\n<meta property=\"og:title\" content=\"Destino - Projeto Turismo\" \/>\n<meta property=\"og:description\" content=\"Os 4 grandes focos de an\u00e1lise sobre o Destino Madeira.\u00a0 &nbsp; \u00a01\u00a0\u00a0 PROTE\u00c7\u00c3O E GEST\u00c3O AMBIENTAL DA R.A.M. SINOPSE: A Regi\u00e3o Aut\u00f3noma da Madeira como destino tur\u00edstico, bastante bem consolidado, carece de um levantamento de opini\u00f5es v\u00e1lidas em rela\u00e7\u00e3o a pr\u00e1ticas ambientais e gest\u00e3o das mesmas, e tendo como refer\u00eancia as bases do desenvolvimento sustent\u00e1vel,&hellip;\" \/>\n<meta property=\"og:url\" content=\"https:\/\/turismo.uma.pt\/?page_id=1864\" \/>\n<meta property=\"og:site_name\" content=\"Projeto Turismo\" \/>\n<meta property=\"article:modified_time\" content=\"2019-07-17T13:49:32+00:00\" \/>\n<meta property=\"og:image\" content=\"http:\/\/turismo.uma.pt\/wp-content\/uploads\/bb-plugin\/cache\/LuisMota-circle.jpg\" \/>\n<meta name=\"twitter:card\" content=\"summary_large_image\" \/>\n<meta name=\"twitter:label1\" content=\"Tempo estimado de leitura\" \/>\n\t<meta name=\"twitter:data1\" content=\"3 minutos\" \/>\n<script type=\"application\/ld+json\" class=\"yoast-schema-graph\">{\"@context\":\"https:\\\/\\\/schema.org\",\"@graph\":[{\"@type\":\"WebPage\",\"@id\":\"https:\\\/\\\/turismo.uma.pt\\\/?page_id=1864\",\"url\":\"https:\\\/\\\/turismo.uma.pt\\\/?page_id=1864\",\"name\":\"Destino - Projeto Turismo\",\"isPartOf\":{\"@id\":\"https:\\\/\\\/turismo.uma.pt\\\/#website\"},\"primaryImageOfPage\":{\"@id\":\"https:\\\/\\\/turismo.uma.pt\\\/?page_id=1864#primaryimage\"},\"image\":{\"@id\":\"https:\\\/\\\/turismo.uma.pt\\\/?page_id=1864#primaryimage\"},\"thumbnailUrl\":\"http:\\\/\\\/turismo.uma.pt\\\/wp-content\\\/uploads\\\/bb-plugin\\\/cache\\\/LuisMota-circle.jpg\",\"datePublished\":\"2018-02-21T17:38:43+00:00\",\"dateModified\":\"2019-07-17T13:49:32+00:00\",\"breadcrumb\":{\"@id\":\"https:\\\/\\\/turismo.uma.pt\\\/?page_id=1864#breadcrumb\"},\"inLanguage\":\"pt-PT\",\"potentialAction\":[{\"@type\":\"ReadAction\",\"target\":[\"https:\\\/\\\/turismo.uma.pt\\\/?page_id=1864\"]}]},{\"@type\":\"ImageObject\",\"inLanguage\":\"pt-PT\",\"@id\":\"https:\\\/\\\/turismo.uma.pt\\\/?page_id=1864#primaryimage\",\"url\":\"http:\\\/\\\/turismo.uma.pt\\\/wp-content\\\/uploads\\\/bb-plugin\\\/cache\\\/LuisMota-circle.jpg\",\"contentUrl\":\"http:\\\/\\\/turismo.uma.pt\\\/wp-content\\\/uploads\\\/bb-plugin\\\/cache\\\/LuisMota-circle.jpg\"},{\"@type\":\"BreadcrumbList\",\"@id\":\"https:\\\/\\\/turismo.uma.pt\\\/?page_id=1864#breadcrumb\",\"itemListElement\":[{\"@type\":\"ListItem\",\"position\":1,\"name\":\"Centro de Investiga\u00e7\u00e3o, Desenvolvimento e Inova\u00e7\u00e3o em Turismo (Polo Madeira)\",\"item\":\"https:\\\/\\\/turismo.uma.pt\\\/?page_id=959\"},{\"@type\":\"ListItem\",\"position\":2,\"name\":\"Os Nossos Estudos Cient\u00edficos\",\"item\":\"https:\\\/\\\/turismo.uma.pt\\\/?page_id=13\"},{\"@type\":\"ListItem\",\"position\":3,\"name\":\"Investiga\u00e7\u00e3o a Decorrer\",\"item\":\"https:\\\/\\\/turismo.uma.pt\\\/?page_id=2147\"},{\"@type\":\"ListItem\",\"position\":4,\"name\":\"Destino\"}]},{\"@type\":\"WebSite\",\"@id\":\"https:\\\/\\\/turismo.uma.pt\\\/#website\",\"url\":\"https:\\\/\\\/turismo.uma.pt\\\/\",\"name\":\"Projeto Turismo\",\"description\":\"Universidade da Madeira\",\"potentialAction\":[{\"@type\":\"SearchAction\",\"target\":{\"@type\":\"EntryPoint\",\"urlTemplate\":\"https:\\\/\\\/turismo.uma.pt\\\/?s={search_term_string}\"},\"query-input\":{\"@type\":\"PropertyValueSpecification\",\"valueRequired\":true,\"valueName\":\"search_term_string\"}}],\"inLanguage\":\"pt-PT\"}]}<\/script>\n<!-- \/ Yoast SEO plugin. -->","yoast_head_json":{"title":"Destino - Projeto Turismo","robots":{"index":"index","follow":"follow","max-snippet":"max-snippet:-1","max-image-preview":"max-image-preview:large","max-video-preview":"max-video-preview:-1"},"canonical":"https:\/\/turismo.uma.pt\/?page_id=1864","og_locale":"pt_PT","og_type":"article","og_title":"Destino - Projeto Turismo","og_description":"Os 4 grandes focos de an\u00e1lise sobre o Destino Madeira.\u00a0 &nbsp; \u00a01\u00a0\u00a0 PROTE\u00c7\u00c3O E GEST\u00c3O AMBIENTAL DA R.A.M. SINOPSE: A Regi\u00e3o Aut\u00f3noma da Madeira como destino tur\u00edstico, bastante bem consolidado, carece de um levantamento de opini\u00f5es v\u00e1lidas em rela\u00e7\u00e3o a pr\u00e1ticas ambientais e gest\u00e3o das mesmas, e tendo como refer\u00eancia as bases do desenvolvimento sustent\u00e1vel,&hellip;","og_url":"https:\/\/turismo.uma.pt\/?page_id=1864","og_site_name":"Projeto Turismo","article_modified_time":"2019-07-17T13:49:32+00:00","og_image":[{"url":"http:\/\/turismo.uma.pt\/wp-content\/uploads\/bb-plugin\/cache\/LuisMota-circle.jpg","type":"","width":"","height":""}],"twitter_card":"summary_large_image","twitter_misc":{"Tempo estimado de leitura":"3 minutos"},"schema":{"@context":"https:\/\/schema.org","@graph":[{"@type":"WebPage","@id":"https:\/\/turismo.uma.pt\/?page_id=1864","url":"https:\/\/turismo.uma.pt\/?page_id=1864","name":"Destino - Projeto Turismo","isPartOf":{"@id":"https:\/\/turismo.uma.pt\/#website"},"primaryImageOfPage":{"@id":"https:\/\/turismo.uma.pt\/?page_id=1864#primaryimage"},"image":{"@id":"https:\/\/turismo.uma.pt\/?page_id=1864#primaryimage"},"thumbnailUrl":"http:\/\/turismo.uma.pt\/wp-content\/uploads\/bb-plugin\/cache\/LuisMota-circle.jpg","datePublished":"2018-02-21T17:38:43+00:00","dateModified":"2019-07-17T13:49:32+00:00","breadcrumb":{"@id":"https:\/\/turismo.uma.pt\/?page_id=1864#breadcrumb"},"inLanguage":"pt-PT","potentialAction":[{"@type":"ReadAction","target":["https:\/\/turismo.uma.pt\/?page_id=1864"]}]},{"@type":"ImageObject","inLanguage":"pt-PT","@id":"https:\/\/turismo.uma.pt\/?page_id=1864#primaryimage","url":"http:\/\/turismo.uma.pt\/wp-content\/uploads\/bb-plugin\/cache\/LuisMota-circle.jpg","contentUrl":"http:\/\/turismo.uma.pt\/wp-content\/uploads\/bb-plugin\/cache\/LuisMota-circle.jpg"},{"@type":"BreadcrumbList","@id":"https:\/\/turismo.uma.pt\/?page_id=1864#breadcrumb","itemListElement":[{"@type":"ListItem","position":1,"name":"Centro de Investiga\u00e7\u00e3o, Desenvolvimento e Inova\u00e7\u00e3o em Turismo (Polo Madeira)","item":"https:\/\/turismo.uma.pt\/?page_id=959"},{"@type":"ListItem","position":2,"name":"Os Nossos Estudos Cient\u00edficos","item":"https:\/\/turismo.uma.pt\/?page_id=13"},{"@type":"ListItem","position":3,"name":"Investiga\u00e7\u00e3o a Decorrer","item":"https:\/\/turismo.uma.pt\/?page_id=2147"},{"@type":"ListItem","position":4,"name":"Destino"}]},{"@type":"WebSite","@id":"https:\/\/turismo.uma.pt\/#website","url":"https:\/\/turismo.uma.pt\/","name":"Projeto Turismo","description":"Universidade da Madeira","potentialAction":[{"@type":"SearchAction","target":{"@type":"EntryPoint","urlTemplate":"https:\/\/turismo.uma.pt\/?s={search_term_string}"},"query-input":{"@type":"PropertyValueSpecification","valueRequired":true,"valueName":"search_term_string"}}],"inLanguage":"pt-PT"}]}},"_links":{"self":[{"href":"https:\/\/turismo.uma.pt\/index.php?rest_route=\/wp\/v2\/pages\/1864","targetHints":{"allow":["GET"]}}],"collection":[{"href":"https:\/\/turismo.uma.pt\/index.php?rest_route=\/wp\/v2\/pages"}],"about":[{"href":"https:\/\/turismo.uma.pt\/index.php?rest_route=\/wp\/v2\/types\/page"}],"author":[{"embeddable":true,"href":"https:\/\/turismo.uma.pt\/index.php?rest_route=\/wp\/v2\/users\/1"}],"replies":[{"embeddable":true,"href":"https:\/\/turismo.uma.pt\/index.php?rest_route=%2Fwp%2Fv2%2Fcomments&post=1864"}],"version-history":[{"count":31,"href":"https:\/\/turismo.uma.pt\/index.php?rest_route=\/wp\/v2\/pages\/1864\/revisions"}],"predecessor-version":[{"id":3180,"href":"https:\/\/turismo.uma.pt\/index.php?rest_route=\/wp\/v2\/pages\/1864\/revisions\/3180"}],"up":[{"embeddable":true,"href":"https:\/\/turismo.uma.pt\/index.php?rest_route=\/wp\/v2\/pages\/2147"}],"wp:attachment":[{"href":"https:\/\/turismo.uma.pt\/index.php?rest_route=%2Fwp%2Fv2%2Fmedia&parent=1864"}],"curies":[{"name":"wp","href":"https:\/\/api.w.org\/{rel}","templated":true}]}}