{"id":2590,"date":"2018-07-04T15:44:07","date_gmt":"2018-07-04T15:44:07","guid":{"rendered":"http:\/\/turismo.uma.pt\/?page_id=2590"},"modified":"2020-08-12T09:13:56","modified_gmt":"2020-08-12T09:13:56","slug":"post-2590","status":"publish","type":"page","link":"https:\/\/turismo.uma.pt\/?page_id=2590","title":{"rendered":"Hist\u00f3ria e Miss\u00e3o"},"content":{"rendered":"<p>\t\t\t\t<img loading=\"lazy\" decoding=\"async\" src=\"http:\/\/turismo.uma.pt\/wp-content\/uploads\/2019\/08\/Projeto-Turismo-final.png\" alt=\"Projeto Turismo final\" itemprop=\"image\" height=\"1201\" width=\"4273\" title=\"Projeto Turismo final\"  \/><\/p>\n<h2>\n\t\tApostamos no Turismo desde 2011&#8230;<br \/>\n\t<\/h2>\n<p>&nbsp;<\/p>\n<p>A nossa miss\u00e3o \u00e9 impulsionar o desenvolvimento do turismo da R.A.M. e, consequentemente, a riqueza da Regi\u00e3o, atrav\u00e9s da apura\u00e7\u00e3o dos factos mais recentes relacionados com o setor nas v\u00e1rias \u00e1reas de estudo, nomeadamente no estudo do mercado, do impacto e do destino.<br \/>\n Neste website, publicamos, permanentemente, todos os estudos cient\u00edficos elaborados pela nossa equipa, todos os dados apurados atrav\u00e9s da monitoriza\u00e7\u00e3o tur\u00edstica que \u00e9 feita pelo Observat\u00f3rio do Turismo e informamos sobre a nossa oferta de forma\u00e7\u00e3o avan\u00e7ada de modo a facilitar todos os envolvidos no Turismo no implemento de ideias inovadoras, bem como na aplica\u00e7\u00e3o das melhores estrat\u00e9gias de desenvolvimento econ\u00f3mico do setor na Regi\u00e3o.<\/p>\n<p>Como tudo come\u00e7ou?<\/p>\n<p>\t\t\t\t<img loading=\"lazy\" decoding=\"async\" src=\"http:\/\/turismo.uma.pt\/wp-content\/uploads\/2018\/02\/Imagem_UMA-3-1.jpg\" alt=\"Imagem_UMA (3)\" itemprop=\"image\" height=\"3744\" width=\"5616\" title=\"Imagem_UMA (3)\"  \/><\/p>\n<p>Uma vez que a Universidade da Madeira come\u00e7ou a apostar no Turismo, como uma \u00e1rea de interesse para a investiga\u00e7\u00e3o na Regi\u00e3o Aut\u00f3noma da Madeira, pensou-se na import\u00e2ncia da atividade que um Observat\u00f3rio podia trazer para a Regi\u00e3o e foi por isso que em 2011 foi criado o\u00a0<strong><a href=\"?page_id=971\" target=\"_blank\" rel=\"noopener\">Observat\u00f3rio do Turismo da Universidade da Madeira (OT-UMa)<\/a>.<\/strong><\/p>\n<p>Por consequ\u00eancia, dada a necessidade de incrementar a investiga\u00e7\u00e3o e forma\u00e7\u00e3o na \u00e1rea do\u00a0<strong>Turismo<\/strong>\u00a0na Universidade da Madeira, de modo a que esta se pudesse tornar num ator fundamental nesta \u00e1rea crucial para o desenvolvimento sustent\u00e1vel da Regi\u00e3o, decidiu-se, depois, alargar esse projeto da Universidade, ampliando a composi\u00e7\u00e3o e atividade do Observat\u00f3rio criando um\u00a0<strong>Centro de Forma\u00e7\u00e3o e Investiga\u00e7\u00e3o em Turismo<\/strong>\u00a0(<strong>CFIT-Madeira<\/strong>), que atuou em paralelo e em conex\u00e3o com o Observat\u00f3rio at\u00e9 2017.<\/p>\n<p>Posteriormente, em 2018, o <strong>CFIT-UMa<\/strong> muda para<strong> CiTUR Madeira<\/strong>\u00a0(Centro de Investiga\u00e7\u00e3o, Desenvolvimento e Inova\u00e7\u00e3o em Turismo da Madeira), polo da rede nacional <a href=\"http:\/\/citur-tourismresearch.com\/pt\" target=\"_blank\" rel=\"noopener\">CiTUR<\/a>.<\/p>\n<p>O &#8220;<a href=\"?page_id=1805\" target=\"_blank\" rel=\"noopener\"><strong>Projeto Turismo: Carateriza\u00e7\u00e3o, Impacto e Sustentabilidade do Turismo da Madeira<\/strong><\/a>&#8220;, que est\u00e1 integrado no CiTUR Madeira e que atua\u00a0por meio de cofinanciamento do Programa Operacional para a Regi\u00e3o Aut\u00f3noma da Madeira, fez impulsionar a investiga\u00e7\u00e3o na\u00a0 Regi\u00e3o. O trabalho dos investigadores deste projeto tem se desenvolvido em torno do objetivo de tornar a Regi\u00e3o Aut\u00f3noma da Madeira conhecida e reconhecida pela investiga\u00e7\u00e3o realizada em turismo atrav\u00e9s da publica\u00e7\u00e3o de artigos cient\u00edficos, da integra\u00e7\u00e3o em redes de investiga\u00e7\u00e3o internacionais e pela colabora\u00e7\u00e3o em projetos de IDT+I.<\/p>\n<p>  Em suma, o <strong>OT-UMa<\/strong> monitoriza o fen\u00f3meno tur\u00edstico na RAM, comprometendo-se a disponibilizar informa\u00e7\u00e3o relevante e material t\u00e9cnico-cient\u00edfico sobre o fen\u00f3meno em observa\u00e7\u00e3o, \u00e0s entidades relevantes e \u00e0 sociedade, em geral. O\u00a0<strong>CiTUR Madeira<\/strong> visa desenvolver investiga\u00e7\u00e3o do modo a contribuir para o aprofundamento do conhecimento cient\u00edfico nesta \u00e1rea do saber e auxiliar os v\u00e1rios atores regionais na tomada de decis\u00e3o.<\/p>\n<p>&nbsp;<\/p>\n<p>&nbsp;<\/p>\n<p>&nbsp;<\/p>\n<p>Curiosidade<\/p>\n<p><strong>O ensino de Turismo em Portugal<\/strong><\/p>\n<p>\t\t\t\t<img loading=\"lazy\" decoding=\"async\" src=\"http:\/\/turismo.uma.pt\/wp-content\/uploads\/2018\/07\/senior-3336451_1920-1.jpg\" alt=\"senior-3336451_1920 (1)\" itemprop=\"image\" height=\"1440\" width=\"1920\" title=\"senior-3336451_1920 (1)\"  \/><\/p>\n<p>Nos anos 50, a atividade tur\u00edstica, em Portugal, come\u00e7ou a ser percebida como um meio de obten\u00e7\u00e3o de ganhos econ\u00f3micos e este facto levou a que se come\u00e7asse a pensar numa estrat\u00e9gia para o desenvolvimento do pa\u00eds, na qual se incluiu a ideia de formar um sistema de educa\u00e7\u00e3o na \u00e1rea do turismo, no sentido de firmar o seu corpo de conhecimento cient\u00edfico para fornecer dados ver\u00eddicos \u00e0s entidades competentes como pilares das pr\u00f3ximas a\u00e7\u00f5es a implementar neste \u00e2mbito.<\/p>\n<p>Em consequ\u00eancia disso, em 1957 surge a primeira escola de Turismo &#8211; a Escola de Hotelaria e Turismo de Lisboa &#8211; o que deu azo \u00e0 cria\u00e7\u00e3o de novos cursos orientados ao sector. O Instituto de Novas Profiss\u00f5es e o Instituto Superior de L\u00ednguas e Administra\u00e7\u00e3o, em 1963, introduziram os primeiros cursos regulares de forma\u00e7\u00e3o na \u00e1rea; em 1965, foi fundado o Centro Nacional de Forma\u00e7\u00e3o Tur\u00edstica e Hotelaria pelo Estado (agora denominado de Turismo de Portugal); em 1967 foi fundada a Escola de Hotelaria e Turismo no Algarve, e assim sucessivamente foram se desenvolvendo v\u00e1rios n\u00facleos e escolas pelo pa\u00eds. Contudo, nesta altura, o ensino orientado para o setor do turismo equiparava-se ao ensino profissional dos dias de hoje, sendo os cursos supracitados mais orientados para a atividade hoteleira.<\/p>\n<p>No \u00e2mbito do Ensino Superior, os primeiros cursos tomaram lugar em institui\u00e7\u00f5es privadas. Em 1986, atribuindo o grau de Bacharelato, criou-se o curso em Turismo no Instituto Superior de Novas Profiss\u00f5es de Lisboa, o curso de T\u00e9cnico em L\u00ednguas e Turismo no Instituto de L\u00ednguas e Administra\u00e7\u00e3o de Lisboa e o curso de Turismo no Instituto Superior de Assistentes Interpretes.<\/p>\n<p>Em 1988, a Universidade de Aveiro afirma-se como pioneira da educa\u00e7\u00e3o em Turismo no Ensino Superior P\u00fablico criando a Licenciatura em Gest\u00e3o e Planeamento em Turismo. Tornou-se, assim, o \u201cmotor\u201d propulsor do desencadeamento de outros cursos em Turismo pelas v\u00e1rias universidades p\u00fablicas do pa\u00eds, como\u00a0a Licenciatura Biep\u00e1tica em Turismo, em 1989 no Instituto Polit\u00e9cnico de Viana do Castelo; em Turismo e Gest\u00e3o Hoteleira, criadas em 1991 e 1992 respetivamente, na Universidade do Algarve e, nesse mesmo ano, surgem as licenciaturas em Dire\u00e7\u00e3o e Gest\u00e3o Hoteleira, Dire\u00e7\u00e3o e Gest\u00e3o de Operadores Tur\u00edsticos e Informa\u00e7\u00e3o Tur\u00edstica na Escola Superior de Hotelaria e Turismo do Estoril, ap\u00f3s a sua funda\u00e7\u00e3o no ano anterior.<br \/>\n Devido ao crescente desenvolvimento do Turismo, a cria\u00e7\u00e3o de novos cursos orientados para o sector n\u00e3o se estagnou de modo a acompanhar o ritmo da evolu\u00e7\u00e3o. \u00c9 por isso que, atualmente, o sistema de ensino no n\u00edvel superior conta com uma rede de 35 institui\u00e7\u00f5es p\u00fablicas, 94 privadas, oferecendo 74 cursos superiores de turismo portugueses, perfazendo um total de 400 mil alunos inscritos, em Portugal.<\/p>\n<p><strong><a name=\"_Toc45018981\"><\/a>Arquip\u00e9lago da Madeira, o Turismo e a Investiga\u00e7\u00e3o<\/strong><\/p>\n<p>&nbsp;<\/p>\n<p>O arquip\u00e9lago da Madeira \u00e9 formado pelas ilhas da Madeira, Porto Santo, Selvagens e Desertas, estas duas \u00faltimas n\u00e3o habitadas. Este arquip\u00e9lago tamb\u00e9m \u00e9 designado por Regi\u00e3o Aut\u00f3noma da Madeira (RAM), cuja ilha principal \u00e9 a Madeira, uma ilha de origem vulc\u00e2nica, que possui uma extensa flora ex\u00f3tica, sendo esta parte da Floresta Laurissilva, considerada Patrim\u00f3nio Mundial pela UNESCO, desde 1999. Todo o arquip\u00e9lago apresenta um clima ameno ao longo do ano e os principais acessos s\u00e3o o Aeroporto da Madeira e o Aeroporto do Porto Santo.<\/p>\n<p>Este conjunto territorial \u00e9 uma regi\u00e3o tur\u00edstica muito procurada por portugueses e estrangeiros devido aos mais variados motivos, mas, principalmente, pela sua larga e diversificada oferta de produtos, centrando-se na sua autenticidade e genuinidade, que visam a sustentabilidade econ\u00f3mica, social e ambiental. Assim sendo, a RAM oferece, como produtos tur\u00edsticos consolidados, a natureza, os desportos de natureza e aventura, o <em>touring<\/em> cultural e paisag\u00edstico, sol e mar, sa\u00fade e bem-estar, gastronomia e vinhos, sendo a popula\u00e7\u00e3o residente, o v\u00ednculo de liga\u00e7\u00e3o entre todos os produtos tur\u00edsticos e os visitantes.<\/p>\n<p><a href=\"wp-content\/uploads\/2020\/07\/arturo.jpg\"><img loading=\"lazy\" decoding=\"async\" src=\"wp-content\/uploads\/2020\/07\/arturo.jpg\" alt=\"\" width=\"597\" height=\"270\" \/><\/a>De acordo com os dados da Dire\u00e7\u00e3o Regional de Estat\u00edstica da Madeira (DREM), a popula\u00e7\u00e3o residente da Regi\u00e3o Aut\u00f3noma da Madeira, tem vindo a apresentar uma tend\u00eancia de decr\u00e9scimo populacional, uma vez que, conforme dados desde 2013 at\u00e9 2017, o n\u00famero de pessoas residentes tem vindo a diminuir. Por exemplo, em 2016, na RAM havia um total de 254\u00a0876 pessoas (118\u00a0860 homens e 136\u00a0016 mulheres) e, em 2017, este n\u00famero definiu-se em 254\u00a0368 pessoas, sendo 118\u00a0411 homens e 135 957 mulheres (Figura 1).<\/p>\n<p><em><a name=\"_Toc19265903\"><\/a>Figura 1- Popula\u00e7\u00e3o residente por sexo, RAM e Munic\u00edpios, 2013-2017 \/ Fonte: DREM.<\/em><\/p>\n<p>Ao longo dos \u00faltimos anos, estat\u00edsticas apresentadas pela DREM, como s\u00e3o exemplos os Anu\u00e1rios Estat\u00edsticos da RAM, demonstram n\u00fameros favor\u00e1veis na oferta e procura de turismo na Regi\u00e3o, que fornecem claras evid\u00eancias da import\u00e2ncia da monitoriza\u00e7\u00e3o e da busca de factos quantitativos e at\u00e9 qualitativos, no sector do turismo na Regi\u00e3o.<\/p>\n<p>Atrav\u00e9s de dados da DREM, constatou-se que em 2018, a RAM contava com uma capacidade de acomoda\u00e7\u00e3o de 34 399 cam<a href=\"wp-content\/uploads\/2020\/07\/dsdv.jpg\"><img loading=\"lazy\" decoding=\"async\" src=\"wp-content\/uploads\/2020\/07\/dsdv.jpg\" alt=\"\" width=\"254\" height=\"334\" \/><\/a>as (em todo o tipo de alojamento), 83,8% das quais pertenciam ao setor hoteleiro. No entanto, o alojamento local, apesar de apresentar 13,2% do total, tem vindo a ganhar alguma relev\u00e2ncia ao longo dos \u00faltimos anos (Figura 2).<\/p>\n<p><em>Figura 2 &#8211; Oferta e procura tur\u00edstica da Madeira em 2018 \/ Fonte: Dire\u00e7\u00e3o Regional de Estat\u00edstica da Madeira (2019); Dire\u00e7\u00e3o Regional de Turismo, SRETC (2019).<\/em><\/p>\n<p>Na mesma fonte, \u00e9 vis\u00edvel que neste mesmo ano, a RAM registou uma estada m\u00e9dia de h\u00f3spedes estrangeiros de 5,7 noites, superior \u00e0 m\u00e9dia de Portugal (3,1 noites), que inclui tamb\u00e9m a RAM. A estada m\u00e9dia no estabelecimento segue a mesma tend\u00eancia anterior, ou seja, o valor registado na RAM foi superior ao de todo Portugal, sendo, respetivamente, 5,2 noites e 2,7 noites.<\/p>\n<p>Em rela\u00e7\u00e3o ao n\u00famero total de acomoda\u00e7\u00f5es tur\u00edsticas, at\u00e9 julho de 2018, a RAM possu\u00eda 1 542 unidades (141 &#8211; estabelecimentos hoteleiros; 1 345 &#8211; acomoda\u00e7\u00f5es locais e 56 turismo rural e turismo habitacional). No n\u00famero de turistas, em 2018, a RAM registou um total de 1 605 458 turistas, tendo todo o territ\u00f3rio de Portugal registado 25 249 904 turistas. Em termos de dormidas, a RAM totalizou 8 344\u00a0266 dormidas e o \u200b\u200brestante territ\u00f3rio portugu\u00eas teve 59\u00a0317 837 dormidas.<\/p>\n<p>No que concerne \u00e0s receitas de alojamento, a RAM registou, em 2018, um total de 279 187 euros (257 774 euros de estabelecimentos hoteleiros; 15 877 euros de alojamento local e 5 536 euros de turismo rural e turismo de habita\u00e7\u00e3o). Ainda em 2018, a RAM contabilizou uma m\u00e9dia de 138\u00a0estabelecimentos hoteleiros, com um total de 7 127 pessoas ao servi\u00e7o (mais 3,6% que em 2017).\u00a0Segundo um estudo efetuado pela DREM, intitulado \u201cGastos tur\u00edsticos internacionais na Regi\u00e3o Aut\u00f3noma da Madeira\u201d (2016), a m\u00e9dia correspondente aos gastos de um turista diariamente \u00e9 de 123,94\u20ac, maioritariamente (50,4%) em pacotes tur\u00edsticos, restaurantes, caf\u00e9s e bares. As principais motiva\u00e7\u00f5es da visita foram lazer, recreio e f\u00e9rias (92,2%).<\/p>\n<p>A mesma fonte, indica que ao n\u00edvel de receitas e de proveitos totais no turismo, em 2018, a Madeira atingiu um recorde de 410 milh\u00f5es de euros de receitas e 265 milh\u00f5es de euros em proveitos de aposento. Ao longo dos \u00faltimos anos a Madeira tem recebido v\u00e1rios pr\u00e9mios, como o <em>Europe&#8217;s Leading Island Destination<\/em> em 2013, 2014, 2016, 2017, 2018 e 2019. Em 2015, 2016, 2017 e 2018 foi tamb\u00e9m premiada pela mesma entidade, como o \u201cMelhor Destino Insular do Mundo\u201d (<em>World\u2019s Leading Island Destination<\/em>) e desde 2009, \u00e9 reconhecida pela <em>World Centre of Excellence for Destinations (CED)<\/em> como um Destino de Excel\u00eancia.<\/p>\n<p>\u00c9 evidente que o arquip\u00e9lago da Madeira oferece o cen\u00e1rio ideal para estudar os atuais e novos produtos, bem como servi\u00e7os na \u00e1rea do turismo, pois toda a economia da regi\u00e3o \u00e9 largamente direcionada para o sector.\u00a0Segundo o programa operacional <em>Madeira 14-20<\/em>, a RAM tem como objetivo tornar-se um territ\u00f3rio inovador, com maior intensidade em I&amp;D e com mais recursos humanos envolvidos neste tipo de atividade, para que a efic\u00e1cia econ\u00f3mica, a empregabilidade e os valores sociais da regi\u00e3o sejam um dom\u00ednio nos pr\u00f3ximos anos.<\/p>\n<p>\u00c9 por isso que, dada a lacuna existente na produ\u00e7\u00e3o cient\u00edfica na esfera do turismo na Regi\u00e3o Aut\u00f3noma da Madeira, o polo do Centro de Investiga\u00e7\u00e3o, Desenvolvimento e Inova\u00e7\u00e3o em Turismo (CiTUR Madeira), sediado na Universidade da Madeira (UMa), responsabiliza-se pela dissemina\u00e7\u00e3o de conhecimento na \u00e1rea do turismo, atrav\u00e9s de investiga\u00e7\u00e3o, de modo a propor os mais atualizados conte\u00fados de forma\u00e7\u00e3o em turismo.\u00a0S\u00e3o v\u00e1rios os estudos e investiga\u00e7\u00f5es que t\u00eam sido realizados pelo CiTUR Madeira, contornando \u00e1reas variadas que se relacionam direta e\/ou indiretamente com o turismo. Destacam-se as \u00e1reas de economia, gest\u00e3o, recursos humanos, marketing, ci\u00eancias do desporto, entre outras.<\/p>\n<p>Nesta perspetiva, as grandes linhas tem\u00e1ticas de investiga\u00e7\u00e3o do CiTUR Madeira s\u00e3o: Economia e Gest\u00e3o do Turismo; Turismo, Hospitalidade e Restaura\u00e7\u00e3o; E-Tourism; Territ\u00f3rio e Destinos Tur\u00edsticos; Planeamento e Gest\u00e3o de Produtos Tur\u00edsticos e da Anima\u00e7\u00e3o e Turismo, Cultura, Sociedade e Linguagem.<\/p>\n<p>Neste ano de 2020, a RAM, tal como um pouco por todo o mundo, tem vindo a ser altamente afetada pela pandemia COVID-19 que est\u00e1 a p\u00f4r em causa as v\u00e1rias atividades do setor tur\u00edstico da regi\u00e3o. Assim sendo, os desafios, as consequ\u00eancias e as solu\u00e7\u00f5es para o desenvolvimento do turismo futuro, constituem um tema de investiga\u00e7\u00e3o interessante e complexo para ser estudado pelo Projeto Turismo.<\/p>\n<p>\n<p>\n<p>\n<p>\n<p>\n<p>\n<p>\n<p>\n<p>\n<p>\n<p>\n<p>\n","protected":false},"excerpt":{"rendered":"<p>Apostamos no Turismo desde 2011&#8230; &nbsp; A nossa miss\u00e3o \u00e9 impulsionar o desenvolvimento do turismo da R.A.M. e, consequentemente, a riqueza da Regi\u00e3o, atrav\u00e9s da apura\u00e7\u00e3o dos factos mais recentes relacionados com o setor nas v\u00e1rias \u00e1reas de estudo, nomeadamente no estudo do mercado, do impacto e do destino. Neste website, publicamos, permanentemente, todos os&hellip;<\/p>\n","protected":false},"author":1,"featured_media":0,"parent":7,"menu_order":0,"comment_status":"closed","ping_status":"closed","template":"fullwidth.php","meta":{"_monsterinsights_skip_tracking":false,"_monsterinsights_sitenote_active":false,"_monsterinsights_sitenote_note":"","_monsterinsights_sitenote_category":0,"_mc_calendar":[],"footnotes":""},"class_list":["post-2590","page","type-page","status-publish","hentry"],"yoast_head":"<!-- This site is optimized with the Yoast SEO plugin v27.4 - https:\/\/yoast.com\/product\/yoast-seo-wordpress\/ -->\n<title>Hist\u00f3ria e Miss\u00e3o - Projeto Turismo<\/title>\n<meta name=\"robots\" content=\"index, follow, max-snippet:-1, max-image-preview:large, max-video-preview:-1\" \/>\n<link rel=\"canonical\" href=\"https:\/\/turismo.uma.pt\/?page_id=2590\" \/>\n<meta property=\"og:locale\" content=\"pt_PT\" \/>\n<meta property=\"og:type\" content=\"article\" \/>\n<meta property=\"og:title\" content=\"Hist\u00f3ria e Miss\u00e3o - Projeto Turismo\" \/>\n<meta property=\"og:description\" content=\"Apostamos no Turismo desde 2011&#8230; &nbsp; A nossa miss\u00e3o \u00e9 impulsionar o desenvolvimento do turismo da R.A.M. e, consequentemente, a riqueza da Regi\u00e3o, atrav\u00e9s da apura\u00e7\u00e3o dos factos mais recentes relacionados com o setor nas v\u00e1rias \u00e1reas de estudo, nomeadamente no estudo do mercado, do impacto e do destino. Neste website, publicamos, permanentemente, todos os&hellip;\" \/>\n<meta property=\"og:url\" content=\"https:\/\/turismo.uma.pt\/?page_id=2590\" \/>\n<meta property=\"og:site_name\" content=\"Projeto Turismo\" \/>\n<meta property=\"article:modified_time\" content=\"2020-08-12T09:13:56+00:00\" \/>\n<meta property=\"og:image\" content=\"http:\/\/turismo.uma.pt\/wp-content\/uploads\/2019\/08\/Projeto-Turismo-final.png\" \/>\n<meta name=\"twitter:card\" content=\"summary_large_image\" \/>\n<meta name=\"twitter:label1\" content=\"Tempo estimado de leitura\" \/>\n\t<meta name=\"twitter:data1\" content=\"10 minutos\" \/>\n<script type=\"application\/ld+json\" class=\"yoast-schema-graph\">{\"@context\":\"https:\\\/\\\/schema.org\",\"@graph\":[{\"@type\":\"WebPage\",\"@id\":\"https:\\\/\\\/turismo.uma.pt\\\/?page_id=2590\",\"url\":\"https:\\\/\\\/turismo.uma.pt\\\/?page_id=2590\",\"name\":\"Hist\u00f3ria e Miss\u00e3o - Projeto Turismo\",\"isPartOf\":{\"@id\":\"https:\\\/\\\/turismo.uma.pt\\\/#website\"},\"primaryImageOfPage\":{\"@id\":\"https:\\\/\\\/turismo.uma.pt\\\/?page_id=2590#primaryimage\"},\"image\":{\"@id\":\"https:\\\/\\\/turismo.uma.pt\\\/?page_id=2590#primaryimage\"},\"thumbnailUrl\":\"http:\\\/\\\/turismo.uma.pt\\\/wp-content\\\/uploads\\\/2019\\\/08\\\/Projeto-Turismo-final.png\",\"datePublished\":\"2018-07-04T15:44:07+00:00\",\"dateModified\":\"2020-08-12T09:13:56+00:00\",\"breadcrumb\":{\"@id\":\"https:\\\/\\\/turismo.uma.pt\\\/?page_id=2590#breadcrumb\"},\"inLanguage\":\"pt-PT\",\"potentialAction\":[{\"@type\":\"ReadAction\",\"target\":[\"https:\\\/\\\/turismo.uma.pt\\\/?page_id=2590\"]}]},{\"@type\":\"ImageObject\",\"inLanguage\":\"pt-PT\",\"@id\":\"https:\\\/\\\/turismo.uma.pt\\\/?page_id=2590#primaryimage\",\"url\":\"http:\\\/\\\/turismo.uma.pt\\\/wp-content\\\/uploads\\\/2019\\\/08\\\/Projeto-Turismo-final.png\",\"contentUrl\":\"http:\\\/\\\/turismo.uma.pt\\\/wp-content\\\/uploads\\\/2019\\\/08\\\/Projeto-Turismo-final.png\"},{\"@type\":\"BreadcrumbList\",\"@id\":\"https:\\\/\\\/turismo.uma.pt\\\/?page_id=2590#breadcrumb\",\"itemListElement\":[{\"@type\":\"ListItem\",\"position\":1,\"name\":\"In\u00edcio\",\"item\":\"https:\\\/\\\/turismo.uma.pt\\\/?page_id=7\"},{\"@type\":\"ListItem\",\"position\":2,\"name\":\"Hist\u00f3ria e Miss\u00e3o\"}]},{\"@type\":\"WebSite\",\"@id\":\"https:\\\/\\\/turismo.uma.pt\\\/#website\",\"url\":\"https:\\\/\\\/turismo.uma.pt\\\/\",\"name\":\"Projeto Turismo\",\"description\":\"Universidade da Madeira\",\"potentialAction\":[{\"@type\":\"SearchAction\",\"target\":{\"@type\":\"EntryPoint\",\"urlTemplate\":\"https:\\\/\\\/turismo.uma.pt\\\/?s={search_term_string}\"},\"query-input\":{\"@type\":\"PropertyValueSpecification\",\"valueRequired\":true,\"valueName\":\"search_term_string\"}}],\"inLanguage\":\"pt-PT\"}]}<\/script>\n<!-- \/ Yoast SEO plugin. -->","yoast_head_json":{"title":"Hist\u00f3ria e Miss\u00e3o - Projeto Turismo","robots":{"index":"index","follow":"follow","max-snippet":"max-snippet:-1","max-image-preview":"max-image-preview:large","max-video-preview":"max-video-preview:-1"},"canonical":"https:\/\/turismo.uma.pt\/?page_id=2590","og_locale":"pt_PT","og_type":"article","og_title":"Hist\u00f3ria e Miss\u00e3o - Projeto Turismo","og_description":"Apostamos no Turismo desde 2011&#8230; &nbsp; A nossa miss\u00e3o \u00e9 impulsionar o desenvolvimento do turismo da R.A.M. e, consequentemente, a riqueza da Regi\u00e3o, atrav\u00e9s da apura\u00e7\u00e3o dos factos mais recentes relacionados com o setor nas v\u00e1rias \u00e1reas de estudo, nomeadamente no estudo do mercado, do impacto e do destino. Neste website, publicamos, permanentemente, todos os&hellip;","og_url":"https:\/\/turismo.uma.pt\/?page_id=2590","og_site_name":"Projeto Turismo","article_modified_time":"2020-08-12T09:13:56+00:00","og_image":[{"url":"http:\/\/turismo.uma.pt\/wp-content\/uploads\/2019\/08\/Projeto-Turismo-final.png","type":"","width":"","height":""}],"twitter_card":"summary_large_image","twitter_misc":{"Tempo estimado de leitura":"10 minutos"},"schema":{"@context":"https:\/\/schema.org","@graph":[{"@type":"WebPage","@id":"https:\/\/turismo.uma.pt\/?page_id=2590","url":"https:\/\/turismo.uma.pt\/?page_id=2590","name":"Hist\u00f3ria e Miss\u00e3o - Projeto Turismo","isPartOf":{"@id":"https:\/\/turismo.uma.pt\/#website"},"primaryImageOfPage":{"@id":"https:\/\/turismo.uma.pt\/?page_id=2590#primaryimage"},"image":{"@id":"https:\/\/turismo.uma.pt\/?page_id=2590#primaryimage"},"thumbnailUrl":"http:\/\/turismo.uma.pt\/wp-content\/uploads\/2019\/08\/Projeto-Turismo-final.png","datePublished":"2018-07-04T15:44:07+00:00","dateModified":"2020-08-12T09:13:56+00:00","breadcrumb":{"@id":"https:\/\/turismo.uma.pt\/?page_id=2590#breadcrumb"},"inLanguage":"pt-PT","potentialAction":[{"@type":"ReadAction","target":["https:\/\/turismo.uma.pt\/?page_id=2590"]}]},{"@type":"ImageObject","inLanguage":"pt-PT","@id":"https:\/\/turismo.uma.pt\/?page_id=2590#primaryimage","url":"http:\/\/turismo.uma.pt\/wp-content\/uploads\/2019\/08\/Projeto-Turismo-final.png","contentUrl":"http:\/\/turismo.uma.pt\/wp-content\/uploads\/2019\/08\/Projeto-Turismo-final.png"},{"@type":"BreadcrumbList","@id":"https:\/\/turismo.uma.pt\/?page_id=2590#breadcrumb","itemListElement":[{"@type":"ListItem","position":1,"name":"In\u00edcio","item":"https:\/\/turismo.uma.pt\/?page_id=7"},{"@type":"ListItem","position":2,"name":"Hist\u00f3ria e Miss\u00e3o"}]},{"@type":"WebSite","@id":"https:\/\/turismo.uma.pt\/#website","url":"https:\/\/turismo.uma.pt\/","name":"Projeto Turismo","description":"Universidade da Madeira","potentialAction":[{"@type":"SearchAction","target":{"@type":"EntryPoint","urlTemplate":"https:\/\/turismo.uma.pt\/?s={search_term_string}"},"query-input":{"@type":"PropertyValueSpecification","valueRequired":true,"valueName":"search_term_string"}}],"inLanguage":"pt-PT"}]}},"_links":{"self":[{"href":"https:\/\/turismo.uma.pt\/index.php?rest_route=\/wp\/v2\/pages\/2590","targetHints":{"allow":["GET"]}}],"collection":[{"href":"https:\/\/turismo.uma.pt\/index.php?rest_route=\/wp\/v2\/pages"}],"about":[{"href":"https:\/\/turismo.uma.pt\/index.php?rest_route=\/wp\/v2\/types\/page"}],"author":[{"embeddable":true,"href":"https:\/\/turismo.uma.pt\/index.php?rest_route=\/wp\/v2\/users\/1"}],"replies":[{"embeddable":true,"href":"https:\/\/turismo.uma.pt\/index.php?rest_route=%2Fwp%2Fv2%2Fcomments&post=2590"}],"version-history":[{"count":32,"href":"https:\/\/turismo.uma.pt\/index.php?rest_route=\/wp\/v2\/pages\/2590\/revisions"}],"predecessor-version":[{"id":3937,"href":"https:\/\/turismo.uma.pt\/index.php?rest_route=\/wp\/v2\/pages\/2590\/revisions\/3937"}],"up":[{"embeddable":true,"href":"https:\/\/turismo.uma.pt\/index.php?rest_route=\/wp\/v2\/pages\/7"}],"wp:attachment":[{"href":"https:\/\/turismo.uma.pt\/index.php?rest_route=%2Fwp%2Fv2%2Fmedia&parent=2590"}],"curies":[{"name":"wp","href":"https:\/\/api.w.org\/{rel}","templated":true}]}}