{"id":3313,"date":"2019-08-13T11:15:42","date_gmt":"2019-08-13T11:15:42","guid":{"rendered":"http:\/\/turismo.uma.pt\/?page_id=3313"},"modified":"2019-08-30T16:13:13","modified_gmt":"2019-08-30T16:13:13","slug":"3313-2","status":"publish","type":"page","link":"https:\/\/turismo.uma.pt\/?page_id=3313","title":{"rendered":"Projeto SmartDest"},"content":{"rendered":"<p>\t\t\t\t<img loading=\"lazy\" decoding=\"async\" src=\"http:\/\/turismo.uma.pt\/wp-content\/uploads\/2019\/07\/SMARTDEST.png\" alt=\"SMARTDEST\" itemprop=\"image\" height=\"293\" width=\"798\" title=\"SMARTDEST\"  \/><br \/>\n\t\t\t\t<img loading=\"lazy\" decoding=\"async\" src=\"http:\/\/turismo.uma.pt\/wp-content\/uploads\/2019\/07\/interreg_apoios-1024x171.png\" alt=\"interreg_apoios\" itemprop=\"image\" height=\"92\" width=\"550\" title=\"interreg_apoios\"  \/><\/p>\n<p><strong>Designa\u00e7\u00e3o do projeto | <\/strong>SmartDest<br \/>\n<strong>C\u00f3digo do projeto |<\/strong> MAC\/1.1b\/133<br \/>\n<strong>Objetivo principal |\u00a0<\/strong>Avalia\u00e7\u00e3o e proposta da estrat\u00e9gia de uso de ferramentas para a convers\u00e3o das ilhas em espa\u00e7os de destinos tur\u00edsticos inteligentes<br \/>\n<strong>Regi\u00e3o de interven\u00e7\u00e3o |<\/strong> Regi\u00e3o Aut\u00f3noma da Madeira<\/p>\n<p><strong>Data de in\u00edcio | <\/strong>31\/01\/2017<strong><br \/>\n<\/strong><strong>Data de conclus\u00e3o |<\/strong> 30\/09\/2019<br \/>\n<strong>Custo total eleg\u00edvel | <\/strong>112 993,11\u20ac<strong><br \/>\n<\/strong><strong>Apoio financeiro da Uni\u00e3o Europeia (FEDER 85%) |\u00a0<\/strong>96 044,14\u20ac<strong><br \/>\n<\/strong><strong>Comparticipa\u00e7\u00e3o da Universidade da Madeira (5.97%) | <\/strong>16 948,97\u20ac<\/p>\n<p>&nbsp;<\/p>\n<p>DESCRI\u00c7\u00c3O DO PROJETO<\/p>\n<p>O Projeto SmartDest pretende promover a pesquisa, o desenvolvimento tecnol\u00f3gico e a inova\u00e7\u00e3o; melhorar a competitividade das PME; dar apoio \u00e0 capacidade das PME de crescer nos mercados regional, nacional e internacional; promover a adapta\u00e7\u00e3o \u00e0s mudan\u00e7as clim\u00e1ticas e preven\u00e7\u00e3o e gest\u00e3o de riscos;promo\u00e7\u00e3o de investimento para endere\u00e7ar riscos espec\u00edficos, garantia de resili\u00eancia contra cat\u00e1strofes e desenvolvimento de sistemas de gest\u00e3o de desastres.<\/p>\n<p>&nbsp;<\/p>\n<p>ATIVIDADES<\/p>\n<ol>\n<li><strong>\u00a0Cria\u00e7\u00e3o de um Plano Diretor <\/strong><br \/>\nMelhorar a coopera\u00e7\u00e3o p\u00fablico-privada, o desenvolvimento de v\u00ednculos e sinergias centros de investiga\u00e7\u00e3o para o desenvolvimento de DTI, mediante a cria\u00e7\u00e3o de um plano diretor para cada um dos destinos tur\u00edsticos.<\/li>\n<li><strong>\u00a0Implementa\u00e7\u00e3o das TIC&#8217;s<\/strong><br \/>\nMelhorar o espa\u00e7o de forma inteligente, com a implementa\u00e7\u00e3o de solu\u00e7\u00f5es tecnol\u00f3gicas de informa\u00e7\u00e3o e de comunica\u00e7\u00e3o (TICs), para deste modo evoluir para um destino tur\u00edstico inteligente<\/li>\n<li><strong>\u00a0Transforma\u00e7\u00e3o para Destino Tur\u00edstico Inteligente<\/strong><br \/>\nImpulsionar iniciativas empresariais orientadas para o desenvolvimento de tecnologias aplic\u00e1veis \u00e0 transforma\u00e7\u00e3o das ilhas como destinos tur\u00edsticos inteligentes.<strong>\u00a0 <\/strong><\/li>\n<\/ol>\n<p>&nbsp;<\/p>\n","protected":false},"excerpt":{"rendered":"<p>Designa\u00e7\u00e3o do projeto | SmartDest C\u00f3digo do projeto | MAC\/1.1b\/133 Objetivo principal |\u00a0Avalia\u00e7\u00e3o e proposta da estrat\u00e9gia de uso de ferramentas para a convers\u00e3o das ilhas em espa\u00e7os de destinos tur\u00edsticos inteligentes Regi\u00e3o de interven\u00e7\u00e3o | Regi\u00e3o Aut\u00f3noma da Madeira Data de in\u00edcio | 31\/01\/2017 Data de conclus\u00e3o | 30\/09\/2019 Custo total eleg\u00edvel | 112&hellip;<\/p>\n","protected":false},"author":1,"featured_media":0,"parent":1240,"menu_order":0,"comment_status":"closed","ping_status":"closed","template":"fullwidth.php","meta":{"_monsterinsights_skip_tracking":false,"_monsterinsights_sitenote_active":false,"_monsterinsights_sitenote_note":"","_monsterinsights_sitenote_category":0,"_mc_calendar":[],"footnotes":""},"class_list":["post-3313","page","type-page","status-publish","hentry"],"yoast_head":"<!-- This site is optimized with the Yoast SEO plugin v27.4 - https:\/\/yoast.com\/product\/yoast-seo-wordpress\/ -->\n<title>Projeto SmartDest - Projeto Turismo<\/title>\n<meta name=\"robots\" content=\"index, follow, max-snippet:-1, max-image-preview:large, max-video-preview:-1\" \/>\n<link rel=\"canonical\" href=\"https:\/\/turismo.uma.pt\/?page_id=3313\" \/>\n<meta property=\"og:locale\" content=\"pt_PT\" \/>\n<meta property=\"og:type\" content=\"article\" \/>\n<meta property=\"og:title\" content=\"Projeto SmartDest - Projeto Turismo\" \/>\n<meta property=\"og:description\" content=\"Designa\u00e7\u00e3o do projeto | SmartDest C\u00f3digo do projeto | MAC\/1.1b\/133 Objetivo principal |\u00a0Avalia\u00e7\u00e3o e proposta da estrat\u00e9gia de uso de ferramentas para a convers\u00e3o das ilhas em espa\u00e7os de destinos tur\u00edsticos inteligentes Regi\u00e3o de interven\u00e7\u00e3o | Regi\u00e3o Aut\u00f3noma da Madeira Data de in\u00edcio | 31\/01\/2017 Data de conclus\u00e3o | 30\/09\/2019 Custo total eleg\u00edvel | 112&hellip;\" \/>\n<meta property=\"og:url\" content=\"https:\/\/turismo.uma.pt\/?page_id=3313\" \/>\n<meta property=\"og:site_name\" content=\"Projeto Turismo\" \/>\n<meta property=\"article:modified_time\" content=\"2019-08-30T16:13:13+00:00\" \/>\n<meta property=\"og:image\" content=\"http:\/\/turismo.uma.pt\/wp-content\/uploads\/2019\/07\/SMARTDEST.png\" \/>\n<meta name=\"twitter:card\" content=\"summary_large_image\" \/>\n<meta name=\"twitter:label1\" content=\"Tempo estimado de leitura\" \/>\n\t<meta name=\"twitter:data1\" content=\"1 minuto\" \/>\n<script type=\"application\/ld+json\" class=\"yoast-schema-graph\">{\"@context\":\"https:\\\/\\\/schema.org\",\"@graph\":[{\"@type\":\"WebPage\",\"@id\":\"https:\\\/\\\/turismo.uma.pt\\\/?page_id=3313\",\"url\":\"https:\\\/\\\/turismo.uma.pt\\\/?page_id=3313\",\"name\":\"Projeto SmartDest - Projeto Turismo\",\"isPartOf\":{\"@id\":\"https:\\\/\\\/turismo.uma.pt\\\/#website\"},\"primaryImageOfPage\":{\"@id\":\"https:\\\/\\\/turismo.uma.pt\\\/?page_id=3313#primaryimage\"},\"image\":{\"@id\":\"https:\\\/\\\/turismo.uma.pt\\\/?page_id=3313#primaryimage\"},\"thumbnailUrl\":\"http:\\\/\\\/turismo.uma.pt\\\/wp-content\\\/uploads\\\/2019\\\/07\\\/SMARTDEST.png\",\"datePublished\":\"2019-08-13T11:15:42+00:00\",\"dateModified\":\"2019-08-30T16:13:13+00:00\",\"breadcrumb\":{\"@id\":\"https:\\\/\\\/turismo.uma.pt\\\/?page_id=3313#breadcrumb\"},\"inLanguage\":\"pt-PT\",\"potentialAction\":[{\"@type\":\"ReadAction\",\"target\":[\"https:\\\/\\\/turismo.uma.pt\\\/?page_id=3313\"]}]},{\"@type\":\"ImageObject\",\"inLanguage\":\"pt-PT\",\"@id\":\"https:\\\/\\\/turismo.uma.pt\\\/?page_id=3313#primaryimage\",\"url\":\"http:\\\/\\\/turismo.uma.pt\\\/wp-content\\\/uploads\\\/2019\\\/07\\\/SMARTDEST.png\",\"contentUrl\":\"http:\\\/\\\/turismo.uma.pt\\\/wp-content\\\/uploads\\\/2019\\\/07\\\/SMARTDEST.png\"},{\"@type\":\"BreadcrumbList\",\"@id\":\"https:\\\/\\\/turismo.uma.pt\\\/?page_id=3313#breadcrumb\",\"itemListElement\":[{\"@type\":\"ListItem\",\"position\":1,\"name\":\"Centro de Investiga\u00e7\u00e3o, Desenvolvimento e Inova\u00e7\u00e3o em Turismo (Polo Madeira)\",\"item\":\"https:\\\/\\\/turismo.uma.pt\\\/?page_id=959\"},{\"@type\":\"ListItem\",\"position\":2,\"name\":\"Projetos Financiados\",\"item\":\"https:\\\/\\\/turismo.uma.pt\\\/?page_id=1240\"},{\"@type\":\"ListItem\",\"position\":3,\"name\":\"Projeto SmartDest\"}]},{\"@type\":\"WebSite\",\"@id\":\"https:\\\/\\\/turismo.uma.pt\\\/#website\",\"url\":\"https:\\\/\\\/turismo.uma.pt\\\/\",\"name\":\"Projeto Turismo\",\"description\":\"Universidade da Madeira\",\"potentialAction\":[{\"@type\":\"SearchAction\",\"target\":{\"@type\":\"EntryPoint\",\"urlTemplate\":\"https:\\\/\\\/turismo.uma.pt\\\/?s={search_term_string}\"},\"query-input\":{\"@type\":\"PropertyValueSpecification\",\"valueRequired\":true,\"valueName\":\"search_term_string\"}}],\"inLanguage\":\"pt-PT\"}]}<\/script>\n<!-- \/ Yoast SEO plugin. -->","yoast_head_json":{"title":"Projeto SmartDest - Projeto Turismo","robots":{"index":"index","follow":"follow","max-snippet":"max-snippet:-1","max-image-preview":"max-image-preview:large","max-video-preview":"max-video-preview:-1"},"canonical":"https:\/\/turismo.uma.pt\/?page_id=3313","og_locale":"pt_PT","og_type":"article","og_title":"Projeto SmartDest - Projeto Turismo","og_description":"Designa\u00e7\u00e3o do projeto | SmartDest C\u00f3digo do projeto | MAC\/1.1b\/133 Objetivo principal |\u00a0Avalia\u00e7\u00e3o e proposta da estrat\u00e9gia de uso de ferramentas para a convers\u00e3o das ilhas em espa\u00e7os de destinos tur\u00edsticos inteligentes Regi\u00e3o de interven\u00e7\u00e3o | Regi\u00e3o Aut\u00f3noma da Madeira Data de in\u00edcio | 31\/01\/2017 Data de conclus\u00e3o | 30\/09\/2019 Custo total eleg\u00edvel | 112&hellip;","og_url":"https:\/\/turismo.uma.pt\/?page_id=3313","og_site_name":"Projeto Turismo","article_modified_time":"2019-08-30T16:13:13+00:00","og_image":[{"url":"http:\/\/turismo.uma.pt\/wp-content\/uploads\/2019\/07\/SMARTDEST.png","type":"","width":"","height":""}],"twitter_card":"summary_large_image","twitter_misc":{"Tempo estimado de leitura":"1 minuto"},"schema":{"@context":"https:\/\/schema.org","@graph":[{"@type":"WebPage","@id":"https:\/\/turismo.uma.pt\/?page_id=3313","url":"https:\/\/turismo.uma.pt\/?page_id=3313","name":"Projeto SmartDest - Projeto Turismo","isPartOf":{"@id":"https:\/\/turismo.uma.pt\/#website"},"primaryImageOfPage":{"@id":"https:\/\/turismo.uma.pt\/?page_id=3313#primaryimage"},"image":{"@id":"https:\/\/turismo.uma.pt\/?page_id=3313#primaryimage"},"thumbnailUrl":"http:\/\/turismo.uma.pt\/wp-content\/uploads\/2019\/07\/SMARTDEST.png","datePublished":"2019-08-13T11:15:42+00:00","dateModified":"2019-08-30T16:13:13+00:00","breadcrumb":{"@id":"https:\/\/turismo.uma.pt\/?page_id=3313#breadcrumb"},"inLanguage":"pt-PT","potentialAction":[{"@type":"ReadAction","target":["https:\/\/turismo.uma.pt\/?page_id=3313"]}]},{"@type":"ImageObject","inLanguage":"pt-PT","@id":"https:\/\/turismo.uma.pt\/?page_id=3313#primaryimage","url":"http:\/\/turismo.uma.pt\/wp-content\/uploads\/2019\/07\/SMARTDEST.png","contentUrl":"http:\/\/turismo.uma.pt\/wp-content\/uploads\/2019\/07\/SMARTDEST.png"},{"@type":"BreadcrumbList","@id":"https:\/\/turismo.uma.pt\/?page_id=3313#breadcrumb","itemListElement":[{"@type":"ListItem","position":1,"name":"Centro de Investiga\u00e7\u00e3o, Desenvolvimento e Inova\u00e7\u00e3o em Turismo (Polo Madeira)","item":"https:\/\/turismo.uma.pt\/?page_id=959"},{"@type":"ListItem","position":2,"name":"Projetos Financiados","item":"https:\/\/turismo.uma.pt\/?page_id=1240"},{"@type":"ListItem","position":3,"name":"Projeto SmartDest"}]},{"@type":"WebSite","@id":"https:\/\/turismo.uma.pt\/#website","url":"https:\/\/turismo.uma.pt\/","name":"Projeto Turismo","description":"Universidade da Madeira","potentialAction":[{"@type":"SearchAction","target":{"@type":"EntryPoint","urlTemplate":"https:\/\/turismo.uma.pt\/?s={search_term_string}"},"query-input":{"@type":"PropertyValueSpecification","valueRequired":true,"valueName":"search_term_string"}}],"inLanguage":"pt-PT"}]}},"_links":{"self":[{"href":"https:\/\/turismo.uma.pt\/index.php?rest_route=\/wp\/v2\/pages\/3313","targetHints":{"allow":["GET"]}}],"collection":[{"href":"https:\/\/turismo.uma.pt\/index.php?rest_route=\/wp\/v2\/pages"}],"about":[{"href":"https:\/\/turismo.uma.pt\/index.php?rest_route=\/wp\/v2\/types\/page"}],"author":[{"embeddable":true,"href":"https:\/\/turismo.uma.pt\/index.php?rest_route=\/wp\/v2\/users\/1"}],"replies":[{"embeddable":true,"href":"https:\/\/turismo.uma.pt\/index.php?rest_route=%2Fwp%2Fv2%2Fcomments&post=3313"}],"version-history":[{"count":9,"href":"https:\/\/turismo.uma.pt\/index.php?rest_route=\/wp\/v2\/pages\/3313\/revisions"}],"predecessor-version":[{"id":3447,"href":"https:\/\/turismo.uma.pt\/index.php?rest_route=\/wp\/v2\/pages\/3313\/revisions\/3447"}],"up":[{"embeddable":true,"href":"https:\/\/turismo.uma.pt\/index.php?rest_route=\/wp\/v2\/pages\/1240"}],"wp:attachment":[{"href":"https:\/\/turismo.uma.pt\/index.php?rest_route=%2Fwp%2Fv2%2Fmedia&parent=3313"}],"curies":[{"name":"wp","href":"https:\/\/api.w.org\/{rel}","templated":true}]}}