{"id":3344,"date":"2019-08-29T10:54:47","date_gmt":"2019-08-29T10:54:47","guid":{"rendered":"http:\/\/turismo.uma.pt\/?page_id=3344"},"modified":"2020-06-26T18:13:12","modified_gmt":"2020-06-26T18:13:12","slug":"investigacao-publicada-2018","status":"publish","type":"page","link":"https:\/\/turismo.uma.pt\/?page_id=3344","title":{"rendered":"2018 &#8211; Artigos Cient\u00edficos Publicados"},"content":{"rendered":"<h1>\n\t\tRemarks From Tourism and Sustainable Tourism \u2013 A Bibliometric Study<br \/>\n\t<\/h1>\n<p>\t\t\t<a href=\"\" target=\"_self\" role=\"button\"><br \/>\n\t\t\t\t\t\t\tDispon\u00edvel<br \/>\n\t\t\t\t\t<\/a><br \/>\n\t\t\t<a href=\"http:\/\/www.uhu.es\/publicaciones\/ojs\/index.php\/et\/article\/view\/3591\/3240\" target=\"_self\" role=\"button\"><br \/>\n\t\t\t\t\t\tMota, L., Teixeira, S., &#038; Gon\u00e7alves, F., (2018). Remarks From Tourism and Sustainable Tourism \u2013 A Bibliometric Study, Enlightening Tourism. A Pathmaking Journal. [SCOPUS].<br \/>\n\t\t\t\t\t<\/a><\/p>\n<h1>\n\t\tEntrepreneurial Artisan Products as Regional Tourism Competitiveness<br \/>\n\t<\/h1>\n<p>\t\t\t<a href=\"\" target=\"_self\" role=\"button\"><br \/>\n\t\t\t\t\t\t\tDispon\u00edvel mediante pedido<br \/>\n\t\t\t\t\t<\/a><br \/>\n\t\t\t<a href=\"https:\/\/www.researchgate.net\/publication\/332818555_Attractiveness_of_cultural_events_organized_by_hotels\" target=\"_self\" role=\"button\"><br \/>\n\t\t\t\t\t\t Teixeira, S. &#038; Ferreira, J. (2018). &#8220;Entrepreneurial Artisan Products as Regional Tourism Competitiveness&#8221;, International Journal of Entrepreneurial Behavior &#038; Research [Indexed: SCOPUS; ESCI -Emerging Sources Citation Index]. https:\/\/ doi.org\/10.1108\/IJEBR-01-2018-0023<br \/>\n\t\t\t\t\t<\/a><\/p>\n<h1>\n\t\tRegional Competitiveness and Innovation in Tourism Sector: A Bibliometric Analysis<br \/>\n\t<\/h1>\n<p>\t\t\t<a href=\"\" target=\"_self\" role=\"button\"><br \/>\n\t\t\t\t\t\t\tDispon\u00edvel mediante pedido<br \/>\n\t\t\t\t\t<\/a><br \/>\n\t\t\t<a href=\"https:\/\/www.inderscience.com\/info\/inarticle.php?artid=94483\" target=\"_self\" role=\"button\"><br \/>\n\t\t\t\t\t\tTeixeira, S. &#038; Ferreira, J. (2018), Regional Competitiveness and Innovation in Tourism Sector: A Bibliometric Analysis, International Journal of Tourism Policy. [Indexed: SCOPUS]. https:\/\/doi.org\/10.1504\/IJTP.2018.094483<br \/>\n\t\t\t\t\t<\/a><\/p>\n","protected":false},"excerpt":{"rendered":"<p>Remarks From Tourism and Sustainable Tourism \u2013 A Bibliometric Study Dispon\u00edvel Mota, L., Teixeira, S., &#038; Gon\u00e7alves, F., (2018). Remarks From Tourism and Sustainable Tourism \u2013 A Bibliometric Study, Enlightening Tourism. A Pathmaking Journal. [SCOPUS]. Entrepreneurial Artisan Products as Regional Tourism Competitiveness Dispon\u00edvel mediante pedido Teixeira, S. &#038; Ferreira, J. (2018). &#8220;Entrepreneurial Artisan Products as&hellip;<\/p>\n","protected":false},"author":1,"featured_media":0,"parent":1452,"menu_order":0,"comment_status":"closed","ping_status":"closed","template":"fullwidth.php","meta":{"_monsterinsights_skip_tracking":false,"_monsterinsights_sitenote_active":false,"_monsterinsights_sitenote_note":"","_monsterinsights_sitenote_category":0,"_mc_calendar":[],"footnotes":""},"class_list":["post-3344","page","type-page","status-publish","hentry"],"yoast_head":"<!-- This site is optimized with the Yoast SEO plugin v27.4 - https:\/\/yoast.com\/product\/yoast-seo-wordpress\/ -->\n<title>2018 - Artigos Cient\u00edficos Publicados - Projeto Turismo<\/title>\n<meta name=\"robots\" content=\"index, follow, max-snippet:-1, max-image-preview:large, max-video-preview:-1\" \/>\n<link rel=\"canonical\" href=\"https:\/\/turismo.uma.pt\/?page_id=3344\" \/>\n<meta property=\"og:locale\" content=\"pt_PT\" \/>\n<meta property=\"og:type\" content=\"article\" \/>\n<meta property=\"og:title\" content=\"2018 - Artigos Cient\u00edficos Publicados - Projeto Turismo\" \/>\n<meta property=\"og:description\" content=\"Remarks From Tourism and Sustainable Tourism \u2013 A Bibliometric Study Dispon\u00edvel Mota, L., Teixeira, S., &#038; Gon\u00e7alves, F., (2018). Remarks From Tourism and Sustainable Tourism \u2013 A Bibliometric Study, Enlightening Tourism. A Pathmaking Journal. [SCOPUS]. Entrepreneurial Artisan Products as Regional Tourism Competitiveness Dispon\u00edvel mediante pedido Teixeira, S. &#038; Ferreira, J. (2018). &#8220;Entrepreneurial Artisan Products as&hellip;\" \/>\n<meta property=\"og:url\" content=\"https:\/\/turismo.uma.pt\/?page_id=3344\" \/>\n<meta property=\"og:site_name\" content=\"Projeto Turismo\" \/>\n<meta property=\"article:modified_time\" content=\"2020-06-26T18:13:12+00:00\" \/>\n<meta name=\"twitter:card\" content=\"summary_large_image\" \/>\n<meta name=\"twitter:label1\" content=\"Tempo estimado de leitura\" \/>\n\t<meta name=\"twitter:data1\" content=\"1 minuto\" \/>\n<script type=\"application\/ld+json\" class=\"yoast-schema-graph\">{\"@context\":\"https:\\\/\\\/schema.org\",\"@graph\":[{\"@type\":\"WebPage\",\"@id\":\"https:\\\/\\\/turismo.uma.pt\\\/?page_id=3344\",\"url\":\"https:\\\/\\\/turismo.uma.pt\\\/?page_id=3344\",\"name\":\"2018 - Artigos Cient\u00edficos Publicados - Projeto Turismo\",\"isPartOf\":{\"@id\":\"https:\\\/\\\/turismo.uma.pt\\\/#website\"},\"datePublished\":\"2019-08-29T10:54:47+00:00\",\"dateModified\":\"2020-06-26T18:13:12+00:00\",\"breadcrumb\":{\"@id\":\"https:\\\/\\\/turismo.uma.pt\\\/?page_id=3344#breadcrumb\"},\"inLanguage\":\"pt-PT\",\"potentialAction\":[{\"@type\":\"ReadAction\",\"target\":[\"https:\\\/\\\/turismo.uma.pt\\\/?page_id=3344\"]}]},{\"@type\":\"BreadcrumbList\",\"@id\":\"https:\\\/\\\/turismo.uma.pt\\\/?page_id=3344#breadcrumb\",\"itemListElement\":[{\"@type\":\"ListItem\",\"position\":1,\"name\":\"Centro de Investiga\u00e7\u00e3o, Desenvolvimento e Inova\u00e7\u00e3o em Turismo (Polo Madeira)\",\"item\":\"https:\\\/\\\/turismo.uma.pt\\\/?page_id=959\"},{\"@type\":\"ListItem\",\"position\":2,\"name\":\"Os Nossos Estudos Cient\u00edficos\",\"item\":\"https:\\\/\\\/turismo.uma.pt\\\/?page_id=13\"},{\"@type\":\"ListItem\",\"position\":3,\"name\":\"Artigos Cient\u00edficos Publicados\",\"item\":\"https:\\\/\\\/turismo.uma.pt\\\/?page_id=1452\"},{\"@type\":\"ListItem\",\"position\":4,\"name\":\"2018 &#8211; Artigos Cient\u00edficos Publicados\"}]},{\"@type\":\"WebSite\",\"@id\":\"https:\\\/\\\/turismo.uma.pt\\\/#website\",\"url\":\"https:\\\/\\\/turismo.uma.pt\\\/\",\"name\":\"Projeto Turismo\",\"description\":\"Universidade da Madeira\",\"potentialAction\":[{\"@type\":\"SearchAction\",\"target\":{\"@type\":\"EntryPoint\",\"urlTemplate\":\"https:\\\/\\\/turismo.uma.pt\\\/?s={search_term_string}\"},\"query-input\":{\"@type\":\"PropertyValueSpecification\",\"valueRequired\":true,\"valueName\":\"search_term_string\"}}],\"inLanguage\":\"pt-PT\"}]}<\/script>\n<!-- \/ Yoast SEO plugin. -->","yoast_head_json":{"title":"2018 - Artigos Cient\u00edficos Publicados - Projeto Turismo","robots":{"index":"index","follow":"follow","max-snippet":"max-snippet:-1","max-image-preview":"max-image-preview:large","max-video-preview":"max-video-preview:-1"},"canonical":"https:\/\/turismo.uma.pt\/?page_id=3344","og_locale":"pt_PT","og_type":"article","og_title":"2018 - Artigos Cient\u00edficos Publicados - Projeto Turismo","og_description":"Remarks From Tourism and Sustainable Tourism \u2013 A Bibliometric Study Dispon\u00edvel Mota, L., Teixeira, S., &#038; Gon\u00e7alves, F., (2018). Remarks From Tourism and Sustainable Tourism \u2013 A Bibliometric Study, Enlightening Tourism. A Pathmaking Journal. [SCOPUS]. Entrepreneurial Artisan Products as Regional Tourism Competitiveness Dispon\u00edvel mediante pedido Teixeira, S. &#038; Ferreira, J. (2018). &#8220;Entrepreneurial Artisan Products as&hellip;","og_url":"https:\/\/turismo.uma.pt\/?page_id=3344","og_site_name":"Projeto Turismo","article_modified_time":"2020-06-26T18:13:12+00:00","twitter_card":"summary_large_image","twitter_misc":{"Tempo estimado de leitura":"1 minuto"},"schema":{"@context":"https:\/\/schema.org","@graph":[{"@type":"WebPage","@id":"https:\/\/turismo.uma.pt\/?page_id=3344","url":"https:\/\/turismo.uma.pt\/?page_id=3344","name":"2018 - Artigos Cient\u00edficos Publicados - Projeto Turismo","isPartOf":{"@id":"https:\/\/turismo.uma.pt\/#website"},"datePublished":"2019-08-29T10:54:47+00:00","dateModified":"2020-06-26T18:13:12+00:00","breadcrumb":{"@id":"https:\/\/turismo.uma.pt\/?page_id=3344#breadcrumb"},"inLanguage":"pt-PT","potentialAction":[{"@type":"ReadAction","target":["https:\/\/turismo.uma.pt\/?page_id=3344"]}]},{"@type":"BreadcrumbList","@id":"https:\/\/turismo.uma.pt\/?page_id=3344#breadcrumb","itemListElement":[{"@type":"ListItem","position":1,"name":"Centro de Investiga\u00e7\u00e3o, Desenvolvimento e Inova\u00e7\u00e3o em Turismo (Polo Madeira)","item":"https:\/\/turismo.uma.pt\/?page_id=959"},{"@type":"ListItem","position":2,"name":"Os Nossos Estudos Cient\u00edficos","item":"https:\/\/turismo.uma.pt\/?page_id=13"},{"@type":"ListItem","position":3,"name":"Artigos Cient\u00edficos Publicados","item":"https:\/\/turismo.uma.pt\/?page_id=1452"},{"@type":"ListItem","position":4,"name":"2018 &#8211; Artigos Cient\u00edficos Publicados"}]},{"@type":"WebSite","@id":"https:\/\/turismo.uma.pt\/#website","url":"https:\/\/turismo.uma.pt\/","name":"Projeto Turismo","description":"Universidade da Madeira","potentialAction":[{"@type":"SearchAction","target":{"@type":"EntryPoint","urlTemplate":"https:\/\/turismo.uma.pt\/?s={search_term_string}"},"query-input":{"@type":"PropertyValueSpecification","valueRequired":true,"valueName":"search_term_string"}}],"inLanguage":"pt-PT"}]}},"_links":{"self":[{"href":"https:\/\/turismo.uma.pt\/index.php?rest_route=\/wp\/v2\/pages\/3344","targetHints":{"allow":["GET"]}}],"collection":[{"href":"https:\/\/turismo.uma.pt\/index.php?rest_route=\/wp\/v2\/pages"}],"about":[{"href":"https:\/\/turismo.uma.pt\/index.php?rest_route=\/wp\/v2\/types\/page"}],"author":[{"embeddable":true,"href":"https:\/\/turismo.uma.pt\/index.php?rest_route=\/wp\/v2\/users\/1"}],"replies":[{"embeddable":true,"href":"https:\/\/turismo.uma.pt\/index.php?rest_route=%2Fwp%2Fv2%2Fcomments&post=3344"}],"version-history":[{"count":5,"href":"https:\/\/turismo.uma.pt\/index.php?rest_route=\/wp\/v2\/pages\/3344\/revisions"}],"predecessor-version":[{"id":3871,"href":"https:\/\/turismo.uma.pt\/index.php?rest_route=\/wp\/v2\/pages\/3344\/revisions\/3871"}],"up":[{"embeddable":true,"href":"https:\/\/turismo.uma.pt\/index.php?rest_route=\/wp\/v2\/pages\/1452"}],"wp:attachment":[{"href":"https:\/\/turismo.uma.pt\/index.php?rest_route=%2Fwp%2Fv2%2Fmedia&parent=3344"}],"curies":[{"name":"wp","href":"https:\/\/api.w.org\/{rel}","templated":true}]}}