{"id":3348,"date":"2019-08-29T11:08:41","date_gmt":"2019-08-29T11:08:41","guid":{"rendered":"http:\/\/turismo.uma.pt\/?page_id=3348"},"modified":"2020-06-26T18:13:58","modified_gmt":"2020-06-26T18:13:58","slug":"investigacao-publicado-2017","status":"publish","type":"page","link":"https:\/\/turismo.uma.pt\/?page_id=3348","title":{"rendered":"2017 \u2013 Artigos Cient\u00edficos Publicados"},"content":{"rendered":"<h1>\n\t\tCompetences and Managerial Profile as Drivers of Hotel Internationalization: Implications on Firm\u00b4s Internationalization Strategy Pattern<br \/>\n\t<\/h1>\n<p>\t\t\t<a href=\"\" target=\"_self\" role=\"button\"><br \/>\n\t\t\t\t\t\t\tDispon\u00edvel<br \/>\n\t\t\t\t\t<\/a><br \/>\n\t\t\t<a href=\"http:\/\/www.etimm.ase.ro\/RePEc\/aes\/jetimm\/2017\/ETIMM_V01_2017_104.pdf\" target=\"_self\" role=\"button\"><br \/>\n\t\t\t\t\t\tCorreia, R., Lengler J. (2017), Competences and Managerial Profile as Drivers of Hotel Internationalization: Implications on Firm\u00b4s Internationalization Strategy Pattern, Journal of Emerging Trends in Marketing and Management.<br \/>\n\t\t\t\t\t<\/a><\/p>\n","protected":false},"excerpt":{"rendered":"<p>Competences and Managerial Profile as Drivers of Hotel Internationalization: Implications on Firm\u00b4s Internationalization Strategy Pattern Dispon\u00edvel Correia, R., Lengler J. (2017), Competences and Managerial Profile as Drivers of Hotel Internationalization: Implications on Firm\u00b4s Internationalization Strategy Pattern, Journal of Emerging Trends in Marketing and Management.<\/p>\n","protected":false},"author":1,"featured_media":0,"parent":1452,"menu_order":0,"comment_status":"closed","ping_status":"closed","template":"fullwidth.php","meta":{"_monsterinsights_skip_tracking":false,"_monsterinsights_sitenote_active":false,"_monsterinsights_sitenote_note":"","_monsterinsights_sitenote_category":0,"_mc_calendar":[],"footnotes":""},"class_list":["post-3348","page","type-page","status-publish","hentry"],"yoast_head":"<!-- This site is optimized with the Yoast SEO plugin v27.4 - https:\/\/yoast.com\/product\/yoast-seo-wordpress\/ -->\n<title>2017 \u2013 Artigos Cient\u00edficos Publicados - Projeto Turismo<\/title>\n<meta name=\"robots\" content=\"index, follow, max-snippet:-1, max-image-preview:large, max-video-preview:-1\" \/>\n<link rel=\"canonical\" href=\"https:\/\/turismo.uma.pt\/?page_id=3348\" \/>\n<meta property=\"og:locale\" content=\"pt_PT\" \/>\n<meta property=\"og:type\" content=\"article\" \/>\n<meta property=\"og:title\" content=\"2017 \u2013 Artigos Cient\u00edficos Publicados - Projeto Turismo\" \/>\n<meta property=\"og:description\" content=\"Competences and Managerial Profile as Drivers of Hotel Internationalization: Implications on Firm\u00b4s Internationalization Strategy Pattern Dispon\u00edvel Correia, R., Lengler J. (2017), Competences and Managerial Profile as Drivers of Hotel Internationalization: Implications on Firm\u00b4s Internationalization Strategy Pattern, Journal of Emerging Trends in Marketing and Management.\" \/>\n<meta property=\"og:url\" content=\"https:\/\/turismo.uma.pt\/?page_id=3348\" \/>\n<meta property=\"og:site_name\" content=\"Projeto Turismo\" \/>\n<meta property=\"article:modified_time\" content=\"2020-06-26T18:13:58+00:00\" \/>\n<meta name=\"twitter:card\" content=\"summary_large_image\" \/>\n<script type=\"application\/ld+json\" class=\"yoast-schema-graph\">{\"@context\":\"https:\\\/\\\/schema.org\",\"@graph\":[{\"@type\":\"WebPage\",\"@id\":\"https:\\\/\\\/turismo.uma.pt\\\/?page_id=3348\",\"url\":\"https:\\\/\\\/turismo.uma.pt\\\/?page_id=3348\",\"name\":\"2017 \u2013 Artigos Cient\u00edficos Publicados - Projeto Turismo\",\"isPartOf\":{\"@id\":\"https:\\\/\\\/turismo.uma.pt\\\/#website\"},\"datePublished\":\"2019-08-29T11:08:41+00:00\",\"dateModified\":\"2020-06-26T18:13:58+00:00\",\"breadcrumb\":{\"@id\":\"https:\\\/\\\/turismo.uma.pt\\\/?page_id=3348#breadcrumb\"},\"inLanguage\":\"pt-PT\",\"potentialAction\":[{\"@type\":\"ReadAction\",\"target\":[\"https:\\\/\\\/turismo.uma.pt\\\/?page_id=3348\"]}]},{\"@type\":\"BreadcrumbList\",\"@id\":\"https:\\\/\\\/turismo.uma.pt\\\/?page_id=3348#breadcrumb\",\"itemListElement\":[{\"@type\":\"ListItem\",\"position\":1,\"name\":\"Centro de Investiga\u00e7\u00e3o, Desenvolvimento e Inova\u00e7\u00e3o em Turismo (Polo Madeira)\",\"item\":\"https:\\\/\\\/turismo.uma.pt\\\/?page_id=959\"},{\"@type\":\"ListItem\",\"position\":2,\"name\":\"Os Nossos Estudos Cient\u00edficos\",\"item\":\"https:\\\/\\\/turismo.uma.pt\\\/?page_id=13\"},{\"@type\":\"ListItem\",\"position\":3,\"name\":\"Artigos Cient\u00edficos Publicados\",\"item\":\"https:\\\/\\\/turismo.uma.pt\\\/?page_id=1452\"},{\"@type\":\"ListItem\",\"position\":4,\"name\":\"2017 \u2013 Artigos Cient\u00edficos Publicados\"}]},{\"@type\":\"WebSite\",\"@id\":\"https:\\\/\\\/turismo.uma.pt\\\/#website\",\"url\":\"https:\\\/\\\/turismo.uma.pt\\\/\",\"name\":\"Projeto Turismo\",\"description\":\"Universidade da Madeira\",\"potentialAction\":[{\"@type\":\"SearchAction\",\"target\":{\"@type\":\"EntryPoint\",\"urlTemplate\":\"https:\\\/\\\/turismo.uma.pt\\\/?s={search_term_string}\"},\"query-input\":{\"@type\":\"PropertyValueSpecification\",\"valueRequired\":true,\"valueName\":\"search_term_string\"}}],\"inLanguage\":\"pt-PT\"}]}<\/script>\n<!-- \/ Yoast SEO plugin. -->","yoast_head_json":{"title":"2017 \u2013 Artigos Cient\u00edficos Publicados - Projeto Turismo","robots":{"index":"index","follow":"follow","max-snippet":"max-snippet:-1","max-image-preview":"max-image-preview:large","max-video-preview":"max-video-preview:-1"},"canonical":"https:\/\/turismo.uma.pt\/?page_id=3348","og_locale":"pt_PT","og_type":"article","og_title":"2017 \u2013 Artigos Cient\u00edficos Publicados - Projeto Turismo","og_description":"Competences and Managerial Profile as Drivers of Hotel Internationalization: Implications on Firm\u00b4s Internationalization Strategy Pattern Dispon\u00edvel Correia, R., Lengler J. (2017), Competences and Managerial Profile as Drivers of Hotel Internationalization: Implications on Firm\u00b4s Internationalization Strategy Pattern, Journal of Emerging Trends in Marketing and Management.","og_url":"https:\/\/turismo.uma.pt\/?page_id=3348","og_site_name":"Projeto Turismo","article_modified_time":"2020-06-26T18:13:58+00:00","twitter_card":"summary_large_image","schema":{"@context":"https:\/\/schema.org","@graph":[{"@type":"WebPage","@id":"https:\/\/turismo.uma.pt\/?page_id=3348","url":"https:\/\/turismo.uma.pt\/?page_id=3348","name":"2017 \u2013 Artigos Cient\u00edficos Publicados - Projeto Turismo","isPartOf":{"@id":"https:\/\/turismo.uma.pt\/#website"},"datePublished":"2019-08-29T11:08:41+00:00","dateModified":"2020-06-26T18:13:58+00:00","breadcrumb":{"@id":"https:\/\/turismo.uma.pt\/?page_id=3348#breadcrumb"},"inLanguage":"pt-PT","potentialAction":[{"@type":"ReadAction","target":["https:\/\/turismo.uma.pt\/?page_id=3348"]}]},{"@type":"BreadcrumbList","@id":"https:\/\/turismo.uma.pt\/?page_id=3348#breadcrumb","itemListElement":[{"@type":"ListItem","position":1,"name":"Centro de Investiga\u00e7\u00e3o, Desenvolvimento e Inova\u00e7\u00e3o em Turismo (Polo Madeira)","item":"https:\/\/turismo.uma.pt\/?page_id=959"},{"@type":"ListItem","position":2,"name":"Os Nossos Estudos Cient\u00edficos","item":"https:\/\/turismo.uma.pt\/?page_id=13"},{"@type":"ListItem","position":3,"name":"Artigos Cient\u00edficos Publicados","item":"https:\/\/turismo.uma.pt\/?page_id=1452"},{"@type":"ListItem","position":4,"name":"2017 \u2013 Artigos Cient\u00edficos Publicados"}]},{"@type":"WebSite","@id":"https:\/\/turismo.uma.pt\/#website","url":"https:\/\/turismo.uma.pt\/","name":"Projeto Turismo","description":"Universidade da Madeira","potentialAction":[{"@type":"SearchAction","target":{"@type":"EntryPoint","urlTemplate":"https:\/\/turismo.uma.pt\/?s={search_term_string}"},"query-input":{"@type":"PropertyValueSpecification","valueRequired":true,"valueName":"search_term_string"}}],"inLanguage":"pt-PT"}]}},"_links":{"self":[{"href":"https:\/\/turismo.uma.pt\/index.php?rest_route=\/wp\/v2\/pages\/3348","targetHints":{"allow":["GET"]}}],"collection":[{"href":"https:\/\/turismo.uma.pt\/index.php?rest_route=\/wp\/v2\/pages"}],"about":[{"href":"https:\/\/turismo.uma.pt\/index.php?rest_route=\/wp\/v2\/types\/page"}],"author":[{"embeddable":true,"href":"https:\/\/turismo.uma.pt\/index.php?rest_route=\/wp\/v2\/users\/1"}],"replies":[{"embeddable":true,"href":"https:\/\/turismo.uma.pt\/index.php?rest_route=%2Fwp%2Fv2%2Fcomments&post=3348"}],"version-history":[{"count":7,"href":"https:\/\/turismo.uma.pt\/index.php?rest_route=\/wp\/v2\/pages\/3348\/revisions"}],"predecessor-version":[{"id":3872,"href":"https:\/\/turismo.uma.pt\/index.php?rest_route=\/wp\/v2\/pages\/3348\/revisions\/3872"}],"up":[{"embeddable":true,"href":"https:\/\/turismo.uma.pt\/index.php?rest_route=\/wp\/v2\/pages\/1452"}],"wp:attachment":[{"href":"https:\/\/turismo.uma.pt\/index.php?rest_route=%2Fwp%2Fv2%2Fmedia&parent=3348"}],"curies":[{"name":"wp","href":"https:\/\/api.w.org\/{rel}","templated":true}]}}