{"id":3388,"date":"2019-08-29T16:10:36","date_gmt":"2019-08-29T16:10:36","guid":{"rendered":"http:\/\/turismo.uma.pt\/?page_id=3388"},"modified":"2019-08-29T16:18:28","modified_gmt":"2019-08-29T16:18:28","slug":"livros-capitulos-livros-2011","status":"publish","type":"page","link":"https:\/\/turismo.uma.pt\/?page_id=3388","title":{"rendered":"Livros e Cap\u00edtulos de Livros &#8211; 2011"},"content":{"rendered":"<p>\t\t\t<a href=\"\" target=\"_self\" role=\"button\"><br \/>\n\t\t\t\t\t\tAnt\u00f3nio Almeida, Ricardo Fabr\u00edcio \u201cA experi\u00eancia de desenvolvimento socioecon\u00f3mico regional: uma abordagem multidisciplinar sobre a Madeira\u201dMad, 2011, ISBN: 978-989- 97466-1-9.<br \/>\n\t\t\t\t\t<\/a><br \/>\n\t\t\t<a href=\"\" target=\"_self\" role=\"button\"><br \/>\n\t\t\t\t\t\tAnt\u00f3nio Almeida, \u201c30 anos de desenvolvimento na Regi\u00e3o Aut\u00f3noma da Madeira: para l\u00e1 da problem\u00e1tica da gest\u00e3o das finan\u00e7as p\u00fablicas\u201d, Principia (Nacional), 2011, Tiragem: 1000 exemplares, ISBN: 9789898131850.<br \/>\n\t\t\t\t\t<\/a><br \/>\n\t\t\t<a href=\"\" target=\"_self\" role=\"button\"><br \/>\n\t\t\t\t\t\tAnt\u00f3nio Almeida, \u201cAnexo Estat\u00edstico, in A experi\u00eancia de desenvolvimento socioecon\u00f3mico regional: uma abordagem multidisciplinar sobre a Madeira\u201d Universidade Madeira, 2011, ISBN: 978-989-97466-1-9.<br \/>\n\t\t\t\t\t<\/a><br \/>\n\t\t\t<a href=\"\" target=\"_self\" role=\"button\"><br \/>\n\t\t\t\t\t\tAnt\u00f3nio Almeida, Jorge Soares, Ant\u00f3nio Alves, \u201cTurismo Activo e Levadas: Quais os activos na fronteira entre o Turismo e o Desporto?\u201dLiberal, 2011, ISBN: 978-989-97466.<br \/>\n\t\t\t\t\t<\/a><br \/>\n\t\t\t<a href=\"\" target=\"_self\" role=\"button\"><br \/>\n\t\t\t\t\t\tAnt\u00f3nio Almeida, Ricardo Fabr\u00edcio, \u201cIntrodu\u00e7\u00e3o, in A experi\u00eancia de desenvolvimento socioecon\u00f3mico regional: uma abordagem multidisciplinar sobre a Madeira\u201d, Liberal, 2011, ISBN: 978-989-97466-1-9.<br \/>\n\t\t\t\t\t<\/a><\/p>\n","protected":false},"excerpt":{"rendered":"<p>Ant\u00f3nio Almeida, Ricardo Fabr\u00edcio \u201cA experi\u00eancia de desenvolvimento socioecon\u00f3mico regional: uma abordagem multidisciplinar sobre a Madeira\u201dMad, 2011, ISBN: 978-989- 97466-1-9. Ant\u00f3nio Almeida, \u201c30 anos de desenvolvimento na Regi\u00e3o Aut\u00f3noma da Madeira: para l\u00e1 da problem\u00e1tica da gest\u00e3o das finan\u00e7as p\u00fablicas\u201d, Principia (Nacional), 2011, Tiragem: 1000 exemplares, ISBN: 9789898131850. Ant\u00f3nio Almeida, \u201cAnexo Estat\u00edstico, in A experi\u00eancia&hellip;<\/p>\n","protected":false},"author":1,"featured_media":0,"parent":2265,"menu_order":0,"comment_status":"closed","ping_status":"closed","template":"fullwidth.php","meta":{"_monsterinsights_skip_tracking":false,"_monsterinsights_sitenote_active":false,"_monsterinsights_sitenote_note":"","_monsterinsights_sitenote_category":0,"_mc_calendar":[],"footnotes":""},"class_list":["post-3388","page","type-page","status-publish","hentry"],"yoast_head":"<!-- This site is optimized with the Yoast SEO plugin v27.4 - https:\/\/yoast.com\/product\/yoast-seo-wordpress\/ -->\n<title>Livros e Cap\u00edtulos de Livros - 2011 - Projeto Turismo<\/title>\n<meta name=\"robots\" content=\"index, follow, max-snippet:-1, max-image-preview:large, max-video-preview:-1\" \/>\n<link rel=\"canonical\" href=\"https:\/\/turismo.uma.pt\/?page_id=3388\" \/>\n<meta property=\"og:locale\" content=\"pt_PT\" \/>\n<meta property=\"og:type\" content=\"article\" \/>\n<meta property=\"og:title\" content=\"Livros e Cap\u00edtulos de Livros - 2011 - Projeto Turismo\" \/>\n<meta property=\"og:description\" content=\"Ant\u00f3nio Almeida, Ricardo Fabr\u00edcio \u201cA experi\u00eancia de desenvolvimento socioecon\u00f3mico regional: uma abordagem multidisciplinar sobre a Madeira\u201dMad, 2011, ISBN: 978-989- 97466-1-9. Ant\u00f3nio Almeida, \u201c30 anos de desenvolvimento na Regi\u00e3o Aut\u00f3noma da Madeira: para l\u00e1 da problem\u00e1tica da gest\u00e3o das finan\u00e7as p\u00fablicas\u201d, Principia (Nacional), 2011, Tiragem: 1000 exemplares, ISBN: 9789898131850. Ant\u00f3nio Almeida, \u201cAnexo Estat\u00edstico, in A experi\u00eancia&hellip;\" \/>\n<meta property=\"og:url\" content=\"https:\/\/turismo.uma.pt\/?page_id=3388\" \/>\n<meta property=\"og:site_name\" content=\"Projeto Turismo\" \/>\n<meta property=\"article:modified_time\" content=\"2019-08-29T16:18:28+00:00\" \/>\n<meta name=\"twitter:card\" content=\"summary_large_image\" \/>\n<meta name=\"twitter:label1\" content=\"Tempo estimado de leitura\" \/>\n\t<meta name=\"twitter:data1\" content=\"1 minuto\" \/>\n<script type=\"application\/ld+json\" class=\"yoast-schema-graph\">{\"@context\":\"https:\\\/\\\/schema.org\",\"@graph\":[{\"@type\":\"WebPage\",\"@id\":\"https:\\\/\\\/turismo.uma.pt\\\/?page_id=3388\",\"url\":\"https:\\\/\\\/turismo.uma.pt\\\/?page_id=3388\",\"name\":\"Livros e Cap\u00edtulos de Livros - 2011 - Projeto Turismo\",\"isPartOf\":{\"@id\":\"https:\\\/\\\/turismo.uma.pt\\\/#website\"},\"datePublished\":\"2019-08-29T16:10:36+00:00\",\"dateModified\":\"2019-08-29T16:18:28+00:00\",\"breadcrumb\":{\"@id\":\"https:\\\/\\\/turismo.uma.pt\\\/?page_id=3388#breadcrumb\"},\"inLanguage\":\"pt-PT\",\"potentialAction\":[{\"@type\":\"ReadAction\",\"target\":[\"https:\\\/\\\/turismo.uma.pt\\\/?page_id=3388\"]}]},{\"@type\":\"BreadcrumbList\",\"@id\":\"https:\\\/\\\/turismo.uma.pt\\\/?page_id=3388#breadcrumb\",\"itemListElement\":[{\"@type\":\"ListItem\",\"position\":1,\"name\":\"Centro de Investiga\u00e7\u00e3o, Desenvolvimento e Inova\u00e7\u00e3o em Turismo (Polo Madeira)\",\"item\":\"https:\\\/\\\/turismo.uma.pt\\\/?page_id=959\"},{\"@type\":\"ListItem\",\"position\":2,\"name\":\"Os Nossos Estudos Cient\u00edficos\",\"item\":\"https:\\\/\\\/turismo.uma.pt\\\/?page_id=13\"},{\"@type\":\"ListItem\",\"position\":3,\"name\":\"Livros e Cap\u00edtulos de Livros\",\"item\":\"https:\\\/\\\/turismo.uma.pt\\\/?page_id=2265\"},{\"@type\":\"ListItem\",\"position\":4,\"name\":\"Livros e Cap\u00edtulos de Livros &#8211; 2011\"}]},{\"@type\":\"WebSite\",\"@id\":\"https:\\\/\\\/turismo.uma.pt\\\/#website\",\"url\":\"https:\\\/\\\/turismo.uma.pt\\\/\",\"name\":\"Projeto Turismo\",\"description\":\"Universidade da Madeira\",\"potentialAction\":[{\"@type\":\"SearchAction\",\"target\":{\"@type\":\"EntryPoint\",\"urlTemplate\":\"https:\\\/\\\/turismo.uma.pt\\\/?s={search_term_string}\"},\"query-input\":{\"@type\":\"PropertyValueSpecification\",\"valueRequired\":true,\"valueName\":\"search_term_string\"}}],\"inLanguage\":\"pt-PT\"}]}<\/script>\n<!-- \/ Yoast SEO plugin. -->","yoast_head_json":{"title":"Livros e Cap\u00edtulos de Livros - 2011 - Projeto Turismo","robots":{"index":"index","follow":"follow","max-snippet":"max-snippet:-1","max-image-preview":"max-image-preview:large","max-video-preview":"max-video-preview:-1"},"canonical":"https:\/\/turismo.uma.pt\/?page_id=3388","og_locale":"pt_PT","og_type":"article","og_title":"Livros e Cap\u00edtulos de Livros - 2011 - Projeto Turismo","og_description":"Ant\u00f3nio Almeida, Ricardo Fabr\u00edcio \u201cA experi\u00eancia de desenvolvimento socioecon\u00f3mico regional: uma abordagem multidisciplinar sobre a Madeira\u201dMad, 2011, ISBN: 978-989- 97466-1-9. Ant\u00f3nio Almeida, \u201c30 anos de desenvolvimento na Regi\u00e3o Aut\u00f3noma da Madeira: para l\u00e1 da problem\u00e1tica da gest\u00e3o das finan\u00e7as p\u00fablicas\u201d, Principia (Nacional), 2011, Tiragem: 1000 exemplares, ISBN: 9789898131850. Ant\u00f3nio Almeida, \u201cAnexo Estat\u00edstico, in A experi\u00eancia&hellip;","og_url":"https:\/\/turismo.uma.pt\/?page_id=3388","og_site_name":"Projeto Turismo","article_modified_time":"2019-08-29T16:18:28+00:00","twitter_card":"summary_large_image","twitter_misc":{"Tempo estimado de leitura":"1 minuto"},"schema":{"@context":"https:\/\/schema.org","@graph":[{"@type":"WebPage","@id":"https:\/\/turismo.uma.pt\/?page_id=3388","url":"https:\/\/turismo.uma.pt\/?page_id=3388","name":"Livros e Cap\u00edtulos de Livros - 2011 - Projeto Turismo","isPartOf":{"@id":"https:\/\/turismo.uma.pt\/#website"},"datePublished":"2019-08-29T16:10:36+00:00","dateModified":"2019-08-29T16:18:28+00:00","breadcrumb":{"@id":"https:\/\/turismo.uma.pt\/?page_id=3388#breadcrumb"},"inLanguage":"pt-PT","potentialAction":[{"@type":"ReadAction","target":["https:\/\/turismo.uma.pt\/?page_id=3388"]}]},{"@type":"BreadcrumbList","@id":"https:\/\/turismo.uma.pt\/?page_id=3388#breadcrumb","itemListElement":[{"@type":"ListItem","position":1,"name":"Centro de Investiga\u00e7\u00e3o, Desenvolvimento e Inova\u00e7\u00e3o em Turismo (Polo Madeira)","item":"https:\/\/turismo.uma.pt\/?page_id=959"},{"@type":"ListItem","position":2,"name":"Os Nossos Estudos Cient\u00edficos","item":"https:\/\/turismo.uma.pt\/?page_id=13"},{"@type":"ListItem","position":3,"name":"Livros e Cap\u00edtulos de Livros","item":"https:\/\/turismo.uma.pt\/?page_id=2265"},{"@type":"ListItem","position":4,"name":"Livros e Cap\u00edtulos de Livros &#8211; 2011"}]},{"@type":"WebSite","@id":"https:\/\/turismo.uma.pt\/#website","url":"https:\/\/turismo.uma.pt\/","name":"Projeto Turismo","description":"Universidade da Madeira","potentialAction":[{"@type":"SearchAction","target":{"@type":"EntryPoint","urlTemplate":"https:\/\/turismo.uma.pt\/?s={search_term_string}"},"query-input":{"@type":"PropertyValueSpecification","valueRequired":true,"valueName":"search_term_string"}}],"inLanguage":"pt-PT"}]}},"_links":{"self":[{"href":"https:\/\/turismo.uma.pt\/index.php?rest_route=\/wp\/v2\/pages\/3388","targetHints":{"allow":["GET"]}}],"collection":[{"href":"https:\/\/turismo.uma.pt\/index.php?rest_route=\/wp\/v2\/pages"}],"about":[{"href":"https:\/\/turismo.uma.pt\/index.php?rest_route=\/wp\/v2\/types\/page"}],"author":[{"embeddable":true,"href":"https:\/\/turismo.uma.pt\/index.php?rest_route=\/wp\/v2\/users\/1"}],"replies":[{"embeddable":true,"href":"https:\/\/turismo.uma.pt\/index.php?rest_route=%2Fwp%2Fv2%2Fcomments&post=3388"}],"version-history":[{"count":4,"href":"https:\/\/turismo.uma.pt\/index.php?rest_route=\/wp\/v2\/pages\/3388\/revisions"}],"predecessor-version":[{"id":3392,"href":"https:\/\/turismo.uma.pt\/index.php?rest_route=\/wp\/v2\/pages\/3388\/revisions\/3392"}],"up":[{"embeddable":true,"href":"https:\/\/turismo.uma.pt\/index.php?rest_route=\/wp\/v2\/pages\/2265"}],"wp:attachment":[{"href":"https:\/\/turismo.uma.pt\/index.php?rest_route=%2Fwp%2Fv2%2Fmedia&parent=3388"}],"curies":[{"name":"wp","href":"https:\/\/api.w.org\/{rel}","templated":true}]}}