{"id":3409,"date":"2019-08-29T16:47:52","date_gmt":"2019-08-29T16:47:52","guid":{"rendered":"http:\/\/turismo.uma.pt\/?page_id=3409"},"modified":"2019-08-29T16:51:10","modified_gmt":"2019-08-29T16:51:10","slug":"comunicacoes-2017","status":"publish","type":"page","link":"https:\/\/turismo.uma.pt\/?page_id=3409","title":{"rendered":"Comunica\u00e7\u00f5es &#8211; 2017"},"content":{"rendered":"<p>\t\t\t<a href=\"\" target=\"_self\" role=\"button\"><br \/>\n\t\t\t\t\t\tAlmeida, A., Franco, M., Teixeira, S. (2017),\u00a0Events to upgrade the image of the destination\u2013 lessons from Madeira, em9th International Tourism Congress, The image and Sustainability of Tourism Destinations, Peniche 29-30 Novembro, 2017.<br \/>\n\t\t\t\t\t<\/a><br \/>\n\t\t\t<a href=\"\" target=\"_self\" role=\"button\"><br \/>\n\t\t\t\t\t\tAlmeida, A. (2017),\u00a0Papel dos eventos no refor\u00e7o da oferta cultural subjacente \u00e0s estrat\u00e9gias de diversifica\u00e7\u00e3o tur\u00edstica,\u00a0CEEAplA Work in Progress Seminar Series \u201cTourism and the Digital Economy\u201d, 20 e 21 deNovembro 2017.<br \/>\n\t\t\t\t\t<\/a><br \/>\n\t\t\t<a href=\"\" target=\"_self\" role=\"button\"><br \/>\n\t\t\t\t\t\tAlmeida, A., (2017),\u00a0Employment opportunities in the tourism sector, em\u00a09th International Tourism Congress, The image and Sustainability of Tourism Destinations, Peniche 29-30 Novembro, 2017.<br \/>\n\t\t\t\t\t<\/a><br \/>\n\t\t\t<a href=\"\" target=\"_self\" role=\"button\"><br \/>\n\t\t\t\t\t\tCorreia, R. (2017),\u00a0Competences and Managerial Profile as Drivers of Hotel Internationalization: Implications on Firm&#8217;s Internationalization Strategy Pattern, em\u00a0ETiM&#038;M\u00a0l\u00a0\u00a0http:\/\/www.etimm.ase.ro\/RePEc\/aes\/jetimm\/2017\/ETIMM_V01_2017_104.pdf<br \/>\n\t\t\t\t\t<\/a><br \/>\n\t\t\t<a href=\"\" target=\"_self\" role=\"button\"><br \/>\n\t\t\t\t\t\tCorreia P., Freitas B. (2017),\u00a0The influence of cultural events organized by hotels in the selection of the establishment,\u00a0in\u00a0Creative Industries Global Conference, Universidad de Alicante, Espanha\u00a0https:\/\/congresos2017.ua.es\/cigc\/cigc-2017\/paper\/view\/465\/79<br \/>\n\t\t\t\t\t<\/a><\/p>\n","protected":false},"excerpt":{"rendered":"<p>Almeida, A., Franco, M., Teixeira, S. (2017),\u00a0Events to upgrade the image of the destination\u2013 lessons from Madeira, em9th International Tourism Congress, The image and Sustainability of Tourism Destinations, Peniche 29-30 Novembro, 2017. Almeida, A. (2017),\u00a0Papel dos eventos no refor\u00e7o da oferta cultural subjacente \u00e0s estrat\u00e9gias de diversifica\u00e7\u00e3o tur\u00edstica,\u00a0CEEAplA Work in Progress Seminar Series \u201cTourism and&hellip;<\/p>\n","protected":false},"author":1,"featured_media":0,"parent":1443,"menu_order":0,"comment_status":"closed","ping_status":"closed","template":"fullwidth.php","meta":{"_monsterinsights_skip_tracking":false,"_monsterinsights_sitenote_active":false,"_monsterinsights_sitenote_note":"","_monsterinsights_sitenote_category":0,"_mc_calendar":[],"footnotes":""},"class_list":["post-3409","page","type-page","status-publish","hentry"],"yoast_head":"<!-- This site is optimized with the Yoast SEO plugin v27.4 - https:\/\/yoast.com\/product\/yoast-seo-wordpress\/ -->\n<title>Comunica\u00e7\u00f5es - 2017 - Projeto Turismo<\/title>\n<meta name=\"robots\" content=\"index, follow, max-snippet:-1, max-image-preview:large, max-video-preview:-1\" \/>\n<link rel=\"canonical\" href=\"https:\/\/turismo.uma.pt\/?page_id=3409\" \/>\n<meta property=\"og:locale\" content=\"pt_PT\" \/>\n<meta property=\"og:type\" content=\"article\" \/>\n<meta property=\"og:title\" content=\"Comunica\u00e7\u00f5es - 2017 - Projeto Turismo\" \/>\n<meta property=\"og:description\" content=\"Almeida, A., Franco, M., Teixeira, S. (2017),\u00a0Events to upgrade the image of the destination\u2013 lessons from Madeira, em9th International Tourism Congress, The image and Sustainability of Tourism Destinations, Peniche 29-30 Novembro, 2017. Almeida, A. (2017),\u00a0Papel dos eventos no refor\u00e7o da oferta cultural subjacente \u00e0s estrat\u00e9gias de diversifica\u00e7\u00e3o tur\u00edstica,\u00a0CEEAplA Work in Progress Seminar Series \u201cTourism and&hellip;\" \/>\n<meta property=\"og:url\" content=\"https:\/\/turismo.uma.pt\/?page_id=3409\" \/>\n<meta property=\"og:site_name\" content=\"Projeto Turismo\" \/>\n<meta property=\"article:modified_time\" content=\"2019-08-29T16:51:10+00:00\" \/>\n<meta name=\"twitter:card\" content=\"summary_large_image\" \/>\n<meta name=\"twitter:label1\" content=\"Tempo estimado de leitura\" \/>\n\t<meta name=\"twitter:data1\" content=\"1 minuto\" \/>\n<script type=\"application\/ld+json\" class=\"yoast-schema-graph\">{\"@context\":\"https:\\\/\\\/schema.org\",\"@graph\":[{\"@type\":\"WebPage\",\"@id\":\"https:\\\/\\\/turismo.uma.pt\\\/?page_id=3409\",\"url\":\"https:\\\/\\\/turismo.uma.pt\\\/?page_id=3409\",\"name\":\"Comunica\u00e7\u00f5es - 2017 - Projeto Turismo\",\"isPartOf\":{\"@id\":\"https:\\\/\\\/turismo.uma.pt\\\/#website\"},\"datePublished\":\"2019-08-29T16:47:52+00:00\",\"dateModified\":\"2019-08-29T16:51:10+00:00\",\"breadcrumb\":{\"@id\":\"https:\\\/\\\/turismo.uma.pt\\\/?page_id=3409#breadcrumb\"},\"inLanguage\":\"pt-PT\",\"potentialAction\":[{\"@type\":\"ReadAction\",\"target\":[\"https:\\\/\\\/turismo.uma.pt\\\/?page_id=3409\"]}]},{\"@type\":\"BreadcrumbList\",\"@id\":\"https:\\\/\\\/turismo.uma.pt\\\/?page_id=3409#breadcrumb\",\"itemListElement\":[{\"@type\":\"ListItem\",\"position\":1,\"name\":\"Centro de Investiga\u00e7\u00e3o, Desenvolvimento e Inova\u00e7\u00e3o em Turismo (Polo Madeira)\",\"item\":\"https:\\\/\\\/turismo.uma.pt\\\/?page_id=959\"},{\"@type\":\"ListItem\",\"position\":2,\"name\":\"Os Nossos Estudos Cient\u00edficos\",\"item\":\"https:\\\/\\\/turismo.uma.pt\\\/?page_id=13\"},{\"@type\":\"ListItem\",\"position\":3,\"name\":\"Comunica\u00e7\u00f5es\\\/Apresenta\u00e7\u00f5es Nacionais e Internacionais\",\"item\":\"https:\\\/\\\/turismo.uma.pt\\\/?page_id=1443\"},{\"@type\":\"ListItem\",\"position\":4,\"name\":\"Comunica\u00e7\u00f5es &#8211; 2017\"}]},{\"@type\":\"WebSite\",\"@id\":\"https:\\\/\\\/turismo.uma.pt\\\/#website\",\"url\":\"https:\\\/\\\/turismo.uma.pt\\\/\",\"name\":\"Projeto Turismo\",\"description\":\"Universidade da Madeira\",\"potentialAction\":[{\"@type\":\"SearchAction\",\"target\":{\"@type\":\"EntryPoint\",\"urlTemplate\":\"https:\\\/\\\/turismo.uma.pt\\\/?s={search_term_string}\"},\"query-input\":{\"@type\":\"PropertyValueSpecification\",\"valueRequired\":true,\"valueName\":\"search_term_string\"}}],\"inLanguage\":\"pt-PT\"}]}<\/script>\n<!-- \/ Yoast SEO plugin. -->","yoast_head_json":{"title":"Comunica\u00e7\u00f5es - 2017 - Projeto Turismo","robots":{"index":"index","follow":"follow","max-snippet":"max-snippet:-1","max-image-preview":"max-image-preview:large","max-video-preview":"max-video-preview:-1"},"canonical":"https:\/\/turismo.uma.pt\/?page_id=3409","og_locale":"pt_PT","og_type":"article","og_title":"Comunica\u00e7\u00f5es - 2017 - Projeto Turismo","og_description":"Almeida, A., Franco, M., Teixeira, S. (2017),\u00a0Events to upgrade the image of the destination\u2013 lessons from Madeira, em9th International Tourism Congress, The image and Sustainability of Tourism Destinations, Peniche 29-30 Novembro, 2017. Almeida, A. (2017),\u00a0Papel dos eventos no refor\u00e7o da oferta cultural subjacente \u00e0s estrat\u00e9gias de diversifica\u00e7\u00e3o tur\u00edstica,\u00a0CEEAplA Work in Progress Seminar Series \u201cTourism and&hellip;","og_url":"https:\/\/turismo.uma.pt\/?page_id=3409","og_site_name":"Projeto Turismo","article_modified_time":"2019-08-29T16:51:10+00:00","twitter_card":"summary_large_image","twitter_misc":{"Tempo estimado de leitura":"1 minuto"},"schema":{"@context":"https:\/\/schema.org","@graph":[{"@type":"WebPage","@id":"https:\/\/turismo.uma.pt\/?page_id=3409","url":"https:\/\/turismo.uma.pt\/?page_id=3409","name":"Comunica\u00e7\u00f5es - 2017 - Projeto Turismo","isPartOf":{"@id":"https:\/\/turismo.uma.pt\/#website"},"datePublished":"2019-08-29T16:47:52+00:00","dateModified":"2019-08-29T16:51:10+00:00","breadcrumb":{"@id":"https:\/\/turismo.uma.pt\/?page_id=3409#breadcrumb"},"inLanguage":"pt-PT","potentialAction":[{"@type":"ReadAction","target":["https:\/\/turismo.uma.pt\/?page_id=3409"]}]},{"@type":"BreadcrumbList","@id":"https:\/\/turismo.uma.pt\/?page_id=3409#breadcrumb","itemListElement":[{"@type":"ListItem","position":1,"name":"Centro de Investiga\u00e7\u00e3o, Desenvolvimento e Inova\u00e7\u00e3o em Turismo (Polo Madeira)","item":"https:\/\/turismo.uma.pt\/?page_id=959"},{"@type":"ListItem","position":2,"name":"Os Nossos Estudos Cient\u00edficos","item":"https:\/\/turismo.uma.pt\/?page_id=13"},{"@type":"ListItem","position":3,"name":"Comunica\u00e7\u00f5es\/Apresenta\u00e7\u00f5es Nacionais e Internacionais","item":"https:\/\/turismo.uma.pt\/?page_id=1443"},{"@type":"ListItem","position":4,"name":"Comunica\u00e7\u00f5es &#8211; 2017"}]},{"@type":"WebSite","@id":"https:\/\/turismo.uma.pt\/#website","url":"https:\/\/turismo.uma.pt\/","name":"Projeto Turismo","description":"Universidade da Madeira","potentialAction":[{"@type":"SearchAction","target":{"@type":"EntryPoint","urlTemplate":"https:\/\/turismo.uma.pt\/?s={search_term_string}"},"query-input":{"@type":"PropertyValueSpecification","valueRequired":true,"valueName":"search_term_string"}}],"inLanguage":"pt-PT"}]}},"_links":{"self":[{"href":"https:\/\/turismo.uma.pt\/index.php?rest_route=\/wp\/v2\/pages\/3409","targetHints":{"allow":["GET"]}}],"collection":[{"href":"https:\/\/turismo.uma.pt\/index.php?rest_route=\/wp\/v2\/pages"}],"about":[{"href":"https:\/\/turismo.uma.pt\/index.php?rest_route=\/wp\/v2\/types\/page"}],"author":[{"embeddable":true,"href":"https:\/\/turismo.uma.pt\/index.php?rest_route=\/wp\/v2\/users\/1"}],"replies":[{"embeddable":true,"href":"https:\/\/turismo.uma.pt\/index.php?rest_route=%2Fwp%2Fv2%2Fcomments&post=3409"}],"version-history":[{"count":2,"href":"https:\/\/turismo.uma.pt\/index.php?rest_route=\/wp\/v2\/pages\/3409\/revisions"}],"predecessor-version":[{"id":3411,"href":"https:\/\/turismo.uma.pt\/index.php?rest_route=\/wp\/v2\/pages\/3409\/revisions\/3411"}],"up":[{"embeddable":true,"href":"https:\/\/turismo.uma.pt\/index.php?rest_route=\/wp\/v2\/pages\/1443"}],"wp:attachment":[{"href":"https:\/\/turismo.uma.pt\/index.php?rest_route=%2Fwp%2Fv2%2Fmedia&parent=3409"}],"curies":[{"name":"wp","href":"https:\/\/api.w.org\/{rel}","templated":true}]}}