{"id":3420,"date":"2019-08-30T08:31:41","date_gmt":"2019-08-30T08:31:41","guid":{"rendered":"http:\/\/turismo.uma.pt\/?page_id=3420"},"modified":"2019-08-30T08:56:54","modified_gmt":"2019-08-30T08:56:54","slug":"comunicacoes-2016","status":"publish","type":"page","link":"https:\/\/turismo.uma.pt\/?page_id=3420","title":{"rendered":"Comunica\u00e7\u00f5es &#8211; 2016"},"content":{"rendered":"<p><a role=\"button\" target=\"_self\"><br \/>\nLopes, H., Sim\u00f5es, J., Prudente, J., Vicente, A. &amp; Fernando, C. (2016).\u00a0Educa\u00e7\u00e3o e Turismo \u2013\u00a0O Idoso como polo dinamizador da mudan\u00e7a.\u00a0V Col\u00f3quio Olhares sobre o Envelhecimento. Funchal: CDA-Universidade da Madeira.<br \/>\n<\/a><br \/>\n<a role=\"button\" target=\"_self\"><br \/>\nLopes, H., Sim\u00f5es, J., Prudente, J., Vicente, A. &amp; Fernando, C. (2016).\u00a0Educa\u00e7\u00e3o e Turismo \u2013 O Idoso como polo dinamizador da mudan\u00e7a.\u00a0V Col\u00f3quio Olhares sobre o Envelhecimento. Funchal: CDA-Universidade da Madeira.<br \/>\n<\/a><br \/>\n<a role=\"button\" target=\"_self\"><br \/>\nFernando, C., Vicente, A., Sim\u00f5es, J., Prudente, J. &amp; Lopes, H. (2016).\u00a0Motivos para a pr\u00e1tica e perce\u00e7\u00e3o da forma\u00e7\u00e3o atrav\u00e9s das atividades de adapta\u00e7\u00e3o ao meio.\u00a0in\u00a0Atas do Semin\u00e1rio Desporto e Ci\u00eancia 2016\u00a0(pp. 16-23). Funchal: Universidade da Madeira. ISBN: 978-989- 8805-11-9.<br \/>\n<\/a><\/p>\n","protected":false},"excerpt":{"rendered":"<p>Lopes, H., Sim\u00f5es, J., Prudente, J., Vicente, A. &amp; Fernando, C. (2016).\u00a0Educa\u00e7\u00e3o e Turismo \u2013\u00a0O Idoso como polo dinamizador da mudan\u00e7a.\u00a0V Col\u00f3quio Olhares sobre o Envelhecimento. Funchal: CDA-Universidade da Madeira. Lopes, H., Sim\u00f5es, J., Prudente, J., Vicente, A. &amp; Fernando, C. (2016).\u00a0Educa\u00e7\u00e3o e Turismo \u2013 O Idoso como polo dinamizador da mudan\u00e7a.\u00a0V Col\u00f3quio Olhares sobre&hellip;<\/p>\n","protected":false},"author":1,"featured_media":0,"parent":1443,"menu_order":0,"comment_status":"closed","ping_status":"closed","template":"fullwidth.php","meta":{"_monsterinsights_skip_tracking":false,"_monsterinsights_sitenote_active":false,"_monsterinsights_sitenote_note":"","_monsterinsights_sitenote_category":0,"_mc_calendar":[],"footnotes":""},"class_list":["post-3420","page","type-page","status-publish","hentry"],"yoast_head":"<!-- This site is optimized with the Yoast SEO plugin v27.4 - https:\/\/yoast.com\/product\/yoast-seo-wordpress\/ -->\n<title>Comunica\u00e7\u00f5es - 2016 - Projeto Turismo<\/title>\n<meta name=\"robots\" content=\"index, follow, max-snippet:-1, max-image-preview:large, max-video-preview:-1\" \/>\n<link rel=\"canonical\" href=\"https:\/\/turismo.uma.pt\/?page_id=3420\" \/>\n<meta property=\"og:locale\" content=\"pt_PT\" \/>\n<meta property=\"og:type\" content=\"article\" \/>\n<meta property=\"og:title\" content=\"Comunica\u00e7\u00f5es - 2016 - Projeto Turismo\" \/>\n<meta property=\"og:description\" content=\"Lopes, H., Sim\u00f5es, J., Prudente, J., Vicente, A. &amp; Fernando, C. (2016).\u00a0Educa\u00e7\u00e3o e Turismo \u2013\u00a0O Idoso como polo dinamizador da mudan\u00e7a.\u00a0V Col\u00f3quio Olhares sobre o Envelhecimento. Funchal: CDA-Universidade da Madeira. Lopes, H., Sim\u00f5es, J., Prudente, J., Vicente, A. &amp; Fernando, C. (2016).\u00a0Educa\u00e7\u00e3o e Turismo \u2013 O Idoso como polo dinamizador da mudan\u00e7a.\u00a0V Col\u00f3quio Olhares sobre&hellip;\" \/>\n<meta property=\"og:url\" content=\"https:\/\/turismo.uma.pt\/?page_id=3420\" \/>\n<meta property=\"og:site_name\" content=\"Projeto Turismo\" \/>\n<meta property=\"article:modified_time\" content=\"2019-08-30T08:56:54+00:00\" \/>\n<meta name=\"twitter:card\" content=\"summary_large_image\" \/>\n<meta name=\"twitter:label1\" content=\"Tempo estimado de leitura\" \/>\n\t<meta name=\"twitter:data1\" content=\"1 minuto\" \/>\n<script type=\"application\/ld+json\" class=\"yoast-schema-graph\">{\"@context\":\"https:\\\/\\\/schema.org\",\"@graph\":[{\"@type\":\"WebPage\",\"@id\":\"https:\\\/\\\/turismo.uma.pt\\\/?page_id=3420\",\"url\":\"https:\\\/\\\/turismo.uma.pt\\\/?page_id=3420\",\"name\":\"Comunica\u00e7\u00f5es - 2016 - Projeto Turismo\",\"isPartOf\":{\"@id\":\"https:\\\/\\\/turismo.uma.pt\\\/#website\"},\"datePublished\":\"2019-08-30T08:31:41+00:00\",\"dateModified\":\"2019-08-30T08:56:54+00:00\",\"breadcrumb\":{\"@id\":\"https:\\\/\\\/turismo.uma.pt\\\/?page_id=3420#breadcrumb\"},\"inLanguage\":\"pt-PT\",\"potentialAction\":[{\"@type\":\"ReadAction\",\"target\":[\"https:\\\/\\\/turismo.uma.pt\\\/?page_id=3420\"]}]},{\"@type\":\"BreadcrumbList\",\"@id\":\"https:\\\/\\\/turismo.uma.pt\\\/?page_id=3420#breadcrumb\",\"itemListElement\":[{\"@type\":\"ListItem\",\"position\":1,\"name\":\"Centro de Investiga\u00e7\u00e3o, Desenvolvimento e Inova\u00e7\u00e3o em Turismo (Polo Madeira)\",\"item\":\"https:\\\/\\\/turismo.uma.pt\\\/?page_id=959\"},{\"@type\":\"ListItem\",\"position\":2,\"name\":\"Os Nossos Estudos Cient\u00edficos\",\"item\":\"https:\\\/\\\/turismo.uma.pt\\\/?page_id=13\"},{\"@type\":\"ListItem\",\"position\":3,\"name\":\"Comunica\u00e7\u00f5es\\\/Apresenta\u00e7\u00f5es Nacionais e Internacionais\",\"item\":\"https:\\\/\\\/turismo.uma.pt\\\/?page_id=1443\"},{\"@type\":\"ListItem\",\"position\":4,\"name\":\"Comunica\u00e7\u00f5es &#8211; 2016\"}]},{\"@type\":\"WebSite\",\"@id\":\"https:\\\/\\\/turismo.uma.pt\\\/#website\",\"url\":\"https:\\\/\\\/turismo.uma.pt\\\/\",\"name\":\"Projeto Turismo\",\"description\":\"Universidade da Madeira\",\"potentialAction\":[{\"@type\":\"SearchAction\",\"target\":{\"@type\":\"EntryPoint\",\"urlTemplate\":\"https:\\\/\\\/turismo.uma.pt\\\/?s={search_term_string}\"},\"query-input\":{\"@type\":\"PropertyValueSpecification\",\"valueRequired\":true,\"valueName\":\"search_term_string\"}}],\"inLanguage\":\"pt-PT\"}]}<\/script>\n<!-- \/ Yoast SEO plugin. -->","yoast_head_json":{"title":"Comunica\u00e7\u00f5es - 2016 - Projeto Turismo","robots":{"index":"index","follow":"follow","max-snippet":"max-snippet:-1","max-image-preview":"max-image-preview:large","max-video-preview":"max-video-preview:-1"},"canonical":"https:\/\/turismo.uma.pt\/?page_id=3420","og_locale":"pt_PT","og_type":"article","og_title":"Comunica\u00e7\u00f5es - 2016 - Projeto Turismo","og_description":"Lopes, H., Sim\u00f5es, J., Prudente, J., Vicente, A. &amp; Fernando, C. (2016).\u00a0Educa\u00e7\u00e3o e Turismo \u2013\u00a0O Idoso como polo dinamizador da mudan\u00e7a.\u00a0V Col\u00f3quio Olhares sobre o Envelhecimento. Funchal: CDA-Universidade da Madeira. Lopes, H., Sim\u00f5es, J., Prudente, J., Vicente, A. &amp; Fernando, C. (2016).\u00a0Educa\u00e7\u00e3o e Turismo \u2013 O Idoso como polo dinamizador da mudan\u00e7a.\u00a0V Col\u00f3quio Olhares sobre&hellip;","og_url":"https:\/\/turismo.uma.pt\/?page_id=3420","og_site_name":"Projeto Turismo","article_modified_time":"2019-08-30T08:56:54+00:00","twitter_card":"summary_large_image","twitter_misc":{"Tempo estimado de leitura":"1 minuto"},"schema":{"@context":"https:\/\/schema.org","@graph":[{"@type":"WebPage","@id":"https:\/\/turismo.uma.pt\/?page_id=3420","url":"https:\/\/turismo.uma.pt\/?page_id=3420","name":"Comunica\u00e7\u00f5es - 2016 - Projeto Turismo","isPartOf":{"@id":"https:\/\/turismo.uma.pt\/#website"},"datePublished":"2019-08-30T08:31:41+00:00","dateModified":"2019-08-30T08:56:54+00:00","breadcrumb":{"@id":"https:\/\/turismo.uma.pt\/?page_id=3420#breadcrumb"},"inLanguage":"pt-PT","potentialAction":[{"@type":"ReadAction","target":["https:\/\/turismo.uma.pt\/?page_id=3420"]}]},{"@type":"BreadcrumbList","@id":"https:\/\/turismo.uma.pt\/?page_id=3420#breadcrumb","itemListElement":[{"@type":"ListItem","position":1,"name":"Centro de Investiga\u00e7\u00e3o, Desenvolvimento e Inova\u00e7\u00e3o em Turismo (Polo Madeira)","item":"https:\/\/turismo.uma.pt\/?page_id=959"},{"@type":"ListItem","position":2,"name":"Os Nossos Estudos Cient\u00edficos","item":"https:\/\/turismo.uma.pt\/?page_id=13"},{"@type":"ListItem","position":3,"name":"Comunica\u00e7\u00f5es\/Apresenta\u00e7\u00f5es Nacionais e Internacionais","item":"https:\/\/turismo.uma.pt\/?page_id=1443"},{"@type":"ListItem","position":4,"name":"Comunica\u00e7\u00f5es &#8211; 2016"}]},{"@type":"WebSite","@id":"https:\/\/turismo.uma.pt\/#website","url":"https:\/\/turismo.uma.pt\/","name":"Projeto Turismo","description":"Universidade da Madeira","potentialAction":[{"@type":"SearchAction","target":{"@type":"EntryPoint","urlTemplate":"https:\/\/turismo.uma.pt\/?s={search_term_string}"},"query-input":{"@type":"PropertyValueSpecification","valueRequired":true,"valueName":"search_term_string"}}],"inLanguage":"pt-PT"}]}},"_links":{"self":[{"href":"https:\/\/turismo.uma.pt\/index.php?rest_route=\/wp\/v2\/pages\/3420","targetHints":{"allow":["GET"]}}],"collection":[{"href":"https:\/\/turismo.uma.pt\/index.php?rest_route=\/wp\/v2\/pages"}],"about":[{"href":"https:\/\/turismo.uma.pt\/index.php?rest_route=\/wp\/v2\/types\/page"}],"author":[{"embeddable":true,"href":"https:\/\/turismo.uma.pt\/index.php?rest_route=\/wp\/v2\/users\/1"}],"replies":[{"embeddable":true,"href":"https:\/\/turismo.uma.pt\/index.php?rest_route=%2Fwp%2Fv2%2Fcomments&post=3420"}],"version-history":[{"count":3,"href":"https:\/\/turismo.uma.pt\/index.php?rest_route=\/wp\/v2\/pages\/3420\/revisions"}],"predecessor-version":[{"id":3435,"href":"https:\/\/turismo.uma.pt\/index.php?rest_route=\/wp\/v2\/pages\/3420\/revisions\/3435"}],"up":[{"embeddable":true,"href":"https:\/\/turismo.uma.pt\/index.php?rest_route=\/wp\/v2\/pages\/1443"}],"wp:attachment":[{"href":"https:\/\/turismo.uma.pt\/index.php?rest_route=%2Fwp%2Fv2%2Fmedia&parent=3420"}],"curies":[{"name":"wp","href":"https:\/\/api.w.org\/{rel}","templated":true}]}}