{"id":3561,"date":"2019-11-13T12:08:25","date_gmt":"2019-11-13T12:08:25","guid":{"rendered":"http:\/\/turismo.uma.pt\/?page_id=3561"},"modified":"2019-12-10T23:15:45","modified_gmt":"2019-12-10T23:15:45","slug":"outros-estudos-relevantes","status":"publish","type":"page","link":"https:\/\/turismo.uma.pt\/?page_id=3561","title":{"rendered":"Outros Estudos Relevantes"},"content":{"rendered":"<p><a href=\"http:\/\/turismo.uma.pt\/wp-content\/uploads\/2019\/11\/Estudo-comparativo-sobre-o-consumo-de-\u00e1gua-no-setor-hoteleiro_Projeto-Acuatur.pdf\" target=\"_self\"><br \/>\n<img loading=\"lazy\" decoding=\"async\" title=\"apresenta\u00e7\u00e3o\" src=\"http:\/\/turismo.uma.pt\/wp-content\/uploads\/2019\/11\/apresenta\u00e7\u00e3o.jpg\" alt=\"apresenta\u00e7\u00e3o\" width=\"1567\" height=\"885\" \/><br \/>\n<\/a><\/p>\n<p>&nbsp;<\/p>\n<p><strong>Estudo comparativo sobre o consumo de \u00e1gua no setor hoteleiro nas ilhas da Madeira e Tenerife<\/strong><\/p>\n<p>&nbsp;<\/p>\n","protected":false},"excerpt":{"rendered":"<p>&nbsp; Estudo comparativo sobre o consumo de \u00e1gua no setor hoteleiro nas ilhas da Madeira e Tenerife &nbsp;<\/p>\n","protected":false},"author":1,"featured_media":0,"parent":959,"menu_order":0,"comment_status":"closed","ping_status":"closed","template":"fullwidth.php","meta":{"_monsterinsights_skip_tracking":false,"_monsterinsights_sitenote_active":false,"_monsterinsights_sitenote_note":"","_monsterinsights_sitenote_category":0,"_mc_calendar":[],"footnotes":""},"class_list":["post-3561","page","type-page","status-publish","hentry"],"yoast_head":"<!-- This site is optimized with the Yoast SEO plugin v27.4 - https:\/\/yoast.com\/product\/yoast-seo-wordpress\/ -->\n<title>Outros Estudos Relevantes - Projeto Turismo<\/title>\n<meta name=\"robots\" content=\"index, follow, max-snippet:-1, max-image-preview:large, max-video-preview:-1\" \/>\n<link rel=\"canonical\" href=\"https:\/\/turismo.uma.pt\/?page_id=3561\" \/>\n<meta property=\"og:locale\" content=\"pt_PT\" \/>\n<meta property=\"og:type\" content=\"article\" \/>\n<meta property=\"og:title\" content=\"Outros Estudos Relevantes - Projeto Turismo\" \/>\n<meta property=\"og:description\" content=\"&nbsp; Estudo comparativo sobre o consumo de \u00e1gua no setor hoteleiro nas ilhas da Madeira e Tenerife &nbsp;\" \/>\n<meta property=\"og:url\" content=\"https:\/\/turismo.uma.pt\/?page_id=3561\" \/>\n<meta property=\"og:site_name\" content=\"Projeto Turismo\" \/>\n<meta property=\"article:modified_time\" content=\"2019-12-10T23:15:45+00:00\" \/>\n<meta property=\"og:image\" content=\"http:\/\/turismo.uma.pt\/wp-content\/uploads\/2019\/11\/apresenta\u00e7\u00e3o.jpg\" \/>\n<meta name=\"twitter:card\" content=\"summary_large_image\" \/>\n<script type=\"application\/ld+json\" class=\"yoast-schema-graph\">{\"@context\":\"https:\\\/\\\/schema.org\",\"@graph\":[{\"@type\":\"WebPage\",\"@id\":\"https:\\\/\\\/turismo.uma.pt\\\/?page_id=3561\",\"url\":\"https:\\\/\\\/turismo.uma.pt\\\/?page_id=3561\",\"name\":\"Outros Estudos Relevantes - Projeto Turismo\",\"isPartOf\":{\"@id\":\"https:\\\/\\\/turismo.uma.pt\\\/#website\"},\"datePublished\":\"2019-11-13T12:08:25+00:00\",\"dateModified\":\"2019-12-10T23:15:45+00:00\",\"breadcrumb\":{\"@id\":\"https:\\\/\\\/turismo.uma.pt\\\/?page_id=3561#breadcrumb\"},\"inLanguage\":\"pt-PT\",\"potentialAction\":[{\"@type\":\"ReadAction\",\"target\":[\"https:\\\/\\\/turismo.uma.pt\\\/?page_id=3561\"]}]},{\"@type\":\"BreadcrumbList\",\"@id\":\"https:\\\/\\\/turismo.uma.pt\\\/?page_id=3561#breadcrumb\",\"itemListElement\":[{\"@type\":\"ListItem\",\"position\":1,\"name\":\"Centro de Investiga\u00e7\u00e3o, Desenvolvimento e Inova\u00e7\u00e3o em Turismo (Polo Madeira)\",\"item\":\"https:\\\/\\\/turismo.uma.pt\\\/?page_id=959\"},{\"@type\":\"ListItem\",\"position\":2,\"name\":\"Outros Estudos Relevantes\"}]},{\"@type\":\"WebSite\",\"@id\":\"https:\\\/\\\/turismo.uma.pt\\\/#website\",\"url\":\"https:\\\/\\\/turismo.uma.pt\\\/\",\"name\":\"Projeto Turismo\",\"description\":\"Universidade da Madeira\",\"potentialAction\":[{\"@type\":\"SearchAction\",\"target\":{\"@type\":\"EntryPoint\",\"urlTemplate\":\"https:\\\/\\\/turismo.uma.pt\\\/?s={search_term_string}\"},\"query-input\":{\"@type\":\"PropertyValueSpecification\",\"valueRequired\":true,\"valueName\":\"search_term_string\"}}],\"inLanguage\":\"pt-PT\"}]}<\/script>\n<!-- \/ Yoast SEO plugin. -->","yoast_head_json":{"title":"Outros Estudos Relevantes - Projeto Turismo","robots":{"index":"index","follow":"follow","max-snippet":"max-snippet:-1","max-image-preview":"max-image-preview:large","max-video-preview":"max-video-preview:-1"},"canonical":"https:\/\/turismo.uma.pt\/?page_id=3561","og_locale":"pt_PT","og_type":"article","og_title":"Outros Estudos Relevantes - Projeto Turismo","og_description":"&nbsp; Estudo comparativo sobre o consumo de \u00e1gua no setor hoteleiro nas ilhas da Madeira e Tenerife &nbsp;","og_url":"https:\/\/turismo.uma.pt\/?page_id=3561","og_site_name":"Projeto Turismo","article_modified_time":"2019-12-10T23:15:45+00:00","og_image":[{"url":"http:\/\/turismo.uma.pt\/wp-content\/uploads\/2019\/11\/apresenta\u00e7\u00e3o.jpg","type":"","width":"","height":""}],"twitter_card":"summary_large_image","schema":{"@context":"https:\/\/schema.org","@graph":[{"@type":"WebPage","@id":"https:\/\/turismo.uma.pt\/?page_id=3561","url":"https:\/\/turismo.uma.pt\/?page_id=3561","name":"Outros Estudos Relevantes - Projeto Turismo","isPartOf":{"@id":"https:\/\/turismo.uma.pt\/#website"},"datePublished":"2019-11-13T12:08:25+00:00","dateModified":"2019-12-10T23:15:45+00:00","breadcrumb":{"@id":"https:\/\/turismo.uma.pt\/?page_id=3561#breadcrumb"},"inLanguage":"pt-PT","potentialAction":[{"@type":"ReadAction","target":["https:\/\/turismo.uma.pt\/?page_id=3561"]}]},{"@type":"BreadcrumbList","@id":"https:\/\/turismo.uma.pt\/?page_id=3561#breadcrumb","itemListElement":[{"@type":"ListItem","position":1,"name":"Centro de Investiga\u00e7\u00e3o, Desenvolvimento e Inova\u00e7\u00e3o em Turismo (Polo Madeira)","item":"https:\/\/turismo.uma.pt\/?page_id=959"},{"@type":"ListItem","position":2,"name":"Outros Estudos Relevantes"}]},{"@type":"WebSite","@id":"https:\/\/turismo.uma.pt\/#website","url":"https:\/\/turismo.uma.pt\/","name":"Projeto Turismo","description":"Universidade da Madeira","potentialAction":[{"@type":"SearchAction","target":{"@type":"EntryPoint","urlTemplate":"https:\/\/turismo.uma.pt\/?s={search_term_string}"},"query-input":{"@type":"PropertyValueSpecification","valueRequired":true,"valueName":"search_term_string"}}],"inLanguage":"pt-PT"}]}},"_links":{"self":[{"href":"https:\/\/turismo.uma.pt\/index.php?rest_route=\/wp\/v2\/pages\/3561","targetHints":{"allow":["GET"]}}],"collection":[{"href":"https:\/\/turismo.uma.pt\/index.php?rest_route=\/wp\/v2\/pages"}],"about":[{"href":"https:\/\/turismo.uma.pt\/index.php?rest_route=\/wp\/v2\/types\/page"}],"author":[{"embeddable":true,"href":"https:\/\/turismo.uma.pt\/index.php?rest_route=\/wp\/v2\/users\/1"}],"replies":[{"embeddable":true,"href":"https:\/\/turismo.uma.pt\/index.php?rest_route=%2Fwp%2Fv2%2Fcomments&post=3561"}],"version-history":[{"count":3,"href":"https:\/\/turismo.uma.pt\/index.php?rest_route=\/wp\/v2\/pages\/3561\/revisions"}],"predecessor-version":[{"id":3596,"href":"https:\/\/turismo.uma.pt\/index.php?rest_route=\/wp\/v2\/pages\/3561\/revisions\/3596"}],"up":[{"embeddable":true,"href":"https:\/\/turismo.uma.pt\/index.php?rest_route=\/wp\/v2\/pages\/959"}],"wp:attachment":[{"href":"https:\/\/turismo.uma.pt\/index.php?rest_route=%2Fwp%2Fv2%2Fmedia&parent=3561"}],"curies":[{"name":"wp","href":"https:\/\/api.w.org\/{rel}","templated":true}]}}