{"id":731,"date":"2016-04-08T13:23:46","date_gmt":"2016-04-08T13:23:46","guid":{"rendered":"http:\/\/turismo.uma.pt\/?page_id=731"},"modified":"2019-04-15T09:29:55","modified_gmt":"2019-04-15T09:29:55","slug":"formacao-para-executivos-em-gestao-do-turismo-edicao-2016-2","status":"publish","type":"page","link":"https:\/\/turismo.uma.pt\/?page_id=731","title":{"rendered":"Forma\u00e7\u00e3o para Executivos em Gest\u00e3o do Turismo | 3\u00aa Edi\u00e7\u00e3o (2017)"},"content":{"rendered":"<p>&nbsp;<\/p>\n<p style=\"text-align: justify;\"><strong>Apresenta\u00e7\u00e3o<\/strong><\/p>\n<p>O Centro de Forma\u00e7\u00e3o e Investiga\u00e7\u00e3o em Turismo da Universidade da Madeira (CFIT-UMa), em parceira com da ACIF-CCIM, promove pelo terceiro ano consecutivo os cursos de curta dura\u00e7\u00e3o de Forma\u00e7\u00e3o para Executivos em Gest\u00e3o do Turismo. A 3\u00aa Edi\u00e7\u00e3o ser\u00e1 composta por dois programas, o Programa Geral em Gest\u00e3o do Turismo e o Programa Avan\u00e7ado em Gest\u00e3o do Turismo.<\/p>\n<p>Estes programas ser\u00e3o conduzidos por professores internacionais e ter\u00e3o sess\u00f5es de temas espec\u00edficos apresentados por executivos convidados, especialistas no tema principal do curso. O programa geral ser\u00e1 composto por tr\u00eas cursos de um dia (das 9h \u00e0s 18h), com a dura\u00e7\u00e3o total de 24 horas, e o programa avan\u00e7ado por tr\u00eas cursos de dois dias (das 9h \u00e0s 18h) e dura\u00e7\u00e3o total de 48 horas.<\/p>\n<p>Os participantes poder\u00e3o optar por frequentar apenas um ou dois cursos, ou a totalidade do programa de forma\u00e7\u00e3o (3 cursos).<\/p>\n<p style=\"text-align: left;\"><strong>Programas<\/strong><\/p>\n<table style=\"height: 94px;\" width=\"287\">\n<tbody>\n<tr>\n<td style=\"text-align: center;\">&nbsp;<\/p>\n<p><strong>CURSO<\/strong><\/td>\n<td>\n<p style=\"text-align: center;\"><a href=\"http:\/\/turismo.uma.pt\/?page_id=739\"><strong>PROGRAMA GERAL <\/strong><\/a><\/p>\n<p style=\"text-align: center;\"><a href=\"http:\/\/turismo.uma.pt\/?page_id=739\"><strong>(1 dia)<\/strong><\/a><\/p>\n<\/td>\n<td>\n<p style=\"text-align: center;\"><a href=\"http:\/\/turismo.uma.pt\/?page_id=798%20\"><strong>PROGRAMA AVAN\u00c7ADO <\/strong><\/a><\/p>\n<p style=\"text-align: center;\"><a href=\"http:\/\/turismo.uma.pt\/?page_id=798%20\"><strong>(2 dias)<\/strong><\/a><\/p>\n<\/td>\n<\/tr>\n<tr>\n<td>\u00a0<strong><em>Rentabilidade da Empresa Tur\u00edstica<\/em><\/strong><\/td>\n<td>\u00a018 de maio<\/td>\n<td>\u00a019 e 20 de maio<\/td>\n<\/tr>\n<tr>\n<td>\u00a0<strong>NOVO CURSO<em> | Processos de Inova\u00e7\u00e3o na Hotelaria<\/em><\/strong><\/td>\n<td>\u00a028 de setembro<\/td>\n<td>\u00a029 e 30 de setembro<\/td>\n<\/tr>\n<tr>\n<td>\u00a0<strong><em>Estrat\u00e9gia de Comercializa\u00e7\u00e3o Tur\u00edstica<\/em><\/strong><\/td>\n<td>19 de outubro<\/td>\n<td>20 e 21 de outubro<\/td>\n<\/tr>\n<\/tbody>\n<\/table>\n<table style=\"height: 37px;\" width=\"89\">\n<tbody>\n<tr>\n<td style=\"background-color: #ffffff; border-color: #ffffff; text-align: center;\"><\/td>\n<td style=\"background-color: #ffffff; border-color: #ffffff; text-align: center;\"><\/td>\n<td style=\"background-color: #ffffff; border-color: #ffffff; text-align: center;\"><\/td>\n<\/tr>\n<tr>\n<td style=\"background-color: #ffffff; border-color: #ffffff; text-align: center;\"><\/td>\n<td style=\"background-color: #ffffff; border-color: #ffffff; text-align: center;\"><\/td>\n<td style=\"background-color: #ffffff; border-color: #ffffff; text-align: center;\"><\/td>\n<\/tr>\n<tr>\n<td style=\"background-color: #ffffff; border-color: #ffffff; text-align: center;\"><\/td>\n<td style=\"background-color: #ffffff; border-color: #ffffff; text-align: center;\"><\/td>\n<td style=\"background-color: #ffffff; border-color: #ffffff; text-align: center;\"><\/td>\n<\/tr>\n<\/tbody>\n<\/table>\n<p style=\"text-align: left;\"><strong>Coordena\u00e7\u00e3o do Programa<\/strong><\/p>\n<p style=\"text-align: left;\"><strong><em>Josep-Francesc Valls Gim\u00e9nez<\/em><\/strong><br \/>\n<em>Professor Catedr\u00e1tico do departamento de Dire\u00e7\u00e3o de Marketing da ESADE \u2013 Escuela Superior de Administraci\u00f3n e Direcci\u00f3n de Empresas \u2013 Business School<\/em><\/p>\n<p style=\"text-align: left;\"><em>Coordenador do Centro de Forma\u00e7\u00e3o e Investiga\u00e7\u00e3o em Turismo da Universidade da Madeira \u2013 CFIT-UMa<\/em><\/p>\n<p>&nbsp;<\/p>\n<table style=\"height: 153px;\" width=\"560\">\n<tbody>\n<tr>\n<td><strong>Brochura<\/strong><\/td>\n<td><strong>Candidatura<\/strong><\/td>\n<\/tr>\n<tr>\n<td><a href=\"http:\/\/turismo.uma.pt\/wp-content\/uploads\/2017\/09\/2017.09.06_FEX2017_V4.pdf\" target=\"_blank\" rel=\"noopener\"><img loading=\"lazy\" decoding=\"async\" src=\"http:\/\/turismo.uma.pt\/wp-content\/uploads\/2015\/02\/download_brochura.png\" alt=\"download_brochura\" width=\"225\" height=\"87\" \/><\/a><\/td>\n<td><a href=\"https:\/\/tinyurl.com\/fex2017\"><img loading=\"lazy\" decoding=\"async\" src=\"http:\/\/turismo.uma.pt\/wp-content\/uploads\/2015\/02\/formulario_candidatura.jpg\" alt=\"formulario_candidatura\" width=\"225\" height=\"87\" \/><\/a><\/td>\n<\/tr>\n<\/tbody>\n<\/table>\n<p>&nbsp;<\/p>\n<p>&nbsp;<\/p>\n<p><strong>Parceiros<\/strong><\/p>\n<p><a href=\"http:\/\/turismo.uma.pt\/wp-content\/uploads\/2015\/02\/ACIF_Logo.jpg\"><img loading=\"lazy\" decoding=\"async\" src=\"http:\/\/turismo.uma.pt\/wp-content\/uploads\/2015\/02\/ACIF_Logo.jpg\" alt=\"ACIF_Logo\" width=\"96\" height=\"176\" \/><\/a><\/p>\n","protected":false},"excerpt":{"rendered":"<p>&nbsp; Apresenta\u00e7\u00e3o O Centro de Forma\u00e7\u00e3o e Investiga\u00e7\u00e3o em Turismo da Universidade da Madeira (CFIT-UMa), em parceira com da ACIF-CCIM, promove pelo terceiro ano consecutivo os cursos de curta dura\u00e7\u00e3o de Forma\u00e7\u00e3o para Executivos em Gest\u00e3o do Turismo. A 3\u00aa Edi\u00e7\u00e3o ser\u00e1 composta por dois programas, o Programa Geral em Gest\u00e3o do Turismo e o&hellip;<\/p>\n","protected":false},"author":1,"featured_media":0,"parent":11,"menu_order":0,"comment_status":"closed","ping_status":"open","template":"fullwidth.php","meta":{"_monsterinsights_skip_tracking":false,"_monsterinsights_sitenote_active":false,"_monsterinsights_sitenote_note":"","_monsterinsights_sitenote_category":0,"_mc_calendar":[],"footnotes":""},"class_list":["post-731","page","type-page","status-publish","hentry"],"yoast_head":"<!-- This site is optimized with the Yoast SEO plugin v27.4 - https:\/\/yoast.com\/product\/yoast-seo-wordpress\/ -->\n<title>Forma\u00e7\u00e3o para Executivos em Gest\u00e3o do Turismo | 3\u00aa Edi\u00e7\u00e3o (2017) - Projeto Turismo<\/title>\n<meta name=\"robots\" content=\"index, follow, max-snippet:-1, max-image-preview:large, max-video-preview:-1\" \/>\n<link rel=\"canonical\" href=\"https:\/\/turismo.uma.pt\/?page_id=731\" \/>\n<meta property=\"og:locale\" content=\"pt_PT\" \/>\n<meta property=\"og:type\" content=\"article\" \/>\n<meta property=\"og:title\" content=\"Forma\u00e7\u00e3o para Executivos em Gest\u00e3o do Turismo | 3\u00aa Edi\u00e7\u00e3o (2017) - Projeto Turismo\" \/>\n<meta property=\"og:description\" content=\"&nbsp; Apresenta\u00e7\u00e3o O Centro de Forma\u00e7\u00e3o e Investiga\u00e7\u00e3o em Turismo da Universidade da Madeira (CFIT-UMa), em parceira com da ACIF-CCIM, promove pelo terceiro ano consecutivo os cursos de curta dura\u00e7\u00e3o de Forma\u00e7\u00e3o para Executivos em Gest\u00e3o do Turismo. A 3\u00aa Edi\u00e7\u00e3o ser\u00e1 composta por dois programas, o Programa Geral em Gest\u00e3o do Turismo e o&hellip;\" \/>\n<meta property=\"og:url\" content=\"https:\/\/turismo.uma.pt\/?page_id=731\" \/>\n<meta property=\"og:site_name\" content=\"Projeto Turismo\" \/>\n<meta property=\"article:modified_time\" content=\"2019-04-15T09:29:55+00:00\" \/>\n<meta property=\"og:image\" content=\"http:\/\/turismo.uma.pt\/wp-content\/uploads\/2015\/02\/download_brochura.png\" \/>\n<meta name=\"twitter:card\" content=\"summary_large_image\" \/>\n<meta name=\"twitter:label1\" content=\"Tempo estimado de leitura\" \/>\n\t<meta name=\"twitter:data1\" content=\"1 minuto\" \/>\n<script type=\"application\/ld+json\" class=\"yoast-schema-graph\">{\"@context\":\"https:\\\/\\\/schema.org\",\"@graph\":[{\"@type\":\"WebPage\",\"@id\":\"https:\\\/\\\/turismo.uma.pt\\\/?page_id=731\",\"url\":\"https:\\\/\\\/turismo.uma.pt\\\/?page_id=731\",\"name\":\"Forma\u00e7\u00e3o para Executivos em Gest\u00e3o do Turismo | 3\u00aa Edi\u00e7\u00e3o (2017) - Projeto Turismo\",\"isPartOf\":{\"@id\":\"https:\\\/\\\/turismo.uma.pt\\\/#website\"},\"primaryImageOfPage\":{\"@id\":\"https:\\\/\\\/turismo.uma.pt\\\/?page_id=731#primaryimage\"},\"image\":{\"@id\":\"https:\\\/\\\/turismo.uma.pt\\\/?page_id=731#primaryimage\"},\"thumbnailUrl\":\"http:\\\/\\\/turismo.uma.pt\\\/wp-content\\\/uploads\\\/2015\\\/02\\\/download_brochura.png\",\"datePublished\":\"2016-04-08T13:23:46+00:00\",\"dateModified\":\"2019-04-15T09:29:55+00:00\",\"breadcrumb\":{\"@id\":\"https:\\\/\\\/turismo.uma.pt\\\/?page_id=731#breadcrumb\"},\"inLanguage\":\"pt-PT\",\"potentialAction\":[{\"@type\":\"ReadAction\",\"target\":[\"https:\\\/\\\/turismo.uma.pt\\\/?page_id=731\"]}]},{\"@type\":\"ImageObject\",\"inLanguage\":\"pt-PT\",\"@id\":\"https:\\\/\\\/turismo.uma.pt\\\/?page_id=731#primaryimage\",\"url\":\"http:\\\/\\\/turismo.uma.pt\\\/wp-content\\\/uploads\\\/2015\\\/02\\\/download_brochura.png\",\"contentUrl\":\"http:\\\/\\\/turismo.uma.pt\\\/wp-content\\\/uploads\\\/2015\\\/02\\\/download_brochura.png\"},{\"@type\":\"BreadcrumbList\",\"@id\":\"https:\\\/\\\/turismo.uma.pt\\\/?page_id=731#breadcrumb\",\"itemListElement\":[{\"@type\":\"ListItem\",\"position\":1,\"name\":\"Forma\u00e7\u00e3o para Executivos em Gest\u00e3o do Turismo\",\"item\":\"https:\\\/\\\/turismo.uma.pt\\\/?page_id=11\"},{\"@type\":\"ListItem\",\"position\":2,\"name\":\"Forma\u00e7\u00e3o para Executivos em Gest\u00e3o do Turismo | 3\u00aa Edi\u00e7\u00e3o (2017)\"}]},{\"@type\":\"WebSite\",\"@id\":\"https:\\\/\\\/turismo.uma.pt\\\/#website\",\"url\":\"https:\\\/\\\/turismo.uma.pt\\\/\",\"name\":\"Projeto Turismo\",\"description\":\"Universidade da Madeira\",\"potentialAction\":[{\"@type\":\"SearchAction\",\"target\":{\"@type\":\"EntryPoint\",\"urlTemplate\":\"https:\\\/\\\/turismo.uma.pt\\\/?s={search_term_string}\"},\"query-input\":{\"@type\":\"PropertyValueSpecification\",\"valueRequired\":true,\"valueName\":\"search_term_string\"}}],\"inLanguage\":\"pt-PT\"}]}<\/script>\n<!-- \/ Yoast SEO plugin. -->","yoast_head_json":{"title":"Forma\u00e7\u00e3o para Executivos em Gest\u00e3o do Turismo | 3\u00aa Edi\u00e7\u00e3o (2017) - Projeto Turismo","robots":{"index":"index","follow":"follow","max-snippet":"max-snippet:-1","max-image-preview":"max-image-preview:large","max-video-preview":"max-video-preview:-1"},"canonical":"https:\/\/turismo.uma.pt\/?page_id=731","og_locale":"pt_PT","og_type":"article","og_title":"Forma\u00e7\u00e3o para Executivos em Gest\u00e3o do Turismo | 3\u00aa Edi\u00e7\u00e3o (2017) - Projeto Turismo","og_description":"&nbsp; Apresenta\u00e7\u00e3o O Centro de Forma\u00e7\u00e3o e Investiga\u00e7\u00e3o em Turismo da Universidade da Madeira (CFIT-UMa), em parceira com da ACIF-CCIM, promove pelo terceiro ano consecutivo os cursos de curta dura\u00e7\u00e3o de Forma\u00e7\u00e3o para Executivos em Gest\u00e3o do Turismo. A 3\u00aa Edi\u00e7\u00e3o ser\u00e1 composta por dois programas, o Programa Geral em Gest\u00e3o do Turismo e o&hellip;","og_url":"https:\/\/turismo.uma.pt\/?page_id=731","og_site_name":"Projeto Turismo","article_modified_time":"2019-04-15T09:29:55+00:00","og_image":[{"url":"http:\/\/turismo.uma.pt\/wp-content\/uploads\/2015\/02\/download_brochura.png","type":"","width":"","height":""}],"twitter_card":"summary_large_image","twitter_misc":{"Tempo estimado de leitura":"1 minuto"},"schema":{"@context":"https:\/\/schema.org","@graph":[{"@type":"WebPage","@id":"https:\/\/turismo.uma.pt\/?page_id=731","url":"https:\/\/turismo.uma.pt\/?page_id=731","name":"Forma\u00e7\u00e3o para Executivos em Gest\u00e3o do Turismo | 3\u00aa Edi\u00e7\u00e3o (2017) - Projeto Turismo","isPartOf":{"@id":"https:\/\/turismo.uma.pt\/#website"},"primaryImageOfPage":{"@id":"https:\/\/turismo.uma.pt\/?page_id=731#primaryimage"},"image":{"@id":"https:\/\/turismo.uma.pt\/?page_id=731#primaryimage"},"thumbnailUrl":"http:\/\/turismo.uma.pt\/wp-content\/uploads\/2015\/02\/download_brochura.png","datePublished":"2016-04-08T13:23:46+00:00","dateModified":"2019-04-15T09:29:55+00:00","breadcrumb":{"@id":"https:\/\/turismo.uma.pt\/?page_id=731#breadcrumb"},"inLanguage":"pt-PT","potentialAction":[{"@type":"ReadAction","target":["https:\/\/turismo.uma.pt\/?page_id=731"]}]},{"@type":"ImageObject","inLanguage":"pt-PT","@id":"https:\/\/turismo.uma.pt\/?page_id=731#primaryimage","url":"http:\/\/turismo.uma.pt\/wp-content\/uploads\/2015\/02\/download_brochura.png","contentUrl":"http:\/\/turismo.uma.pt\/wp-content\/uploads\/2015\/02\/download_brochura.png"},{"@type":"BreadcrumbList","@id":"https:\/\/turismo.uma.pt\/?page_id=731#breadcrumb","itemListElement":[{"@type":"ListItem","position":1,"name":"Forma\u00e7\u00e3o para Executivos em Gest\u00e3o do Turismo","item":"https:\/\/turismo.uma.pt\/?page_id=11"},{"@type":"ListItem","position":2,"name":"Forma\u00e7\u00e3o para Executivos em Gest\u00e3o do Turismo | 3\u00aa Edi\u00e7\u00e3o (2017)"}]},{"@type":"WebSite","@id":"https:\/\/turismo.uma.pt\/#website","url":"https:\/\/turismo.uma.pt\/","name":"Projeto Turismo","description":"Universidade da Madeira","potentialAction":[{"@type":"SearchAction","target":{"@type":"EntryPoint","urlTemplate":"https:\/\/turismo.uma.pt\/?s={search_term_string}"},"query-input":{"@type":"PropertyValueSpecification","valueRequired":true,"valueName":"search_term_string"}}],"inLanguage":"pt-PT"}]}},"_links":{"self":[{"href":"https:\/\/turismo.uma.pt\/index.php?rest_route=\/wp\/v2\/pages\/731","targetHints":{"allow":["GET"]}}],"collection":[{"href":"https:\/\/turismo.uma.pt\/index.php?rest_route=\/wp\/v2\/pages"}],"about":[{"href":"https:\/\/turismo.uma.pt\/index.php?rest_route=\/wp\/v2\/types\/page"}],"author":[{"embeddable":true,"href":"https:\/\/turismo.uma.pt\/index.php?rest_route=\/wp\/v2\/users\/1"}],"replies":[{"embeddable":true,"href":"https:\/\/turismo.uma.pt\/index.php?rest_route=%2Fwp%2Fv2%2Fcomments&post=731"}],"version-history":[{"count":36,"href":"https:\/\/turismo.uma.pt\/index.php?rest_route=\/wp\/v2\/pages\/731\/revisions"}],"predecessor-version":[{"id":2368,"href":"https:\/\/turismo.uma.pt\/index.php?rest_route=\/wp\/v2\/pages\/731\/revisions\/2368"}],"up":[{"embeddable":true,"href":"https:\/\/turismo.uma.pt\/index.php?rest_route=\/wp\/v2\/pages\/11"}],"wp:attachment":[{"href":"https:\/\/turismo.uma.pt\/index.php?rest_route=%2Fwp%2Fv2%2Fmedia&parent=731"}],"curies":[{"name":"wp","href":"https:\/\/api.w.org\/{rel}","templated":true}]}}