{"id":798,"date":"2016-04-08T15:34:30","date_gmt":"2016-04-08T15:34:30","guid":{"rendered":"http:\/\/turismo.uma.pt\/?page_id=798"},"modified":"2017-07-25T11:20:16","modified_gmt":"2017-07-25T11:20:16","slug":"programa-avancado-de-formacao-em-gestao-do-turismo-2016","status":"publish","type":"page","link":"https:\/\/turismo.uma.pt\/?page_id=798","title":{"rendered":"Programa Avan\u00e7ado de Forma\u00e7\u00e3o em Gest\u00e3o do Turismo 2017"},"content":{"rendered":"<p><span style=\"color: #333399;\"><strong><span style=\"font-size: 12pt;\">Objetivos<\/span><\/strong><\/span><\/p>\n<p><span style=\"font-size: 12pt;\">Aprofundar ou atualizar conhecimentos ao n\u00edvel das t\u00e9cnicas de gest\u00e3o aplicadas em empresas do sector do turismo por forma a melhorar a sua competitividade e rendibilidade.<\/span><\/p>\n<p><span style=\"color: #333399; font-size: 12pt;\"><strong>Destinat\u00e1rios<\/strong><\/span><\/p>\n<p><span style=\"font-size: 12pt;\">Empres\u00e1rios, propriet\u00e1rios, quadros superiores e diretores de empresas ou de organiza\u00e7\u00f5es do sector do turismo, com ou sem forma\u00e7\u00e3o acad\u00e9mica superior, que pretendam aprofundar ou atualizar os seus conhecimentos.<\/span><\/p>\n<p><span style=\"font-size: 12pt; color: #333399;\"><strong>Cursos<\/strong><\/span><\/p>\n<p><a href=\"http:\/\/turismo.uma.pt\/wp-content\/uploads\/2017\/07\/FEX17_AVANCADO_v2.jpg\"><img loading=\"lazy\" decoding=\"async\" class=\"alignnone size-full wp-image-1199\" src=\"http:\/\/turismo.uma.pt\/wp-content\/uploads\/2017\/07\/FEX17_AVANCADO_v2.jpg\" alt=\"FEX17_AVANCADO_v2\" width=\"1172\" height=\"490\" srcset=\"https:\/\/turismo.uma.pt\/wp-content\/uploads\/2017\/07\/FEX17_AVANCADO_v2.jpg 1172w, https:\/\/turismo.uma.pt\/wp-content\/uploads\/2017\/07\/FEX17_AVANCADO_v2-300x125.jpg 300w, https:\/\/turismo.uma.pt\/wp-content\/uploads\/2017\/07\/FEX17_AVANCADO_v2-1024x428.jpg 1024w, https:\/\/turismo.uma.pt\/wp-content\/uploads\/2017\/07\/FEX17_AVANCADO_v2-624x261.jpg 624w\" sizes=\"auto, (max-width: 1172px) 100vw, 1172px\" \/><\/a><\/p>\n<p><strong><span style=\"color: #333399; font-size: 12pt;\">\u00a0Candidatura<\/span><\/strong><\/p>\n<p><span style=\"font-size: 12pt;\">As candidaturas\u00a0s\u00e3o efetuados atrav\u00e9s do preenchimento do formul\u00e1rio dispon\u00edvel online, selecionando a op\u00e7\u00e3o <span style=\"text-decoration: underline;\">Programa <\/span><span style=\"text-decoration: underline;\">Avan\u00e7ado <\/span><span style=\"text-decoration: underline;\">de Forma\u00e7\u00e3o <\/span>e o respetivo curso, at\u00e9 3 dias antes do in\u00edcio de cada curso.<\/span><\/p>\n<p><a href=\"https:\/\/tinyurl.com\/fex2017\"><img loading=\"lazy\" decoding=\"async\" class=\"alignnone size-full wp-image-108\" src=\"http:\/\/turismo.uma.pt\/wp-content\/uploads\/2015\/02\/formulario_candidatura.jpg\" alt=\"formulario_candidatura\" width=\"225\" height=\"87\" \/><\/a><\/p>\n","protected":false},"excerpt":{"rendered":"<p>Objetivos Aprofundar ou atualizar conhecimentos ao n\u00edvel das t\u00e9cnicas de gest\u00e3o aplicadas em empresas do sector do turismo por forma a melhorar a sua competitividade e rendibilidade. Destinat\u00e1rios Empres\u00e1rios, propriet\u00e1rios, quadros superiores e diretores de empresas ou de organiza\u00e7\u00f5es do sector do turismo, com ou sem forma\u00e7\u00e3o acad\u00e9mica superior, que pretendam aprofundar ou atualizar os&hellip;<\/p>\n","protected":false},"author":1,"featured_media":0,"parent":731,"menu_order":0,"comment_status":"closed","ping_status":"open","template":"","meta":{"_monsterinsights_skip_tracking":false,"_monsterinsights_sitenote_active":false,"_monsterinsights_sitenote_note":"","_monsterinsights_sitenote_category":0,"_mc_calendar":[],"footnotes":""},"class_list":["post-798","page","type-page","status-publish","hentry"],"yoast_head":"<!-- This site is optimized with the Yoast SEO plugin v27.4 - https:\/\/yoast.com\/product\/yoast-seo-wordpress\/ -->\n<title>Programa Avan\u00e7ado de Forma\u00e7\u00e3o em Gest\u00e3o do Turismo 2017 - Projeto Turismo<\/title>\n<meta name=\"robots\" content=\"index, follow, max-snippet:-1, max-image-preview:large, max-video-preview:-1\" \/>\n<link rel=\"canonical\" href=\"https:\/\/turismo.uma.pt\/?page_id=798\" \/>\n<meta property=\"og:locale\" content=\"pt_PT\" \/>\n<meta property=\"og:type\" content=\"article\" \/>\n<meta property=\"og:title\" content=\"Programa Avan\u00e7ado de Forma\u00e7\u00e3o em Gest\u00e3o do Turismo 2017 - Projeto Turismo\" \/>\n<meta property=\"og:description\" content=\"Objetivos Aprofundar ou atualizar conhecimentos ao n\u00edvel das t\u00e9cnicas de gest\u00e3o aplicadas em empresas do sector do turismo por forma a melhorar a sua competitividade e rendibilidade. Destinat\u00e1rios Empres\u00e1rios, propriet\u00e1rios, quadros superiores e diretores de empresas ou de organiza\u00e7\u00f5es do sector do turismo, com ou sem forma\u00e7\u00e3o acad\u00e9mica superior, que pretendam aprofundar ou atualizar os&hellip;\" \/>\n<meta property=\"og:url\" content=\"https:\/\/turismo.uma.pt\/?page_id=798\" \/>\n<meta property=\"og:site_name\" content=\"Projeto Turismo\" \/>\n<meta property=\"article:modified_time\" content=\"2017-07-25T11:20:16+00:00\" \/>\n<meta property=\"og:image\" content=\"http:\/\/turismo.uma.pt\/wp-content\/uploads\/2017\/07\/FEX17_AVANCADO_v2.jpg\" \/>\n<meta name=\"twitter:card\" content=\"summary_large_image\" \/>\n<meta name=\"twitter:label1\" content=\"Tempo estimado de leitura\" \/>\n\t<meta name=\"twitter:data1\" content=\"1 minuto\" \/>\n<script type=\"application\/ld+json\" class=\"yoast-schema-graph\">{\"@context\":\"https:\\\/\\\/schema.org\",\"@graph\":[{\"@type\":\"WebPage\",\"@id\":\"https:\\\/\\\/turismo.uma.pt\\\/?page_id=798\",\"url\":\"https:\\\/\\\/turismo.uma.pt\\\/?page_id=798\",\"name\":\"Programa Avan\u00e7ado de Forma\u00e7\u00e3o em Gest\u00e3o do Turismo 2017 - Projeto Turismo\",\"isPartOf\":{\"@id\":\"https:\\\/\\\/turismo.uma.pt\\\/#website\"},\"primaryImageOfPage\":{\"@id\":\"https:\\\/\\\/turismo.uma.pt\\\/?page_id=798#primaryimage\"},\"image\":{\"@id\":\"https:\\\/\\\/turismo.uma.pt\\\/?page_id=798#primaryimage\"},\"thumbnailUrl\":\"http:\\\/\\\/turismo.uma.pt\\\/wp-content\\\/uploads\\\/2017\\\/07\\\/FEX17_AVANCADO_v2.jpg\",\"datePublished\":\"2016-04-08T15:34:30+00:00\",\"dateModified\":\"2017-07-25T11:20:16+00:00\",\"breadcrumb\":{\"@id\":\"https:\\\/\\\/turismo.uma.pt\\\/?page_id=798#breadcrumb\"},\"inLanguage\":\"pt-PT\",\"potentialAction\":[{\"@type\":\"ReadAction\",\"target\":[\"https:\\\/\\\/turismo.uma.pt\\\/?page_id=798\"]}]},{\"@type\":\"ImageObject\",\"inLanguage\":\"pt-PT\",\"@id\":\"https:\\\/\\\/turismo.uma.pt\\\/?page_id=798#primaryimage\",\"url\":\"http:\\\/\\\/turismo.uma.pt\\\/wp-content\\\/uploads\\\/2017\\\/07\\\/FEX17_AVANCADO_v2.jpg\",\"contentUrl\":\"http:\\\/\\\/turismo.uma.pt\\\/wp-content\\\/uploads\\\/2017\\\/07\\\/FEX17_AVANCADO_v2.jpg\"},{\"@type\":\"BreadcrumbList\",\"@id\":\"https:\\\/\\\/turismo.uma.pt\\\/?page_id=798#breadcrumb\",\"itemListElement\":[{\"@type\":\"ListItem\",\"position\":1,\"name\":\"Forma\u00e7\u00e3o para Executivos em Gest\u00e3o do Turismo\",\"item\":\"https:\\\/\\\/turismo.uma.pt\\\/?page_id=11\"},{\"@type\":\"ListItem\",\"position\":2,\"name\":\"Forma\u00e7\u00e3o para Executivos em Gest\u00e3o do Turismo | 3\u00aa Edi\u00e7\u00e3o (2017)\",\"item\":\"https:\\\/\\\/turismo.uma.pt\\\/?page_id=731\"},{\"@type\":\"ListItem\",\"position\":3,\"name\":\"Programa Avan\u00e7ado de Forma\u00e7\u00e3o em Gest\u00e3o do Turismo 2017\"}]},{\"@type\":\"WebSite\",\"@id\":\"https:\\\/\\\/turismo.uma.pt\\\/#website\",\"url\":\"https:\\\/\\\/turismo.uma.pt\\\/\",\"name\":\"Projeto Turismo\",\"description\":\"Universidade da Madeira\",\"potentialAction\":[{\"@type\":\"SearchAction\",\"target\":{\"@type\":\"EntryPoint\",\"urlTemplate\":\"https:\\\/\\\/turismo.uma.pt\\\/?s={search_term_string}\"},\"query-input\":{\"@type\":\"PropertyValueSpecification\",\"valueRequired\":true,\"valueName\":\"search_term_string\"}}],\"inLanguage\":\"pt-PT\"}]}<\/script>\n<!-- \/ Yoast SEO plugin. -->","yoast_head_json":{"title":"Programa Avan\u00e7ado de Forma\u00e7\u00e3o em Gest\u00e3o do Turismo 2017 - Projeto Turismo","robots":{"index":"index","follow":"follow","max-snippet":"max-snippet:-1","max-image-preview":"max-image-preview:large","max-video-preview":"max-video-preview:-1"},"canonical":"https:\/\/turismo.uma.pt\/?page_id=798","og_locale":"pt_PT","og_type":"article","og_title":"Programa Avan\u00e7ado de Forma\u00e7\u00e3o em Gest\u00e3o do Turismo 2017 - Projeto Turismo","og_description":"Objetivos Aprofundar ou atualizar conhecimentos ao n\u00edvel das t\u00e9cnicas de gest\u00e3o aplicadas em empresas do sector do turismo por forma a melhorar a sua competitividade e rendibilidade. Destinat\u00e1rios Empres\u00e1rios, propriet\u00e1rios, quadros superiores e diretores de empresas ou de organiza\u00e7\u00f5es do sector do turismo, com ou sem forma\u00e7\u00e3o acad\u00e9mica superior, que pretendam aprofundar ou atualizar os&hellip;","og_url":"https:\/\/turismo.uma.pt\/?page_id=798","og_site_name":"Projeto Turismo","article_modified_time":"2017-07-25T11:20:16+00:00","og_image":[{"url":"http:\/\/turismo.uma.pt\/wp-content\/uploads\/2017\/07\/FEX17_AVANCADO_v2.jpg","type":"","width":"","height":""}],"twitter_card":"summary_large_image","twitter_misc":{"Tempo estimado de leitura":"1 minuto"},"schema":{"@context":"https:\/\/schema.org","@graph":[{"@type":"WebPage","@id":"https:\/\/turismo.uma.pt\/?page_id=798","url":"https:\/\/turismo.uma.pt\/?page_id=798","name":"Programa Avan\u00e7ado de Forma\u00e7\u00e3o em Gest\u00e3o do Turismo 2017 - Projeto Turismo","isPartOf":{"@id":"https:\/\/turismo.uma.pt\/#website"},"primaryImageOfPage":{"@id":"https:\/\/turismo.uma.pt\/?page_id=798#primaryimage"},"image":{"@id":"https:\/\/turismo.uma.pt\/?page_id=798#primaryimage"},"thumbnailUrl":"http:\/\/turismo.uma.pt\/wp-content\/uploads\/2017\/07\/FEX17_AVANCADO_v2.jpg","datePublished":"2016-04-08T15:34:30+00:00","dateModified":"2017-07-25T11:20:16+00:00","breadcrumb":{"@id":"https:\/\/turismo.uma.pt\/?page_id=798#breadcrumb"},"inLanguage":"pt-PT","potentialAction":[{"@type":"ReadAction","target":["https:\/\/turismo.uma.pt\/?page_id=798"]}]},{"@type":"ImageObject","inLanguage":"pt-PT","@id":"https:\/\/turismo.uma.pt\/?page_id=798#primaryimage","url":"http:\/\/turismo.uma.pt\/wp-content\/uploads\/2017\/07\/FEX17_AVANCADO_v2.jpg","contentUrl":"http:\/\/turismo.uma.pt\/wp-content\/uploads\/2017\/07\/FEX17_AVANCADO_v2.jpg"},{"@type":"BreadcrumbList","@id":"https:\/\/turismo.uma.pt\/?page_id=798#breadcrumb","itemListElement":[{"@type":"ListItem","position":1,"name":"Forma\u00e7\u00e3o para Executivos em Gest\u00e3o do Turismo","item":"https:\/\/turismo.uma.pt\/?page_id=11"},{"@type":"ListItem","position":2,"name":"Forma\u00e7\u00e3o para Executivos em Gest\u00e3o do Turismo | 3\u00aa Edi\u00e7\u00e3o (2017)","item":"https:\/\/turismo.uma.pt\/?page_id=731"},{"@type":"ListItem","position":3,"name":"Programa Avan\u00e7ado de Forma\u00e7\u00e3o em Gest\u00e3o do Turismo 2017"}]},{"@type":"WebSite","@id":"https:\/\/turismo.uma.pt\/#website","url":"https:\/\/turismo.uma.pt\/","name":"Projeto Turismo","description":"Universidade da Madeira","potentialAction":[{"@type":"SearchAction","target":{"@type":"EntryPoint","urlTemplate":"https:\/\/turismo.uma.pt\/?s={search_term_string}"},"query-input":{"@type":"PropertyValueSpecification","valueRequired":true,"valueName":"search_term_string"}}],"inLanguage":"pt-PT"}]}},"_links":{"self":[{"href":"https:\/\/turismo.uma.pt\/index.php?rest_route=\/wp\/v2\/pages\/798","targetHints":{"allow":["GET"]}}],"collection":[{"href":"https:\/\/turismo.uma.pt\/index.php?rest_route=\/wp\/v2\/pages"}],"about":[{"href":"https:\/\/turismo.uma.pt\/index.php?rest_route=\/wp\/v2\/types\/page"}],"author":[{"embeddable":true,"href":"https:\/\/turismo.uma.pt\/index.php?rest_route=\/wp\/v2\/users\/1"}],"replies":[{"embeddable":true,"href":"https:\/\/turismo.uma.pt\/index.php?rest_route=%2Fwp%2Fv2%2Fcomments&post=798"}],"version-history":[{"count":14,"href":"https:\/\/turismo.uma.pt\/index.php?rest_route=\/wp\/v2\/pages\/798\/revisions"}],"predecessor-version":[{"id":1202,"href":"https:\/\/turismo.uma.pt\/index.php?rest_route=\/wp\/v2\/pages\/798\/revisions\/1202"}],"up":[{"embeddable":true,"href":"https:\/\/turismo.uma.pt\/index.php?rest_route=\/wp\/v2\/pages\/731"}],"wp:attachment":[{"href":"https:\/\/turismo.uma.pt\/index.php?rest_route=%2Fwp%2Fv2%2Fmedia&parent=798"}],"curies":[{"name":"wp","href":"https:\/\/api.w.org\/{rel}","templated":true}]}}