{"id":883,"date":"2016-05-03T11:02:17","date_gmt":"2016-05-03T11:02:17","guid":{"rendered":"http:\/\/turismo.uma.pt\/?page_id=883"},"modified":"2019-03-20T18:09:15","modified_gmt":"2019-03-20T18:09:15","slug":"acesso-restrito-2","status":"publish","type":"page","link":"https:\/\/turismo.uma.pt\/?page_id=883","title":{"rendered":"Acesso restrito"},"content":{"rendered":"<p>Aceda \u00e0 documenta\u00e7\u00e3o de apoio do Programa de Forma\u00e7\u00e3o para Executivos em Gest\u00e3o do Turismo:<\/p>\n<ul>\n<li><a title=\"Material 3\u00aa Edi\u00e7\u00e3o\" href=\"http:\/\/turismo.uma.pt\/?page_id=1135\">Edi\u00e7\u00e3o 2017<\/a><\/li>\n<\/ul>\n","protected":false},"excerpt":{"rendered":"<p>Aceda \u00e0 documenta\u00e7\u00e3o de apoio do Programa de Forma\u00e7\u00e3o para Executivos em Gest\u00e3o do Turismo: Edi\u00e7\u00e3o 2017<\/p>\n","protected":false},"author":1,"featured_media":0,"parent":0,"menu_order":0,"comment_status":"closed","ping_status":"open","template":"fullwidth.php","meta":{"_monsterinsights_skip_tracking":false,"_monsterinsights_sitenote_active":false,"_monsterinsights_sitenote_note":"","_monsterinsights_sitenote_category":0,"_mc_calendar":[]},"yoast_head":"<!-- This site is optimized with the Yoast SEO plugin v21.1 - https:\/\/yoast.com\/wordpress\/plugins\/seo\/ -->\n<title>Acesso restrito - Projeto Turismo<\/title>\n<meta name=\"robots\" content=\"index, follow, max-snippet:-1, max-image-preview:large, max-video-preview:-1\" \/>\n<link rel=\"canonical\" href=\"https:\/\/turismo.uma.pt\/?page_id=883\" \/>\n<meta property=\"og:locale\" content=\"pt_PT\" \/>\n<meta property=\"og:type\" content=\"article\" \/>\n<meta property=\"og:title\" content=\"Acesso restrito - Projeto Turismo\" \/>\n<meta property=\"og:description\" content=\"Aceda \u00e0 documenta\u00e7\u00e3o de apoio do Programa de Forma\u00e7\u00e3o para Executivos em Gest\u00e3o do Turismo: Edi\u00e7\u00e3o 2017\" \/>\n<meta property=\"og:url\" content=\"https:\/\/turismo.uma.pt\/?page_id=883\" \/>\n<meta property=\"og:site_name\" content=\"Projeto Turismo\" \/>\n<meta property=\"article:modified_time\" content=\"2019-03-20T18:09:15+00:00\" \/>\n<meta name=\"twitter:card\" content=\"summary_large_image\" \/>\n<script type=\"application\/ld+json\" class=\"yoast-schema-graph\">{\"@context\":\"https:\/\/schema.org\",\"@graph\":[{\"@type\":\"WebPage\",\"@id\":\"https:\/\/turismo.uma.pt\/?page_id=883\",\"url\":\"https:\/\/turismo.uma.pt\/?page_id=883\",\"name\":\"Acesso restrito - Projeto Turismo\",\"isPartOf\":{\"@id\":\"https:\/\/turismo.uma.pt\/#website\"},\"datePublished\":\"2016-05-03T11:02:17+00:00\",\"dateModified\":\"2019-03-20T18:09:15+00:00\",\"inLanguage\":\"pt-PT\",\"potentialAction\":[{\"@type\":\"ReadAction\",\"target\":[\"https:\/\/turismo.uma.pt\/?page_id=883\"]}]},{\"@type\":\"WebSite\",\"@id\":\"https:\/\/turismo.uma.pt\/#website\",\"url\":\"https:\/\/turismo.uma.pt\/\",\"name\":\"Projeto Turismo\",\"description\":\"Universidade da Madeira\",\"potentialAction\":[{\"@type\":\"SearchAction\",\"target\":{\"@type\":\"EntryPoint\",\"urlTemplate\":\"https:\/\/turismo.uma.pt\/?s={search_term_string}\"},\"query-input\":\"required name=search_term_string\"}],\"inLanguage\":\"pt-PT\"}]}<\/script>\n<!-- \/ Yoast SEO plugin. -->","yoast_head_json":{"title":"Acesso restrito - Projeto Turismo","robots":{"index":"index","follow":"follow","max-snippet":"max-snippet:-1","max-image-preview":"max-image-preview:large","max-video-preview":"max-video-preview:-1"},"canonical":"https:\/\/turismo.uma.pt\/?page_id=883","og_locale":"pt_PT","og_type":"article","og_title":"Acesso restrito - Projeto Turismo","og_description":"Aceda \u00e0 documenta\u00e7\u00e3o de apoio do Programa de Forma\u00e7\u00e3o para Executivos em Gest\u00e3o do Turismo: Edi\u00e7\u00e3o 2017","og_url":"https:\/\/turismo.uma.pt\/?page_id=883","og_site_name":"Projeto Turismo","article_modified_time":"2019-03-20T18:09:15+00:00","twitter_card":"summary_large_image","schema":{"@context":"https:\/\/schema.org","@graph":[{"@type":"WebPage","@id":"https:\/\/turismo.uma.pt\/?page_id=883","url":"https:\/\/turismo.uma.pt\/?page_id=883","name":"Acesso restrito - Projeto Turismo","isPartOf":{"@id":"https:\/\/turismo.uma.pt\/#website"},"datePublished":"2016-05-03T11:02:17+00:00","dateModified":"2019-03-20T18:09:15+00:00","inLanguage":"pt-PT","potentialAction":[{"@type":"ReadAction","target":["https:\/\/turismo.uma.pt\/?page_id=883"]}]},{"@type":"WebSite","@id":"https:\/\/turismo.uma.pt\/#website","url":"https:\/\/turismo.uma.pt\/","name":"Projeto Turismo","description":"Universidade da Madeira","potentialAction":[{"@type":"SearchAction","target":{"@type":"EntryPoint","urlTemplate":"https:\/\/turismo.uma.pt\/?s={search_term_string}"},"query-input":"required name=search_term_string"}],"inLanguage":"pt-PT"}]}},"_links":{"self":[{"href":"https:\/\/turismo.uma.pt\/index.php?rest_route=\/wp\/v2\/pages\/883"}],"collection":[{"href":"https:\/\/turismo.uma.pt\/index.php?rest_route=\/wp\/v2\/pages"}],"about":[{"href":"https:\/\/turismo.uma.pt\/index.php?rest_route=\/wp\/v2\/types\/page"}],"author":[{"embeddable":true,"href":"https:\/\/turismo.uma.pt\/index.php?rest_route=\/wp\/v2\/users\/1"}],"replies":[{"embeddable":true,"href":"https:\/\/turismo.uma.pt\/index.php?rest_route=%2Fwp%2Fv2%2Fcomments&post=883"}],"version-history":[{"count":8,"href":"https:\/\/turismo.uma.pt\/index.php?rest_route=\/wp\/v2\/pages\/883\/revisions"}],"predecessor-version":[{"id":2085,"href":"https:\/\/turismo.uma.pt\/index.php?rest_route=\/wp\/v2\/pages\/883\/revisions\/2085"}],"wp:attachment":[{"href":"https:\/\/turismo.uma.pt\/index.php?rest_route=%2Fwp%2Fv2%2Fmedia&parent=883"}],"curies":[{"name":"wp","href":"https:\/\/api.w.org\/{rel}","templated":true}]}}