{"id":963,"date":"2016-07-18T14:08:23","date_gmt":"2016-07-18T14:08:23","guid":{"rendered":"http:\/\/turismo.uma.pt\/?page_id=963"},"modified":"2018-04-17T09:31:55","modified_gmt":"2018-04-17T09:31:55","slug":"relatorios","status":"publish","type":"page","link":"https:\/\/turismo.uma.pt\/?page_id=963","title":{"rendered":"Relat\u00f3rios"},"content":{"rendered":"<p>&nbsp;<\/p>\n<p style=\"text-align: justify;\"><strong>Relat\u00f3rios de Atividades:<\/strong><\/p>\n<ul>\n<li style=\"text-align: justify;\">2013-2014: <a style=\"color: #218dad;\" href=\"http:\/\/turismo.uma.pt\/wp-content\/uploads\/2016\/09\/ot_rel_ativ_2013_14.pdf\" target=\"_blank\" rel=\"noopener\">documento s\u00edntese<\/a> | <a style=\"color: #218dad;\" href=\"http:\/\/turismo.uma.pt\/wp-content\/uploads\/2016\/09\/OT_UMavers\u00e3ofinal30Out2013.pdf\" target=\"_blank\" rel=\"noopener\">documento completo<\/a><\/li>\n<li style=\"text-align: justify;\">2011-2012: <a style=\"color: #218dad;\" href=\"http:\/\/turismo.uma.pt\/wp-content\/uploads\/2016\/09\/relatorio_turismo_uma_2012.pdf\" target=\"_blank\" rel=\"noopener\">documento completo<\/a><\/li>\n<\/ul>\n<p>Consulte <a style=\"color: #218dad;\" href=\"http:\/\/turismo.uma.pt\/wp-content\/uploads\/2016\/09\/Produ\u00e7\u00e3o-cient\u00edfica-OTUma-2010-2014.pdf\" target=\"_blank\" rel=\"noopener\">aqui<\/a> a Produ\u00e7\u00e3o Cient\u00edfica dos Membros do OT-UMa de 2010 a 2014.<\/p>\n","protected":false},"excerpt":{"rendered":"<p>&nbsp; Relat\u00f3rios de Atividades: 2013-2014: documento s\u00edntese | documento completo 2011-2012: documento completo Consulte aqui a Produ\u00e7\u00e3o Cient\u00edfica dos Membros do OT-UMa de 2010 a 2014.<\/p>\n","protected":false},"author":1,"featured_media":0,"parent":0,"menu_order":0,"comment_status":"closed","ping_status":"closed","template":"fullwidth.php","meta":{"_monsterinsights_skip_tracking":false,"_monsterinsights_sitenote_active":false,"_monsterinsights_sitenote_note":"","_monsterinsights_sitenote_category":0,"_mc_calendar":[]},"yoast_head":"<!-- This site is optimized with the Yoast SEO plugin v21.1 - https:\/\/yoast.com\/wordpress\/plugins\/seo\/ -->\n<title>Relat\u00f3rios - Projeto Turismo<\/title>\n<meta name=\"description\" content=\"O foco das pesquisas tem incidido sobre aspetos gen\u00e9ricos, permitindo identificar tend\u00eancias globais e caracterizar conceitos centrais no \u00e2mbito do turismo e lazer.\" \/>\n<meta name=\"robots\" content=\"index, follow, max-snippet:-1, max-image-preview:large, max-video-preview:-1\" \/>\n<link rel=\"canonical\" href=\"https:\/\/turismo.uma.pt\/?page_id=963\" \/>\n<meta property=\"og:locale\" content=\"pt_PT\" \/>\n<meta property=\"og:type\" content=\"article\" \/>\n<meta property=\"og:title\" content=\"Relat\u00f3rios - Projeto Turismo\" \/>\n<meta property=\"og:description\" content=\"O foco das pesquisas tem incidido sobre aspetos gen\u00e9ricos, permitindo identificar tend\u00eancias globais e caracterizar conceitos centrais no \u00e2mbito do turismo e lazer.\" \/>\n<meta property=\"og:url\" content=\"https:\/\/turismo.uma.pt\/?page_id=963\" \/>\n<meta property=\"og:site_name\" content=\"Projeto Turismo\" \/>\n<meta property=\"article:modified_time\" content=\"2018-04-17T09:31:55+00:00\" \/>\n<meta name=\"twitter:card\" content=\"summary_large_image\" \/>\n<script type=\"application\/ld+json\" class=\"yoast-schema-graph\">{\"@context\":\"https:\/\/schema.org\",\"@graph\":[{\"@type\":\"WebPage\",\"@id\":\"https:\/\/turismo.uma.pt\/?page_id=963\",\"url\":\"https:\/\/turismo.uma.pt\/?page_id=963\",\"name\":\"Relat\u00f3rios - Projeto Turismo\",\"isPartOf\":{\"@id\":\"https:\/\/turismo.uma.pt\/#website\"},\"datePublished\":\"2016-07-18T14:08:23+00:00\",\"dateModified\":\"2018-04-17T09:31:55+00:00\",\"description\":\"O foco das pesquisas tem incidido sobre aspetos gen\u00e9ricos, permitindo identificar tend\u00eancias globais e caracterizar conceitos centrais no \u00e2mbito do turismo e lazer.\",\"inLanguage\":\"pt-PT\",\"potentialAction\":[{\"@type\":\"ReadAction\",\"target\":[\"https:\/\/turismo.uma.pt\/?page_id=963\"]}]},{\"@type\":\"WebSite\",\"@id\":\"https:\/\/turismo.uma.pt\/#website\",\"url\":\"https:\/\/turismo.uma.pt\/\",\"name\":\"Projeto Turismo\",\"description\":\"Universidade da Madeira\",\"potentialAction\":[{\"@type\":\"SearchAction\",\"target\":{\"@type\":\"EntryPoint\",\"urlTemplate\":\"https:\/\/turismo.uma.pt\/?s={search_term_string}\"},\"query-input\":\"required name=search_term_string\"}],\"inLanguage\":\"pt-PT\"}]}<\/script>\n<!-- \/ Yoast SEO plugin. -->","yoast_head_json":{"title":"Relat\u00f3rios - Projeto Turismo","description":"O foco das pesquisas tem incidido sobre aspetos gen\u00e9ricos, permitindo identificar tend\u00eancias globais e caracterizar conceitos centrais no \u00e2mbito do turismo e lazer.","robots":{"index":"index","follow":"follow","max-snippet":"max-snippet:-1","max-image-preview":"max-image-preview:large","max-video-preview":"max-video-preview:-1"},"canonical":"https:\/\/turismo.uma.pt\/?page_id=963","og_locale":"pt_PT","og_type":"article","og_title":"Relat\u00f3rios - Projeto Turismo","og_description":"O foco das pesquisas tem incidido sobre aspetos gen\u00e9ricos, permitindo identificar tend\u00eancias globais e caracterizar conceitos centrais no \u00e2mbito do turismo e lazer.","og_url":"https:\/\/turismo.uma.pt\/?page_id=963","og_site_name":"Projeto Turismo","article_modified_time":"2018-04-17T09:31:55+00:00","twitter_card":"summary_large_image","schema":{"@context":"https:\/\/schema.org","@graph":[{"@type":"WebPage","@id":"https:\/\/turismo.uma.pt\/?page_id=963","url":"https:\/\/turismo.uma.pt\/?page_id=963","name":"Relat\u00f3rios - Projeto Turismo","isPartOf":{"@id":"https:\/\/turismo.uma.pt\/#website"},"datePublished":"2016-07-18T14:08:23+00:00","dateModified":"2018-04-17T09:31:55+00:00","description":"O foco das pesquisas tem incidido sobre aspetos gen\u00e9ricos, permitindo identificar tend\u00eancias globais e caracterizar conceitos centrais no \u00e2mbito do turismo e lazer.","inLanguage":"pt-PT","potentialAction":[{"@type":"ReadAction","target":["https:\/\/turismo.uma.pt\/?page_id=963"]}]},{"@type":"WebSite","@id":"https:\/\/turismo.uma.pt\/#website","url":"https:\/\/turismo.uma.pt\/","name":"Projeto Turismo","description":"Universidade da Madeira","potentialAction":[{"@type":"SearchAction","target":{"@type":"EntryPoint","urlTemplate":"https:\/\/turismo.uma.pt\/?s={search_term_string}"},"query-input":"required name=search_term_string"}],"inLanguage":"pt-PT"}]}},"_links":{"self":[{"href":"https:\/\/turismo.uma.pt\/index.php?rest_route=\/wp\/v2\/pages\/963"}],"collection":[{"href":"https:\/\/turismo.uma.pt\/index.php?rest_route=\/wp\/v2\/pages"}],"about":[{"href":"https:\/\/turismo.uma.pt\/index.php?rest_route=\/wp\/v2\/types\/page"}],"author":[{"embeddable":true,"href":"https:\/\/turismo.uma.pt\/index.php?rest_route=\/wp\/v2\/users\/1"}],"replies":[{"embeddable":true,"href":"https:\/\/turismo.uma.pt\/index.php?rest_route=%2Fwp%2Fv2%2Fcomments&post=963"}],"version-history":[{"count":12,"href":"https:\/\/turismo.uma.pt\/index.php?rest_route=\/wp\/v2\/pages\/963\/revisions"}],"predecessor-version":[{"id":2291,"href":"https:\/\/turismo.uma.pt\/index.php?rest_route=\/wp\/v2\/pages\/963\/revisions\/2291"}],"wp:attachment":[{"href":"https:\/\/turismo.uma.pt\/index.php?rest_route=%2Fwp%2Fv2%2Fmedia&parent=963"}],"curies":[{"name":"wp","href":"https:\/\/api.w.org\/{rel}","templated":true}]}}